{"id":54945,"date":"2025-10-21T14:25:33","date_gmt":"2025-10-21T14:25:33","guid":{"rendered":"https:\/\/skinstudio.ee\/?post_type=product&#038;p=54945"},"modified":"2025-12-30T17:05:07","modified_gmt":"2025-12-30T17:05:07","slug":"brightening-peel-booster","status":"publish","type":"product","link":"https:\/\/skinstudio.ee\/lv\/catalog\/mesoestetic\/brightening-peel-booster\/","title":{"rendered":"Brightening Peel Booster"},"content":{"rendered":"<p data-start=\"173\" data-end=\"623\">Viegls atjaunojo\u0161s g\u0113ls ar izgaismojo\u0161u un izl\u012bdzino\u0161u iedarb\u012bbu, kas paredz\u0113ts \u0101das mirdzuma, gluduma un vienm\u0113r\u012bga to\u0146a atjauno\u0161anai. Mesoestetic Brightening Peel Booster apvieno glikolsk\u0101bi un fit\u012bnsk\u0101bi, radot sp\u0113c\u012bgu siner\u0123isku efektu: glikolsk\u0101be maigi noloba un stimul\u0113 \u0161\u016bnu atjauno\u0161anos, savuk\u0101rt fit\u012bnsk\u0101be nodro\u0161ina antioksid\u0113jo\u0161u un depigment\u0113jo\u0161u iedarb\u012bbu. Kop\u0101 t\u0101s samazina pigment\u0101ciju, izl\u012bdzina \u0101das toni un uzlabo kop\u0113jo tekst\u016bru.<\/p>\n<p data-start=\"625\" data-end=\"955\">Formula uzlabo \u0101das sp\u0113ju saglab\u0101t mitrumu un stimul\u0113 \u0161\u016bnu atjauno\u0161anos, samazinot p\u0113ciekaisuma plankumus un nel\u012bdzenumus. P\u0113c lieto\u0161anas poras k\u013c\u016bst maz\u0101k paman\u0101mas, \u0101da \u2013 glud\u0101ka, t\u012br\u0101ka un starojo\u0161\u0101ka. Regul\u0101ri lietojot, Mesoestetic Brightening Peel Booster redzami izl\u012bdzina sejas toni un pie\u0161\u0137ir vesel\u012bgu, dabisku mirdzumu.<\/p>\n<p data-start=\"957\" data-end=\"977\"><strong data-start=\"957\" data-end=\"969\">Tilpums:<\/strong> 50 ml<\/p>\n","protected":false},"excerpt":{"rendered":"<p data-start=\"1167\" data-end=\"1230\">Izgaismojo\u0161s p\u012blinga g\u0113ls vienm\u0113r\u012bgam tonim un mirdzo\u0161ai \u0101dai<\/p>\n<h2 data-start=\"1232\" data-end=\"1521\"><strong data-start=\"1232\" data-end=\"1283\">Mesoestetic &#8211; Brightening Peel Booster \u012bpa\u0161\u012bbas<\/strong><\/h2>\n<p data-start=\"1232\" data-end=\"1521\">\u2714\ufe0f Izl\u012bdzina toni un samazina pigment\u0101cijas plankumus<br data-start=\"1339\" data-end=\"1342\" \/>\u2714\ufe0f Aktiviz\u0113 \u0161\u016bnu atjauno\u0161anos un padara \u0101du gludu<br data-start=\"1391\" data-end=\"1394\" \/>\u2714\ufe0f Uzlabo mitrin\u0101\u0161anu un elast\u012bbu<br data-start=\"1427\" data-end=\"1430\" \/>\u2714\ufe0f Samazina poras un pie\u0161\u0137ir mirdzumu<br data-start=\"1467\" data-end=\"1470\" \/>\u2714\ufe0f Nov\u0113r\u0161 jaunu pigment\u0101cijas plankumu veido\u0161anos<\/p>\n","protected":false},"featured_media":66939,"template":"","meta":[],"pwb-brand":[1132],"product_brand":[],"product_cat":[715,749,743,751],"product_tag":[],"giftcard-category":[],"class_list":{"0":"post-54945","1":"product","2":"type-product","3":"status-publish","4":"has-post-thumbnail","6":"pwb-brand-mesoestetic","7":"product_cat-attirisana","8":"product_cat-novecojosa-ada","9":"product_cat-paplasinatas-poras","10":"product_cat-pigmentacija-lv","12":"first","13":"instock","14":"taxable","15":"shipping-taxable","16":"purchasable","17":"product-type-simple"},"acf":[],"brands":[{"id":1132,"name":"Mesoestetic","slug":"mesoestetic"}],"_links":{"self":[{"href":"https:\/\/skinstudio.ee\/lv\/wp-json\/wp\/v2\/product\/54945","targetHints":{"allow":["GET"]}}],"collection":[{"href":"https:\/\/skinstudio.ee\/lv\/wp-json\/wp\/v2\/product"}],"about":[{"href":"https:\/\/skinstudio.ee\/lv\/wp-json\/wp\/v2\/types\/product"}],"version-history":[{"count":0,"href":"https:\/\/skinstudio.ee\/lv\/wp-json\/wp\/v2\/product\/54945\/revisions"}],"wp:featuredmedia":[{"embeddable":true,"href":"https:\/\/skinstudio.ee\/lv\/wp-json\/wp\/v2\/media\/66939"}],"wp:attachment":[{"href":"https:\/\/skinstudio.ee\/lv\/wp-json\/wp\/v2\/media?parent=54945"}],"wp:term":[{"taxonomy":"pwb-brand","embeddable":true,"href":"https:\/\/skinstudio.ee\/lv\/wp-json\/wp\/v2\/pwb-brand?post=54945"},{"taxonomy":"product_brand","embeddable":true,"href":"https:\/\/skinstudio.ee\/lv\/wp-json\/wp\/v2\/product_brand?post=54945"},{"taxonomy":"product_cat","embeddable":true,"href":"https:\/\/skinstudio.ee\/lv\/wp-json\/wp\/v2\/product_cat?post=54945"},{"taxonomy":"product_tag","embeddable":true,"href":"https:\/\/skinstudio.ee\/lv\/wp-json\/wp\/v2\/product_tag?post=54945"},{"taxonomy":"giftcard-category","embeddable":true,"href":"https:\/\/skinstudio.ee\/lv\/wp-json\/wp\/v2\/giftcard-category?post=54945"}],"curies":[{"name":"wp","href":"https:\/\/api.w.org\/{rel}","templated":true}]}}