{"id":54961,"date":"2025-10-21T14:33:11","date_gmt":"2025-10-21T14:33:11","guid":{"rendered":"https:\/\/skinstudio.ee\/?post_type=product&#038;p=54961"},"modified":"2025-12-30T17:05:07","modified_gmt":"2025-12-30T17:05:07","slug":"glycolic-e-f-ampoules","status":"publish","type":"product","link":"https:\/\/skinstudio.ee\/lv\/catalog\/mesoestetic\/glycolic-e-f-ampoules\/","title":{"rendered":"Glycolic + E + F Ampoules"},"content":{"rendered":"<p data-start=\"210\" data-end=\"573\">Intens\u012bvas atjaunojo\u0161as ampulas ar glikolsk\u0101bi un vitam\u012bniem E un F, kas paredz\u0113tas \u0101das atjauno\u0161anai, to\u0146a izl\u012bdzin\u0101\u0161anai un dabisk\u0101 mirdzuma atjauno\u0161anai. Mesoestetic Glycolic + E + F Ampoules nodro\u0161ina visaptvero\u0161u iedarb\u012bbu \u2013 t\u0101s maigi noloba, dzi\u013ci baro un aizsarg\u0101 \u0101du no oksidat\u012bv\u0101 stresa. P\u0113c lieto\u0161anas \u0101da k\u013c\u016bst glud\u0101ka, stingr\u0101ka un redzami svaig\u0101ka.<\/p>\n<p data-start=\"575\" data-end=\"1005\">Glikolsk\u0101be stimul\u0113 \u0161\u016bnu atjauno\u0161anos, uzlabojot \u0101das tekst\u016bru un pie\u0161\u0137irot tai vesel\u012bgu mirdzumu. E vitam\u012bns nodro\u0161ina antioksidantu aizsardz\u012bbu un pal\u012bdz nov\u0113rst priek\u0161laic\u012bgu noveco\u0161anos, savuk\u0101rt F vitam\u012bns baro, stiprina \u0101das aizsargbarjeru un padara to elast\u012bgu un maigu. Vienreizlietojamais ampulu form\u0101ts nodro\u0161ina optim\u0101lu akt\u012bvo sast\u0101vda\u013cu daudzumu katr\u0101 lieto\u0161anas reiz\u0113, garant\u0113jot maksim\u0101lu efektivit\u0101ti un higi\u0113nu.<\/p>\n<p data-start=\"1007\" data-end=\"1031\"><strong data-start=\"1007\" data-end=\"1019\">Tilpums:<\/strong> 10 x 2 ml<\/p>\n","protected":false},"excerpt":{"rendered":"<p data-start=\"1310\" data-end=\"1368\">Atjaunojo\u0161as ampulas ar glikolsk\u0101bi un vitam\u012bniem E un F<\/p>\n<h2 data-start=\"1370\" data-end=\"1658\"><strong data-start=\"1370\" data-end=\"1422\">Mesoestetic &#8211; Glycolic + E + F Ampoules \u012bpa\u0161\u012bbas<\/strong><\/h2>\n<p data-start=\"1370\" data-end=\"1658\">\u2714\ufe0f Stimul\u0113 \u0161\u016bnu atjauno\u0161anos un uzlabo \u0101das tekst\u016bru<br data-start=\"1477\" data-end=\"1480\" \/>\u2714\ufe0f Izl\u012bdzina un izgaismo \u0101das toni<br data-start=\"1514\" data-end=\"1517\" \/>\u2714\ufe0f Dzi\u013ci baro un atjauno elast\u012bbu<br data-start=\"1550\" data-end=\"1553\" \/>\u2714\ufe0f Aizsarg\u0101 no oksidat\u012bv\u0101 stresa un noveco\u0161an\u0101s paz\u012bm\u0113m<br data-start=\"1608\" data-end=\"1611\" \/>\u2714\ufe0f Pie\u0161\u0137ir \u0101dai svaigumu, gludumu un mirdzumu<\/p>\n","protected":false},"featured_media":66934,"template":"","meta":[],"pwb-brand":[1132],"product_brand":[],"product_cat":[749,751,723],"product_tag":[],"giftcard-category":[],"class_list":{"0":"post-54961","1":"product","2":"type-product","3":"status-publish","4":"has-post-thumbnail","6":"pwb-brand-mesoestetic","7":"product_cat-novecojosa-ada","8":"product_cat-pigmentacija-lv","9":"product_cat-serumi","11":"first","12":"instock","13":"taxable","14":"shipping-taxable","15":"purchasable","16":"product-type-simple"},"acf":[],"brands":[{"id":1132,"name":"Mesoestetic","slug":"mesoestetic"}],"_links":{"self":[{"href":"https:\/\/skinstudio.ee\/lv\/wp-json\/wp\/v2\/product\/54961","targetHints":{"allow":["GET"]}}],"collection":[{"href":"https:\/\/skinstudio.ee\/lv\/wp-json\/wp\/v2\/product"}],"about":[{"href":"https:\/\/skinstudio.ee\/lv\/wp-json\/wp\/v2\/types\/product"}],"version-history":[{"count":0,"href":"https:\/\/skinstudio.ee\/lv\/wp-json\/wp\/v2\/product\/54961\/revisions"}],"wp:featuredmedia":[{"embeddable":true,"href":"https:\/\/skinstudio.ee\/lv\/wp-json\/wp\/v2\/media\/66934"}],"wp:attachment":[{"href":"https:\/\/skinstudio.ee\/lv\/wp-json\/wp\/v2\/media?parent=54961"}],"wp:term":[{"taxonomy":"pwb-brand","embeddable":true,"href":"https:\/\/skinstudio.ee\/lv\/wp-json\/wp\/v2\/pwb-brand?post=54961"},{"taxonomy":"product_brand","embeddable":true,"href":"https:\/\/skinstudio.ee\/lv\/wp-json\/wp\/v2\/product_brand?post=54961"},{"taxonomy":"product_cat","embeddable":true,"href":"https:\/\/skinstudio.ee\/lv\/wp-json\/wp\/v2\/product_cat?post=54961"},{"taxonomy":"product_tag","embeddable":true,"href":"https:\/\/skinstudio.ee\/lv\/wp-json\/wp\/v2\/product_tag?post=54961"},{"taxonomy":"giftcard-category","embeddable":true,"href":"https:\/\/skinstudio.ee\/lv\/wp-json\/wp\/v2\/giftcard-category?post=54961"}],"curies":[{"name":"wp","href":"https:\/\/api.w.org\/{rel}","templated":true}]}}