{"id":54998,"date":"2025-10-22T12:47:10","date_gmt":"2025-10-22T12:47:10","guid":{"rendered":"https:\/\/skinstudio.ee\/?post_type=product&#038;p=54998"},"modified":"2025-12-30T17:05:07","modified_gmt":"2025-12-30T17:05:07","slug":"melan-tran3x-concentrate","status":"publish","type":"product","link":"https:\/\/skinstudio.ee\/lv\/catalog\/mesoestetic\/melan-tran3x-concentrate\/","title":{"rendered":"Melan Tran3x Concentrate"},"content":{"rendered":"<p data-start=\"249\" data-end=\"567\">Intens\u012bvs nakts koncentr\u0101ts pret pigment\u0101ciju, izstr\u0101d\u0101ts \u0101dai ar pigment\u0101cijas trauc\u0113jumiem, nevienm\u0113r\u012bgu toni un p\u0113ciekaisuma plankumiem. Mesoestetic Melan Tran3x Concentrate efekt\u012bvi izgaismo eso\u0161os pigment\u0101cijas laukumus un nov\u0113r\u0161 jaunu plankumu veido\u0161anos, atjaunojot \u0101das svaigumu, mirdzumu un vienm\u0113r\u012bgu toni.<\/p>\n<p data-start=\"569\" data-end=\"975\">Formula bag\u0101tin\u0101ta ar traneksam\u012bnsk\u0101bi, niacinam\u012bdu un ferul\u012bnsk\u0101bi \u2013 akt\u012bv\u0101m viel\u0101m, kas mazina iekaisumu, izgaismo \u0101du un aizsarg\u0101 to no br\u012bvajiem radik\u0101\u013ciem. Produkts mitrina un atjauno \u0101du p\u0113c est\u0113tisk\u0101m proced\u016br\u0101m vai iekaisumiem, pal\u012bdzot atg\u016bt vesel\u012bgu, mier\u012bgu un vienm\u0113r\u012bgu izskatu. Mesoestetic Melan Tran3x Concentrate ir piem\u0113rots visiem \u0101das tipiem, tostarp jut\u012bgai un roz\u0101cijas skartai \u0101dai.<\/p>\n<p data-start=\"977\" data-end=\"997\"><strong data-start=\"977\" data-end=\"989\">Tilpums:<\/strong> 30 ml<\/p>\n","protected":false},"excerpt":{"rendered":"<p data-start=\"1191\" data-end=\"1238\">Intens\u012bvs nakts koncentr\u0101ts pret pigment\u0101ciju<\/p>\n<h2 data-start=\"1240\" data-end=\"1569\"><strong data-start=\"1240\" data-end=\"1291\">Mesoestetic &#8211; Melan Tran3x Concentrate \u012bpa\u0161\u012bbas<\/strong><\/h2>\n<p data-start=\"1240\" data-end=\"1569\">\u2714\ufe0f Izgaismo pigment\u0101cijas plankumus un nov\u0113r\u0161 to atk\u0101rto\u0161anos<br data-start=\"1355\" data-end=\"1358\" \/>\u2714\ufe0f Izl\u012bdzina toni un pie\u0161\u0137ir \u0101dai vesel\u012bgu mirdzumu<br data-start=\"1409\" data-end=\"1412\" \/>\u2714\ufe0f Nomierina iekaisumu un mazina jut\u012bgumu<br data-start=\"1453\" data-end=\"1456\" \/>\u2714\ufe0f Atjauno \u0101du p\u0113c kosm\u0113tisk\u0101m un est\u0113tisk\u0101m proced\u016br\u0101m<br data-start=\"1511\" data-end=\"1514\" \/>\u2714\ufe0f Mitrina, aizsarg\u0101 un padara \u0101du gludu un starojo\u0161u<\/p>\n","protected":false},"featured_media":54989,"template":"","meta":[],"pwb-brand":[1132],"product_brand":[],"product_cat":[749,751,723],"product_tag":[],"giftcard-category":[],"class_list":{"0":"post-54998","1":"product","2":"type-product","3":"status-publish","4":"has-post-thumbnail","6":"pwb-brand-mesoestetic","7":"product_cat-novecojosa-ada","8":"product_cat-pigmentacija-lv","9":"product_cat-serumi","11":"first","12":"instock","13":"taxable","14":"shipping-taxable","15":"purchasable","16":"product-type-simple"},"acf":[],"brands":[{"id":1132,"name":"Mesoestetic","slug":"mesoestetic"}],"_links":{"self":[{"href":"https:\/\/skinstudio.ee\/lv\/wp-json\/wp\/v2\/product\/54998","targetHints":{"allow":["GET"]}}],"collection":[{"href":"https:\/\/skinstudio.ee\/lv\/wp-json\/wp\/v2\/product"}],"about":[{"href":"https:\/\/skinstudio.ee\/lv\/wp-json\/wp\/v2\/types\/product"}],"version-history":[{"count":0,"href":"https:\/\/skinstudio.ee\/lv\/wp-json\/wp\/v2\/product\/54998\/revisions"}],"wp:featuredmedia":[{"embeddable":true,"href":"https:\/\/skinstudio.ee\/lv\/wp-json\/wp\/v2\/media\/54989"}],"wp:attachment":[{"href":"https:\/\/skinstudio.ee\/lv\/wp-json\/wp\/v2\/media?parent=54998"}],"wp:term":[{"taxonomy":"pwb-brand","embeddable":true,"href":"https:\/\/skinstudio.ee\/lv\/wp-json\/wp\/v2\/pwb-brand?post=54998"},{"taxonomy":"product_brand","embeddable":true,"href":"https:\/\/skinstudio.ee\/lv\/wp-json\/wp\/v2\/product_brand?post=54998"},{"taxonomy":"product_cat","embeddable":true,"href":"https:\/\/skinstudio.ee\/lv\/wp-json\/wp\/v2\/product_cat?post=54998"},{"taxonomy":"product_tag","embeddable":true,"href":"https:\/\/skinstudio.ee\/lv\/wp-json\/wp\/v2\/product_tag?post=54998"},{"taxonomy":"giftcard-category","embeddable":true,"href":"https:\/\/skinstudio.ee\/lv\/wp-json\/wp\/v2\/giftcard-category?post=54998"}],"curies":[{"name":"wp","href":"https:\/\/api.w.org\/{rel}","templated":true}]}}