{"id":55014,"date":"2025-10-22T12:56:40","date_gmt":"2025-10-22T12:56:40","guid":{"rendered":"https:\/\/skinstudio.ee\/?post_type=product&#038;p=55014"},"modified":"2025-12-30T17:05:07","modified_gmt":"2025-12-30T17:05:07","slug":"melan-tran3x-gel-cream","status":"publish","type":"product","link":"https:\/\/skinstudio.ee\/lv\/catalog\/mesoestetic\/melan-tran3x-gel-cream\/","title":{"rendered":"Melan Tran3x Gel Cream"},"content":{"rendered":"<p data-start=\"184\" data-end=\"488\">Dienas g\u0113la kr\u0113ms ar sp\u0113c\u012bgu depigment\u0113jo\u0161u efektu, izstr\u0101d\u0101ts \u0101dai ar hiperpigment\u0101ciju, nevienm\u0113r\u012bgu toni un iekaisuma tendenci. Mesoestetic Melan Tran3x Gel Cream efekt\u012bvi izgaismo eso\u0161os pigment\u0101cijas plankumus, nov\u0113r\u0161 jaunu plankumu ra\u0161anos un pie\u0161\u0137ir \u0101dai vienm\u0113r\u012bgu, svaigu un starojo\u0161u izskatu.<\/p>\n<p data-start=\"490\" data-end=\"903\">Formula satur traneksam\u012bnsk\u0101bi, niacinam\u012bdu un ferul\u012bnsk\u0101bi \u2013 akt\u012bv\u0101s sast\u0101vda\u013cas, kas iedarbojas uz galvenajiem hiperpigment\u0101cijas meh\u0101nismiem, pal\u012bdz samazin\u0101t iekaisumu un regul\u0113 melan\u012bna ra\u017eo\u0161anu. Pateicoties vieglajai g\u0113la tekst\u016brai, produkts \u0101tri ies\u016bcas, nodro\u0161inot intens\u012bvu mitrin\u0101\u0161anu, komfortu un gludumu bez taukainas saj\u016btas. Piem\u0113rots visiem \u0101das tipiem, tostarp jut\u012bgai un roz\u0101cijas skartai \u0101dai.<\/p>\n<p data-start=\"905\" data-end=\"925\"><strong data-start=\"905\" data-end=\"917\">Tilpums:<\/strong> 50 ml<\/p>\n","protected":false},"excerpt":{"rendered":"<p data-start=\"1125\" data-end=\"1182\">Dienas g\u0113la kr\u0113ms \u0101das to\u0146a izl\u012bdzin\u0101\u0161anai un mirdzumam<\/p>\n<h2 data-start=\"1184\" data-end=\"1484\"><strong data-start=\"1184\" data-end=\"1233\">Mesoestetic &#8211; Melan Tran3x Gel Cream \u012bpa\u0161\u012bbas<\/strong><\/h2>\n<p data-start=\"1184\" data-end=\"1484\">\u2714\ufe0f Izgaismo pigment\u0101cijas plankumus un nov\u0113r\u0161 jaunu veido\u0161anos<br data-start=\"1298\" data-end=\"1301\" \/>\u2714\ufe0f Izl\u012bdzina \u0101das toni un pie\u0161\u0137ir dabisku mirdzumu<br data-start=\"1351\" data-end=\"1354\" \/>\u2714\ufe0f Dzi\u013ci mitrina un atjauno \u0101das l\u012bdzsvaru<br data-start=\"1396\" data-end=\"1399\" \/>\u2714\ufe0f Nomierina iekaisumu un mazina jut\u012bgumu<br data-start=\"1440\" data-end=\"1443\" \/>\u2714\ufe0f Padara \u0101du gludu, svaigu un vesel\u012bgu<\/p>\n","protected":false},"featured_media":55006,"template":"","meta":[],"pwb-brand":[1132],"product_brand":[],"product_cat":[737,749,751],"product_tag":[],"giftcard-category":[],"class_list":{"0":"post-55014","1":"product","2":"type-product","3":"status-publish","4":"has-post-thumbnail","6":"pwb-brand-mesoestetic","7":"product_cat-mitrinasana","8":"product_cat-novecojosa-ada","9":"product_cat-pigmentacija-lv","11":"first","12":"instock","13":"taxable","14":"shipping-taxable","15":"purchasable","16":"product-type-simple"},"acf":[],"brands":[{"id":1132,"name":"Mesoestetic","slug":"mesoestetic"}],"_links":{"self":[{"href":"https:\/\/skinstudio.ee\/lv\/wp-json\/wp\/v2\/product\/55014","targetHints":{"allow":["GET"]}}],"collection":[{"href":"https:\/\/skinstudio.ee\/lv\/wp-json\/wp\/v2\/product"}],"about":[{"href":"https:\/\/skinstudio.ee\/lv\/wp-json\/wp\/v2\/types\/product"}],"version-history":[{"count":0,"href":"https:\/\/skinstudio.ee\/lv\/wp-json\/wp\/v2\/product\/55014\/revisions"}],"wp:featuredmedia":[{"embeddable":true,"href":"https:\/\/skinstudio.ee\/lv\/wp-json\/wp\/v2\/media\/55006"}],"wp:attachment":[{"href":"https:\/\/skinstudio.ee\/lv\/wp-json\/wp\/v2\/media?parent=55014"}],"wp:term":[{"taxonomy":"pwb-brand","embeddable":true,"href":"https:\/\/skinstudio.ee\/lv\/wp-json\/wp\/v2\/pwb-brand?post=55014"},{"taxonomy":"product_brand","embeddable":true,"href":"https:\/\/skinstudio.ee\/lv\/wp-json\/wp\/v2\/product_brand?post=55014"},{"taxonomy":"product_cat","embeddable":true,"href":"https:\/\/skinstudio.ee\/lv\/wp-json\/wp\/v2\/product_cat?post=55014"},{"taxonomy":"product_tag","embeddable":true,"href":"https:\/\/skinstudio.ee\/lv\/wp-json\/wp\/v2\/product_tag?post=55014"},{"taxonomy":"giftcard-category","embeddable":true,"href":"https:\/\/skinstudio.ee\/lv\/wp-json\/wp\/v2\/giftcard-category?post=55014"}],"curies":[{"name":"wp","href":"https:\/\/api.w.org\/{rel}","templated":true}]}}