{"id":55029,"date":"2025-10-22T13:05:26","date_gmt":"2025-10-22T13:05:26","guid":{"rendered":"https:\/\/skinstudio.ee\/?post_type=product&#038;p=55029"},"modified":"2025-12-30T17:05:07","modified_gmt":"2025-12-30T17:05:07","slug":"dermamelan-treatment","status":"publish","type":"product","link":"https:\/\/skinstudio.ee\/lv\/catalog\/mesoestetic\/dermamelan-treatment\/","title":{"rendered":"Dermamelan Treatment"},"content":{"rendered":"<p data-start=\"183\" data-end=\"533\">Intens\u012bvs depigment\u0113jo\u0161s kr\u0113ms \u0101das kop\u0161anai p\u0113c profesion\u0101l\u0101s Dermamelan proced\u016bras, paredz\u0113ts hiperpigment\u0101cijas korekcijai un \u0101das to\u0146a izl\u012bdzin\u0101\u0161anai. Mesoestetic Dermamelan Treatment satur sp\u0113c\u012bgu akt\u012bvo sast\u0101vda\u013cu kompleksu, kas samazina melan\u012bna sint\u0113zi un pak\u0101peniski izgaismo tum\u0161os plankumus, atjaunojot \u0101das t\u012br\u012bbu, svaigumu un mirdzumu.<\/p>\n<p data-start=\"535\" data-end=\"935\">Kr\u0113ma formula darbojas \u0101das dzi\u013c\u0101kajos sl\u0101\u0146os, blo\u0137\u0113jot jauna pigmenta veido\u0161anos un stimul\u0113jot dabisko \u0161\u016bnu atjauno\u0161anos. Regul\u0101ri lietojot, Dermamelan Treatment iev\u0113rojami uzlabo \u0101das strukt\u016bru un elast\u012bbu, izl\u012bdzina toni un pasarg\u0101 no br\u012bvo radik\u0101\u013cu iedarb\u012bbas. Kr\u0113ms ir piem\u0113rots visiem \u0101das tipiem un visiem hiperpigment\u0101cijas veidiem \u2013 p\u0113ciekaisuma, hormon\u0101lai, saules un ar vecumu saist\u012btai.<\/p>\n<p data-start=\"937\" data-end=\"956\"><strong data-start=\"937\" data-end=\"949\">Tilpums:<\/strong> 30 g<\/p>\n","protected":false},"excerpt":{"rendered":"<p data-start=\"1170\" data-end=\"1214\">Depigment\u0113jo\u0161s kr\u0113ms \u0101das to\u0146a vienm\u0113r\u012bbai<\/p>\n<h2 data-start=\"1216\" data-end=\"1508\"><strong data-start=\"1216\" data-end=\"1263\">Mesoestetic &#8211; Dermamelan Treatment \u012bpa\u0161\u012bbas<\/strong><\/h2>\n<p data-start=\"1216\" data-end=\"1508\">\u2714\ufe0f Izgaismo pigment\u0101cijas plankumus un nov\u0113r\u0161 to atk\u0101rto\u0161anos<br data-start=\"1327\" data-end=\"1330\" \/>\u2714\ufe0f Izl\u012bdzina \u0101das toni un pie\u0161\u0137ir vesel\u012bgu mirdzumu<br data-start=\"1381\" data-end=\"1384\" \/>\u2714\ufe0f Aizsarg\u0101 \u0101du no br\u012bvajiem radik\u0101\u013ciem un fotonoveco\u0161an\u0101s<br data-start=\"1442\" data-end=\"1445\" \/>\u2714\ufe0f Piem\u0113rots visiem \u0101das tipiem un hiperpigment\u0101cijas veidiem<\/p>\n<p data-start=\"1216\" data-end=\"1508\">\n","protected":false},"featured_media":66929,"template":"","meta":[],"pwb-brand":[1132],"product_brand":[],"product_cat":[737,749,751],"product_tag":[],"giftcard-category":[],"class_list":{"0":"post-55029","1":"product","2":"type-product","3":"status-publish","4":"has-post-thumbnail","6":"pwb-brand-mesoestetic","7":"product_cat-mitrinasana","8":"product_cat-novecojosa-ada","9":"product_cat-pigmentacija-lv","11":"first","12":"instock","13":"taxable","14":"shipping-taxable","15":"purchasable","16":"product-type-simple"},"acf":[],"brands":[{"id":1132,"name":"Mesoestetic","slug":"mesoestetic"}],"_links":{"self":[{"href":"https:\/\/skinstudio.ee\/lv\/wp-json\/wp\/v2\/product\/55029","targetHints":{"allow":["GET"]}}],"collection":[{"href":"https:\/\/skinstudio.ee\/lv\/wp-json\/wp\/v2\/product"}],"about":[{"href":"https:\/\/skinstudio.ee\/lv\/wp-json\/wp\/v2\/types\/product"}],"version-history":[{"count":0,"href":"https:\/\/skinstudio.ee\/lv\/wp-json\/wp\/v2\/product\/55029\/revisions"}],"wp:featuredmedia":[{"embeddable":true,"href":"https:\/\/skinstudio.ee\/lv\/wp-json\/wp\/v2\/media\/66929"}],"wp:attachment":[{"href":"https:\/\/skinstudio.ee\/lv\/wp-json\/wp\/v2\/media?parent=55029"}],"wp:term":[{"taxonomy":"pwb-brand","embeddable":true,"href":"https:\/\/skinstudio.ee\/lv\/wp-json\/wp\/v2\/pwb-brand?post=55029"},{"taxonomy":"product_brand","embeddable":true,"href":"https:\/\/skinstudio.ee\/lv\/wp-json\/wp\/v2\/product_brand?post=55029"},{"taxonomy":"product_cat","embeddable":true,"href":"https:\/\/skinstudio.ee\/lv\/wp-json\/wp\/v2\/product_cat?post=55029"},{"taxonomy":"product_tag","embeddable":true,"href":"https:\/\/skinstudio.ee\/lv\/wp-json\/wp\/v2\/product_tag?post=55029"},{"taxonomy":"giftcard-category","embeddable":true,"href":"https:\/\/skinstudio.ee\/lv\/wp-json\/wp\/v2\/giftcard-category?post=55029"}],"curies":[{"name":"wp","href":"https:\/\/api.w.org\/{rel}","templated":true}]}}