{"id":55061,"date":"2025-10-22T13:38:36","date_gmt":"2025-10-22T13:38:36","guid":{"rendered":"https:\/\/skinstudio.ee\/?post_type=product&#038;p=55061"},"modified":"2025-12-30T17:05:07","modified_gmt":"2025-12-30T17:05:07","slug":"dermamelan-intimate-home-gel-cream","status":"publish","type":"product","link":"https:\/\/skinstudio.ee\/lv\/catalog\/mesoestetic\/dermamelan-intimate-home-gel-cream\/","title":{"rendered":"Dermamelan Intimate Home Gel Cream"},"content":{"rendered":"<p data-start=\"210\" data-end=\"506\">Maigs depigment\u0113jo\u0161s g\u0113la kr\u0113ms, kas \u012bpa\u0161i izstr\u0101d\u0101ts delik\u0101t\u0101m \u0137erme\u0146a zon\u0101m ar tendenci uz hiperpigment\u0101ciju. Mesoestetic Dermamelan Intimate Home Gel Cream efekt\u012bvi izl\u012bdzina \u0101das toni, izgaismo tum\u0161\u0101kas vietas un padara \u0101du gludu un starojo\u0161u, vienlaikus saglab\u0101jot t\u0101s komfortu un mitrumu.<\/p>\n<p data-start=\"508\" data-end=\"850\">Formula apvieno azela\u012bnsk\u0101bi, fit\u012bnsk\u0101bi, askorb\u012bnsk\u0101bi un retinolu &#8211; akt\u012bv\u0101s sast\u0101vda\u013cas, kas samazina melan\u012bna sint\u0113zi un pal\u012bdz mazin\u0101t pigment\u0101cijas plankumus. Papildus sast\u0101v\u0101 ir glicer\u012bns, ur\u012bnviela un pantenols, kas mitrina, m\u012bkstina un stiprina \u0101das aizsargbarjeru. Produkts ir dro\u0161s jut\u012bg\u0101m zon\u0101m un piem\u0113rots regul\u0101rai lieto\u0161anai.<\/p>\n<p data-start=\"852\" data-end=\"954\">Kr\u0113ms redzami samazina hiperpigment\u0101ciju, uzlabo \u0101das toni un pie\u0161\u0137ir tai vesel\u012bgu un koptu izskatu.<\/p>\n<p data-start=\"956\" data-end=\"976\"><strong data-start=\"956\" data-end=\"974\">Tilpums: 50 ml<\/strong><\/p>\n","protected":false},"excerpt":{"rendered":"<p data-start=\"1599\" data-end=\"1636\">Balino\u0161s g\u0113la kr\u0113ms int\u012bmaj\u0101m zon\u0101m<\/p>\n<h2 data-start=\"1638\" data-end=\"1949\"><strong data-start=\"1638\" data-end=\"1699\">Mesoestetic &#8211; Dermamelan Intimate Home Gel Cream \u012bpa\u0161\u012bbas<\/strong><\/h2>\n<p data-start=\"1638\" data-end=\"1949\">\u2714\ufe0f Efekt\u012bvi izgaismo pigment\u0101ciju int\u012bmaj\u0101s zon\u0101s<br data-start=\"1751\" data-end=\"1754\" \/>\u2714\ufe0f Izl\u012bdzina toni un padara \u0101du glud\u0101ku<br data-start=\"1793\" data-end=\"1796\" \/>\u2714\ufe0f Mitrina, m\u012bkstina un atjauno aizsargbarjeru<br data-start=\"1842\" data-end=\"1845\" \/>\u2714\ufe0f Piem\u0113rots jut\u012bgai \u0101dai un regul\u0101rai lieto\u0161anai<br data-start=\"1894\" data-end=\"1897\" \/>\u2714\ufe0f Nodro\u0161ina vienm\u0113r\u012bgu, vesel\u012bgu un starojo\u0161u \u0101du<\/p>\n","protected":false},"featured_media":66918,"template":"","meta":[],"pwb-brand":[1132],"product_brand":[],"product_cat":[757],"product_tag":[],"giftcard-category":[],"class_list":{"0":"post-55061","1":"product","2":"type-product","3":"status-publish","4":"has-post-thumbnail","6":"pwb-brand-mesoestetic","7":"product_cat-kermena-kopsana","9":"first","10":"instock","11":"taxable","12":"shipping-taxable","13":"purchasable","14":"product-type-simple"},"acf":[],"brands":[{"id":1132,"name":"Mesoestetic","slug":"mesoestetic"}],"_links":{"self":[{"href":"https:\/\/skinstudio.ee\/lv\/wp-json\/wp\/v2\/product\/55061","targetHints":{"allow":["GET"]}}],"collection":[{"href":"https:\/\/skinstudio.ee\/lv\/wp-json\/wp\/v2\/product"}],"about":[{"href":"https:\/\/skinstudio.ee\/lv\/wp-json\/wp\/v2\/types\/product"}],"version-history":[{"count":0,"href":"https:\/\/skinstudio.ee\/lv\/wp-json\/wp\/v2\/product\/55061\/revisions"}],"wp:featuredmedia":[{"embeddable":true,"href":"https:\/\/skinstudio.ee\/lv\/wp-json\/wp\/v2\/media\/66918"}],"wp:attachment":[{"href":"https:\/\/skinstudio.ee\/lv\/wp-json\/wp\/v2\/media?parent=55061"}],"wp:term":[{"taxonomy":"pwb-brand","embeddable":true,"href":"https:\/\/skinstudio.ee\/lv\/wp-json\/wp\/v2\/pwb-brand?post=55061"},{"taxonomy":"product_brand","embeddable":true,"href":"https:\/\/skinstudio.ee\/lv\/wp-json\/wp\/v2\/product_brand?post=55061"},{"taxonomy":"product_cat","embeddable":true,"href":"https:\/\/skinstudio.ee\/lv\/wp-json\/wp\/v2\/product_cat?post=55061"},{"taxonomy":"product_tag","embeddable":true,"href":"https:\/\/skinstudio.ee\/lv\/wp-json\/wp\/v2\/product_tag?post=55061"},{"taxonomy":"giftcard-category","embeddable":true,"href":"https:\/\/skinstudio.ee\/lv\/wp-json\/wp\/v2\/giftcard-category?post=55061"}],"curies":[{"name":"wp","href":"https:\/\/api.w.org\/{rel}","templated":true}]}}