{"id":55078,"date":"2025-10-22T13:59:49","date_gmt":"2025-10-22T13:59:49","guid":{"rendered":"https:\/\/skinstudio.ee\/?post_type=product&#038;p=55078"},"modified":"2025-12-30T17:05:07","modified_gmt":"2025-12-30T17:05:07","slug":"cosmelan-home-pack","status":"publish","type":"product","link":"https:\/\/skinstudio.ee\/lv\/catalog\/mesoestetic\/cosmelan-home-pack\/","title":{"rendered":"Cosmelan Home Pack"},"content":{"rendered":"<p data-start=\"211\" data-end=\"524\">Piln\u012bga m\u0101jas \u0101das kop\u0161anas programma, kas paredz\u0113ta profesion\u0101l\u0101s Cosmelan\u00ae proced\u016bras turpin\u0101\u0161anai, nodro\u0161inot efekt\u012bvu pigment\u0101cijas korekciju un ilgtermi\u0146a nov\u0113r\u0161anu. Programma pal\u012bdz mazin\u0101t un izgaismot melan\u012bna izcelsmes plankumus, regul\u0113 p\u0101rm\u0113r\u012bgu melan\u012bna veido\u0161anos un nov\u0113r\u0161 to atk\u0101rtotu par\u0101d\u012b\u0161anos.<\/p>\n<p data-start=\"526\" data-end=\"912\">Pigment\u0101cijas plankumi ir viena no visbie\u017e\u0101k sastopamaj\u0101m est\u0113tiskaj\u0101m probl\u0113m\u0101m, \u012bpa\u0161i sievie\u0161u vid\u016b. \u0100das aptum\u0161o\u0161an\u0101s, ko izraisa p\u0101rm\u0113r\u012bga melan\u012bna uzkr\u0101\u0161an\u0101s, var rasties neatkar\u012bgi no \u0101das tipa un ietekm\u0113 ne tikai izskatu, bet ar\u012b emocion\u0101lo pa\u0161saj\u016btu. Mesoestetic Cosmelan Home Pack nodro\u0161ina saudz\u012bgu, bet \u013coti efekt\u012bvu kop\u0161anu, atjaunojot \u0101das t\u012br\u012bbu, svaigumu un p\u0101rliec\u012bbu.<\/p>\n<p data-start=\"914\" data-end=\"1019\">Komplekts papildina profesion\u0101lo p\u012blinga proced\u016bru un regul\u0101ri lietojot nodro\u0161ina ilgsto\u0161us rezult\u0101tus.<\/p>\n<p data-start=\"1021\" data-end=\"1411\"><strong data-start=\"1021\" data-end=\"1044\">Komplekt\u0101 ietilpst:<\/strong><\/p>\n<ul>\n<li data-start=\"1021\" data-end=\"1411\"><strong data-start=\"1047\" data-end=\"1069\">Cosmelan 2 (30 g):<\/strong> kr\u0113ms, kas izgaismo un samazina melan\u012bna izcelsmes pigmenta plankumus.<\/li>\n<li data-start=\"1021\" data-end=\"1411\"><strong data-start=\"1143\" data-end=\"1170\">Melan Recovery (50 ml):<\/strong> nomierino\u0161s un atjaunojo\u0161s balzams, kas mazina kairin\u0101jumu un stiprina \u0101das aizsargbarjeru.<\/li>\n<li data-start=\"1021\" data-end=\"1411\"><strong data-start=\"1265\" data-end=\"1304\">Melan 130+ Pigment Control (50 ml):<\/strong> saules aizsargkr\u0113ms ar \u013coti augstu aizsardz\u012bbas l\u012bmeni (SPF 130), kas nov\u0113r\u0161 pigment\u0101cijas atk\u0101rto\u0161anos.<\/li>\n<\/ul>\n","protected":false},"excerpt":{"rendered":"<p data-start=\"1471\" data-end=\"1536\">M\u0101jas kop\u0161anas komplekts pigment\u0101cijas korekcijai un nov\u0113r\u0161anai<\/p>\n<h2 data-start=\"1538\" data-end=\"1840\"><strong data-start=\"1538\" data-end=\"1583\">Mesoestetic &#8211; Cosmelan Home Pack \u012bpa\u0161\u012bbas<\/strong><\/h2>\n<p data-start=\"1538\" data-end=\"1840\">\u2714\ufe0f Izgaismo un samazina pigmenta plankumus<br data-start=\"1628\" data-end=\"1631\" \/>\u2714\ufe0f Regul\u0113 p\u0101rm\u0113r\u012bgu melan\u012bna ra\u017eo\u0161anu<br data-start=\"1668\" data-end=\"1671\" \/>\u2714\ufe0f Nov\u0113r\u0161 hiperpigment\u0101cijas atk\u0101rtotu par\u0101d\u012b\u0161anos<br data-start=\"1721\" data-end=\"1724\" \/>\u2714\ufe0f Atjauno \u0101du un nodro\u0161ina komfortu p\u0113c proced\u016bras<br data-start=\"1775\" data-end=\"1778\" \/>\u2714\ufe0f Piem\u0113rots visiem \u0101das tipiem un nodro\u0161ina ilgsto\u0161u efektu<\/p>\n","protected":false},"featured_media":55070,"template":"","meta":[],"pwb-brand":[1132],"product_brand":[],"product_cat":[764,751],"product_tag":[],"giftcard-category":[],"class_list":{"0":"post-55078","1":"product","2":"type-product","3":"status-publish","4":"has-post-thumbnail","6":"pwb-brand-mesoestetic","7":"product_cat-davanu-ideja","8":"product_cat-pigmentacija-lv","10":"first","11":"instock","12":"sale","13":"taxable","14":"shipping-taxable","15":"purchasable","16":"product-type-simple"},"acf":[],"brands":[{"id":1132,"name":"Mesoestetic","slug":"mesoestetic"}],"_links":{"self":[{"href":"https:\/\/skinstudio.ee\/lv\/wp-json\/wp\/v2\/product\/55078","targetHints":{"allow":["GET"]}}],"collection":[{"href":"https:\/\/skinstudio.ee\/lv\/wp-json\/wp\/v2\/product"}],"about":[{"href":"https:\/\/skinstudio.ee\/lv\/wp-json\/wp\/v2\/types\/product"}],"version-history":[{"count":0,"href":"https:\/\/skinstudio.ee\/lv\/wp-json\/wp\/v2\/product\/55078\/revisions"}],"wp:featuredmedia":[{"embeddable":true,"href":"https:\/\/skinstudio.ee\/lv\/wp-json\/wp\/v2\/media\/55070"}],"wp:attachment":[{"href":"https:\/\/skinstudio.ee\/lv\/wp-json\/wp\/v2\/media?parent=55078"}],"wp:term":[{"taxonomy":"pwb-brand","embeddable":true,"href":"https:\/\/skinstudio.ee\/lv\/wp-json\/wp\/v2\/pwb-brand?post=55078"},{"taxonomy":"product_brand","embeddable":true,"href":"https:\/\/skinstudio.ee\/lv\/wp-json\/wp\/v2\/product_brand?post=55078"},{"taxonomy":"product_cat","embeddable":true,"href":"https:\/\/skinstudio.ee\/lv\/wp-json\/wp\/v2\/product_cat?post=55078"},{"taxonomy":"product_tag","embeddable":true,"href":"https:\/\/skinstudio.ee\/lv\/wp-json\/wp\/v2\/product_tag?post=55078"},{"taxonomy":"giftcard-category","embeddable":true,"href":"https:\/\/skinstudio.ee\/lv\/wp-json\/wp\/v2\/giftcard-category?post=55078"}],"curies":[{"name":"wp","href":"https:\/\/api.w.org\/{rel}","templated":true}]}}