{"id":55094,"date":"2025-10-22T14:13:12","date_gmt":"2025-10-22T14:13:12","guid":{"rendered":"https:\/\/skinstudio.ee\/?post_type=product&#038;p=55094"},"modified":"2025-12-30T17:05:07","modified_gmt":"2025-12-30T17:05:07","slug":"cosmelan-2","status":"publish","type":"product","link":"https:\/\/skinstudio.ee\/lv\/catalog\/mesoestetic\/cosmelan-2\/","title":{"rendered":"Cosmelan 2"},"content":{"rendered":"<p data-start=\"192\" data-end=\"495\">M\u0101jas depigment\u0113jo\u0161s kr\u0113ms, kas izstr\u0101d\u0101ts, lai turpin\u0101tu un pastiprin\u0101tu profesion\u0101l\u0101s Cosmelan\u00ae proced\u016bras efektu. Produkts efekt\u012bvi samazina redzamos pigment\u0101cijas plankumus, regul\u0113 melan\u012bna veido\u0161anos un nov\u0113r\u0161 hiperpigment\u0101cijas atk\u0101rto\u0161anos, atjaunojot \u0101das t\u012br\u012bbu, vienm\u0113r\u012bgu toni un starojumu.<\/p>\n<p data-start=\"497\" data-end=\"765\">Mesoestetic Cosmelan 2 pal\u012bdz izgaismot vai samazin\u0101t melan\u012bna izcelsmes pigmenta plankumus, kas par\u0101d\u0101s uz sejas, kakla, dekolt\u0113 un rok\u0101m. Akt\u012bv\u0101 formula ne tikai kori\u0123\u0113 plankumus, bet ar\u012b uzlabo \u0101das kop\u0113jo toni, padarot to redzami glud\u0101ku, svaig\u0101ku un vesel\u012bg\u0101ku.<\/p>\n<p data-start=\"767\" data-end=\"1103\">Hiperpigment\u0101cija k\u013c\u016bst arvien izplat\u012bt\u0101ka vis\u0101 pasaul\u0113 \u2013 vair\u0101k nek\u0101 90% pieaugu\u0161o, kas vec\u0101ki par 50 gadiem, saskaras ar pigment\u0101cijas izmai\u0146\u0101m, kur\u0101m ir gan est\u0113tiska, gan psiholo\u0123iska ietekme. Mesoestetic Cosmelan 2 iedarbojas uz melanogen\u0113zes procesu \u2013 melan\u012bna veido\u0161anos \u2013 nodro\u0161inot vienm\u0113r\u012bgu toni un vesel\u012bgu, starojo\u0161u \u0101du.<\/p>\n<p data-start=\"1105\" data-end=\"1124\"><strong data-start=\"1105\" data-end=\"1122\">Tilpums: 30 g<\/strong><\/p>\n","protected":false},"excerpt":{"rendered":"<p data-start=\"1261\" data-end=\"1325\">Depigment\u0113jo\u0161s kr\u0113ms \u0101das to\u0146a izl\u012bdzin\u0101\u0161anai un izgaismo\u0161anai<\/p>\n<h2 data-start=\"1327\" data-end=\"1618\"><strong data-start=\"1327\" data-end=\"1364\">Mesoestetic &#8211; Cosmelan 2 \u012bpa\u0161\u012bbas<\/strong><\/h2>\n<p data-start=\"1327\" data-end=\"1618\">\u2714\ufe0f Efekt\u012bvi izgaismo pigmenta plankumus un nov\u0113r\u0161 to atk\u0101rto\u0161anos<br data-start=\"1432\" data-end=\"1435\" \/>\u2714\ufe0f Regul\u0113 p\u0101rm\u0113r\u012bgu melan\u012bna ra\u017eo\u0161anu<br data-start=\"1472\" data-end=\"1475\" \/>\u2714\ufe0f Uzlabo \u0101das strukt\u016bru un elast\u012bbu<br data-start=\"1511\" data-end=\"1514\" \/>\u2714\ufe0f Uztur mitrumu un komfortu visas dienas garum\u0101<br data-start=\"1562\" data-end=\"1565\" \/>\u2714\ufe0f Pie\u0161\u0137ir \u0101dai svaigu, vienm\u0113r\u012bgu un koptu izskatu<\/p>\n","protected":false},"featured_media":66913,"template":"","meta":[],"pwb-brand":[1132],"product_brand":[],"product_cat":[737,749,751],"product_tag":[],"giftcard-category":[],"class_list":{"0":"post-55094","1":"product","2":"type-product","3":"status-publish","4":"has-post-thumbnail","6":"pwb-brand-mesoestetic","7":"product_cat-mitrinasana","8":"product_cat-novecojosa-ada","9":"product_cat-pigmentacija-lv","11":"first","12":"instock","13":"taxable","14":"shipping-taxable","15":"purchasable","16":"product-type-simple"},"acf":[],"brands":[{"id":1132,"name":"Mesoestetic","slug":"mesoestetic"}],"_links":{"self":[{"href":"https:\/\/skinstudio.ee\/lv\/wp-json\/wp\/v2\/product\/55094","targetHints":{"allow":["GET"]}}],"collection":[{"href":"https:\/\/skinstudio.ee\/lv\/wp-json\/wp\/v2\/product"}],"about":[{"href":"https:\/\/skinstudio.ee\/lv\/wp-json\/wp\/v2\/types\/product"}],"version-history":[{"count":0,"href":"https:\/\/skinstudio.ee\/lv\/wp-json\/wp\/v2\/product\/55094\/revisions"}],"wp:featuredmedia":[{"embeddable":true,"href":"https:\/\/skinstudio.ee\/lv\/wp-json\/wp\/v2\/media\/66913"}],"wp:attachment":[{"href":"https:\/\/skinstudio.ee\/lv\/wp-json\/wp\/v2\/media?parent=55094"}],"wp:term":[{"taxonomy":"pwb-brand","embeddable":true,"href":"https:\/\/skinstudio.ee\/lv\/wp-json\/wp\/v2\/pwb-brand?post=55094"},{"taxonomy":"product_brand","embeddable":true,"href":"https:\/\/skinstudio.ee\/lv\/wp-json\/wp\/v2\/product_brand?post=55094"},{"taxonomy":"product_cat","embeddable":true,"href":"https:\/\/skinstudio.ee\/lv\/wp-json\/wp\/v2\/product_cat?post=55094"},{"taxonomy":"product_tag","embeddable":true,"href":"https:\/\/skinstudio.ee\/lv\/wp-json\/wp\/v2\/product_tag?post=55094"},{"taxonomy":"giftcard-category","embeddable":true,"href":"https:\/\/skinstudio.ee\/lv\/wp-json\/wp\/v2\/giftcard-category?post=55094"}],"curies":[{"name":"wp","href":"https:\/\/api.w.org\/{rel}","templated":true}]}}