{"id":55111,"date":"2025-10-22T14:22:48","date_gmt":"2025-10-22T14:22:48","guid":{"rendered":"https:\/\/skinstudio.ee\/?post_type=product&#038;p=55111"},"modified":"2025-12-30T17:05:07","modified_gmt":"2025-12-30T17:05:07","slug":"mesoprotech-melan-130-pigment-control","status":"publish","type":"product","link":"https:\/\/skinstudio.ee\/lv\/catalog\/mesoestetic\/mesoprotech-melan-130-pigment-control\/","title":{"rendered":"Mesoprotech Melan 130 Pigment Control"},"content":{"rendered":"<p data-start=\"64\" data-end=\"390\">Ton\u0113ts saules aizsargkr\u0113ms ar \u013coti augstu aizsardz\u012bbas l\u012bmeni, izstr\u0101d\u0101ts \u0101dai ar noslieci uz hiperpigment\u0101ciju un nevienm\u0113r\u012bgu toni. Mesoestetic Mesoprotech Melan 130 Pigment Control nodro\u0161ina dro\u0161u aizsardz\u012bbu pret UVA, UVB, HEV un IR starojumu, nov\u0113r\u0161 jaunu pigmenta plankumu veido\u0161anos un vienlaikus uzlabo \u0101das izskatu.<\/p>\n<p data-start=\"392\" data-end=\"691\">Pateicoties akt\u012bvaj\u0101m sast\u0101vda\u013c\u0101m &#8211; Potassium Azelaoyl Diglycinate un Mesoprotech Complex &#8211; kr\u0113ms regul\u0113 melan\u012bna sint\u0113zi, izl\u012bdzina \u0101das toni un pastiprina izgaismojo\u0161o efektu. Viegl\u0101 ton\u0113t\u0101 tekst\u016bra vienm\u0113r\u012bgi kl\u0101jas uz \u0101das, mask\u0113jot nepiln\u012bbas un pie\u0161\u0137irot sejai dabisku un vienm\u0113r\u012bgu izskatu.<\/p>\n<p data-start=\"693\" data-end=\"878\">Formula ir \u016bdensiztur\u012bga un piem\u0113rota visiem \u0101das tipiem, tostarp jut\u012bgai \u0101dai. Ide\u0101li piem\u0113rota ikdienas lieto\u0161anai, \u012bpa\u0161i \u0101dai ar noslieci uz hiperpigment\u0101ciju un saules boj\u0101jumiem.<\/p>\n<p data-start=\"880\" data-end=\"900\"><strong data-start=\"880\" data-end=\"898\">Tilpums: 50 ml<\/strong><\/p>\n","protected":false},"excerpt":{"rendered":"<p data-start=\"1468\" data-end=\"1524\">Ton\u0113ts saules aizsargkr\u0113ms ar pretpigment\u0101cijas efektu<\/p>\n<h2 data-start=\"1526\" data-end=\"1888\"><strong data-start=\"1526\" data-end=\"1590\">Mesoestetic &#8211; Mesoprotech Melan 130 Pigment Control \u012bpa\u0161\u012bbas<\/strong><\/h2>\n<p data-start=\"1526\" data-end=\"1888\">\u2714\ufe0f Nodro\u0161ina \u013coti augstu aizsardz\u012bbu pret UVA, UVB, HEV un IR starojumu<br data-start=\"1664\" data-end=\"1667\" \/>\u2714\ufe0f Regul\u0113 melan\u012bna sint\u0113zi un nov\u0113r\u0161 pigmenta plankumu veido\u0161anos<br data-start=\"1732\" data-end=\"1735\" \/>\u2714\ufe0f Izl\u012bdzina toni un pie\u0161\u0137ir \u0101dai dabisku mirdzumu<br data-start=\"1785\" data-end=\"1788\" \/>\u2714\ufe0f Mask\u0113 nepiln\u012bbas un uzlabo \u0101das izskatu<br data-start=\"1830\" data-end=\"1833\" \/>\u2714\ufe0f Piem\u0113rots visiem \u0101das tipiem, tostarp jut\u012bgai \u0101dai<\/p>\n","protected":false},"featured_media":66908,"template":"","meta":[],"pwb-brand":[1132],"product_brand":[],"product_cat":[751,731],"product_tag":[],"giftcard-category":[],"class_list":{"0":"post-55111","1":"product","2":"type-product","3":"status-publish","4":"has-post-thumbnail","6":"pwb-brand-mesoestetic","7":"product_cat-pigmentacija-lv","8":"product_cat-spf-aizsardziba","10":"first","11":"instock","12":"taxable","13":"shipping-taxable","14":"purchasable","15":"product-type-simple"},"acf":[],"brands":[{"id":1132,"name":"Mesoestetic","slug":"mesoestetic"}],"_links":{"self":[{"href":"https:\/\/skinstudio.ee\/lv\/wp-json\/wp\/v2\/product\/55111","targetHints":{"allow":["GET"]}}],"collection":[{"href":"https:\/\/skinstudio.ee\/lv\/wp-json\/wp\/v2\/product"}],"about":[{"href":"https:\/\/skinstudio.ee\/lv\/wp-json\/wp\/v2\/types\/product"}],"version-history":[{"count":0,"href":"https:\/\/skinstudio.ee\/lv\/wp-json\/wp\/v2\/product\/55111\/revisions"}],"wp:featuredmedia":[{"embeddable":true,"href":"https:\/\/skinstudio.ee\/lv\/wp-json\/wp\/v2\/media\/66908"}],"wp:attachment":[{"href":"https:\/\/skinstudio.ee\/lv\/wp-json\/wp\/v2\/media?parent=55111"}],"wp:term":[{"taxonomy":"pwb-brand","embeddable":true,"href":"https:\/\/skinstudio.ee\/lv\/wp-json\/wp\/v2\/pwb-brand?post=55111"},{"taxonomy":"product_brand","embeddable":true,"href":"https:\/\/skinstudio.ee\/lv\/wp-json\/wp\/v2\/product_brand?post=55111"},{"taxonomy":"product_cat","embeddable":true,"href":"https:\/\/skinstudio.ee\/lv\/wp-json\/wp\/v2\/product_cat?post=55111"},{"taxonomy":"product_tag","embeddable":true,"href":"https:\/\/skinstudio.ee\/lv\/wp-json\/wp\/v2\/product_tag?post=55111"},{"taxonomy":"giftcard-category","embeddable":true,"href":"https:\/\/skinstudio.ee\/lv\/wp-json\/wp\/v2\/giftcard-category?post=55111"}],"curies":[{"name":"wp","href":"https:\/\/api.w.org\/{rel}","templated":true}]}}