{"id":55128,"date":"2025-10-22T14:35:19","date_gmt":"2025-10-22T14:35:19","guid":{"rendered":"https:\/\/skinstudio.ee\/?post_type=product&#038;p=55128"},"modified":"2026-04-15T09:09:42","modified_gmt":"2026-04-15T09:09:42","slug":"mesoprotech-ple-gummies","status":"publish","type":"product","link":"https:\/\/skinstudio.ee\/lv\/catalog\/mesoestetic\/mesoprotech-ple-gummies\/","title":{"rendered":"Mesoprotech Ple Gummies"},"content":{"rendered":"<p data-start=\"76\" data-end=\"210\"><strong data-start=\"76\" data-end=\"210\">Mesoprotech PLE Gummies no Mesoestetic &#8211; uztura bag\u0101tin\u0101t\u0101js ko\u0161\u013c\u0101jamo pastilu veid\u0101 ar vitam\u012bniem un augu izcelsmes komponentiem.<\/strong><\/p>\n<p data-start=\"212\" data-end=\"375\">Formula paredz\u0113ta ikdienas lieto\u0161anai un satur sast\u0101vda\u013cas, kuras pla\u0161i izmanto uztura bag\u0101tin\u0101t\u0101jos. Ko\u0161\u013c\u0101jamo pastilu forma nodro\u0161ina \u0113rtu un pat\u012bkamu lieto\u0161anu.<\/p>\n<p data-start=\"377\" data-end=\"550\">Sast\u0101v\u0101 ir augu ekstrakts Polypodium leucotomos, vitam\u012bni B3, C, E un D3, k\u0101 ar\u012b karotino\u012bdi, tostarp lute\u012bns un zeaksant\u012bns. Produkts piem\u0113rots iek\u013cau\u0161anai ikdienas uztur\u0101.<\/p>\n<p data-start=\"552\" data-end=\"752\"><strong data-start=\"552\" data-end=\"570\">Ra\u017eots Eirop\u0101.<\/strong><br data-start=\"570\" data-end=\"573\" \/><strong data-start=\"573\" data-end=\"594\">Der\u012bguma termi\u0146\u0161:<\/strong> skat\u012bt uz iepakojuma<br data-start=\"615\" data-end=\"618\" \/><strong data-start=\"618\" data-end=\"644\">Uzglab\u0101\u0161anas apst\u0101k\u013ci:<\/strong> uzglab\u0101t cie\u0161i nosl\u0113gtu saus\u0101, v\u0113s\u0101 viet\u0101, b\u0113rniem nepieejam\u0101 viet\u0101<br data-start=\"712\" data-end=\"715\" \/><strong data-start=\"715\" data-end=\"727\">Tilpums:<\/strong> 60 ko\u0161\u013c\u0101jam\u0101s pastilas<\/p>\n","protected":false},"excerpt":{"rendered":"<p data-start=\"1227\" data-end=\"1266\">Ko\u0161\u013c\u0101jamo pastilu uztura bag\u0101tin\u0101t\u0101js<\/p>\n<h2 data-start=\"1268\" data-end=\"1318\"><strong data-start=\"1268\" data-end=\"1318\">\u012apa\u0161\u012bbas Mesoestetic &#8211; Mesoprotech PLE Gummies<\/strong><\/h2>\n<p data-start=\"1320\" data-end=\"1513\">\u2714\ufe0f Vitam\u012bnu B3, C, E un D3 komplekss<br data-start=\"1356\" data-end=\"1359\" \/>\u2714\ufe0f Polypodium leucotomos augu ekstrakts sast\u0101v\u0101<br data-start=\"1406\" data-end=\"1409\" \/>\u2714\ufe0f Karotino\u012bdi lute\u012bns un zeaksant\u012bns<br data-start=\"1446\" data-end=\"1449\" \/>\u2714\ufe0f \u0112rta forma ikdienas lieto\u0161anai<br data-start=\"1482\" data-end=\"1485\" \/>\u2714\ufe0f Daudzkomponentu sast\u0101vs<\/p>\n","protected":false},"featured_media":66903,"template":"","meta":[],"pwb-brand":[1132],"product_brand":[],"product_cat":[768],"product_tag":[],"giftcard-category":[],"class_list":{"0":"post-55128","1":"product","2":"type-product","3":"status-publish","4":"has-post-thumbnail","6":"pwb-brand-mesoestetic","7":"product_cat-vitamini","9":"first","10":"instock","11":"taxable","12":"shipping-taxable","13":"purchasable","14":"product-type-simple"},"acf":[],"brands":[{"id":1132,"name":"Mesoestetic","slug":"mesoestetic"}],"_links":{"self":[{"href":"https:\/\/skinstudio.ee\/lv\/wp-json\/wp\/v2\/product\/55128","targetHints":{"allow":["GET"]}}],"collection":[{"href":"https:\/\/skinstudio.ee\/lv\/wp-json\/wp\/v2\/product"}],"about":[{"href":"https:\/\/skinstudio.ee\/lv\/wp-json\/wp\/v2\/types\/product"}],"version-history":[{"count":2,"href":"https:\/\/skinstudio.ee\/lv\/wp-json\/wp\/v2\/product\/55128\/revisions"}],"predecessor-version":[{"id":90930,"href":"https:\/\/skinstudio.ee\/lv\/wp-json\/wp\/v2\/product\/55128\/revisions\/90930"}],"wp:featuredmedia":[{"embeddable":true,"href":"https:\/\/skinstudio.ee\/lv\/wp-json\/wp\/v2\/media\/66903"}],"wp:attachment":[{"href":"https:\/\/skinstudio.ee\/lv\/wp-json\/wp\/v2\/media?parent=55128"}],"wp:term":[{"taxonomy":"pwb-brand","embeddable":true,"href":"https:\/\/skinstudio.ee\/lv\/wp-json\/wp\/v2\/pwb-brand?post=55128"},{"taxonomy":"product_brand","embeddable":true,"href":"https:\/\/skinstudio.ee\/lv\/wp-json\/wp\/v2\/product_brand?post=55128"},{"taxonomy":"product_cat","embeddable":true,"href":"https:\/\/skinstudio.ee\/lv\/wp-json\/wp\/v2\/product_cat?post=55128"},{"taxonomy":"product_tag","embeddable":true,"href":"https:\/\/skinstudio.ee\/lv\/wp-json\/wp\/v2\/product_tag?post=55128"},{"taxonomy":"giftcard-category","embeddable":true,"href":"https:\/\/skinstudio.ee\/lv\/wp-json\/wp\/v2\/giftcard-category?post=55128"}],"curies":[{"name":"wp","href":"https:\/\/api.w.org\/{rel}","templated":true}]}}