{"id":55147,"date":"2025-10-22T14:44:38","date_gmt":"2025-10-22T14:44:38","guid":{"rendered":"https:\/\/skinstudio.ee\/?post_type=product&#038;p=55147"},"modified":"2025-12-30T17:05:07","modified_gmt":"2025-12-30T17:05:07","slug":"mesoprotech-sun-stick","status":"publish","type":"product","link":"https:\/\/skinstudio.ee\/lv\/catalog\/mesoestetic\/mesoprotech-sun-stick\/","title":{"rendered":"Mesoprotech Sun Stick"},"content":{"rendered":"<p data-start=\"58\" data-end=\"413\">\u0112rts saules aizsargl\u012bdzeklis ar \u012bpa\u0161i augstu SPF 50+ aizsardz\u012bbas l\u012bmeni, izstr\u0101d\u0101ts jut\u012bg\u0101m sejas un \u0137erme\u0146a zon\u0101m. Mesoestetic Mesoprotech Sun Stick aizsarg\u0101 \u0101du no UVA un UVB starojuma, pal\u012bdzot nov\u0113rst boj\u0101jumus un fotonoveco\u0161anos. Kompaktais form\u0101ts \u013cauj izmantot l\u012bdzekli jebkur\u0101 laik\u0101 un viet\u0101 \u2013 ide\u0101li piem\u0113rots ikdienas lieto\u0161anai un ce\u013co\u0161anai.<\/p>\n<p data-start=\"415\" data-end=\"776\">Formula ar patent\u0113to <em data-start=\"436\" data-end=\"450\">Mesoprotech\u00ae<\/em> kompleksu un me\u017eroz\u012b\u0161u e\u013c\u013cu baro un atjauno \u0101du, veicinot t\u0101s re\u0123ener\u0101ciju un stiprinot aizsargbarjeru. Pateicoties sast\u0101vda\u013cai <em data-start=\"579\" data-end=\"596\">Collagen pro-47<\/em>, produkts veicina kolag\u0113na veido\u0161anos, uzlabojot \u0101das elast\u012bbu un gludumu. Stiks viegli uzkl\u0101jas, neatst\u0101j baltas p\u0113das un ir piem\u0113rots visiem \u0101das tipiem, tostarp jut\u012bgai \u0101dai.<\/p>\n<p data-start=\"778\" data-end=\"798\"><strong data-start=\"778\" data-end=\"796\">Tilpums: 4,5 g<\/strong><\/p>\n","protected":false},"excerpt":{"rendered":"<p data-start=\"1087\" data-end=\"1138\">Cietais saules aizsargstiks jut\u012bg\u0101m zon\u0101m SPF 50+<\/p>\n<h2 data-start=\"1140\" data-end=\"1478\"><strong data-start=\"1140\" data-end=\"1188\">Mesoestetic &#8211; Mesoprotech Sun Stick \u012bpa\u0161\u012bbas<\/strong><\/h2>\n<p data-start=\"1140\" data-end=\"1478\">\u2714\ufe0f Nodro\u0161ina \u012bpa\u0161i augstu SPF 50+ aizsardz\u012bbu<br data-start=\"1236\" data-end=\"1239\" \/>\u2714\ufe0f Stiprina \u0101das aizsargbarjeru un veicina t\u0101s atjauno\u0161anos<br data-start=\"1298\" data-end=\"1301\" \/>\u2714\ufe0f Baro un m\u012bkstina \u0101du bez taukainas sp\u012bduma<br data-start=\"1346\" data-end=\"1349\" \/>\u2714\ufe0f Kompakts form\u0101ts \u0113rtai lieto\u0161anai jebkur\u0101 laik\u0101<br data-start=\"1399\" data-end=\"1402\" \/>\u2714\ufe0f \u016adensiztur\u012bgs, bez arom\u0101ta, dermatolo\u0123iski un oftalmolo\u0123iski p\u0101rbaud\u012bts<\/p>\n","protected":false},"featured_media":66898,"template":"","meta":[],"pwb-brand":[1132],"product_brand":[],"product_cat":[731],"product_tag":[],"giftcard-category":[],"class_list":{"0":"post-55147","1":"product","2":"type-product","3":"status-publish","4":"has-post-thumbnail","6":"pwb-brand-mesoestetic","7":"product_cat-spf-aizsardziba","9":"first","10":"instock","11":"sale","12":"taxable","13":"shipping-taxable","14":"purchasable","15":"product-type-simple"},"acf":[],"brands":[{"id":1132,"name":"Mesoestetic","slug":"mesoestetic"}],"_links":{"self":[{"href":"https:\/\/skinstudio.ee\/lv\/wp-json\/wp\/v2\/product\/55147","targetHints":{"allow":["GET"]}}],"collection":[{"href":"https:\/\/skinstudio.ee\/lv\/wp-json\/wp\/v2\/product"}],"about":[{"href":"https:\/\/skinstudio.ee\/lv\/wp-json\/wp\/v2\/types\/product"}],"version-history":[{"count":0,"href":"https:\/\/skinstudio.ee\/lv\/wp-json\/wp\/v2\/product\/55147\/revisions"}],"wp:featuredmedia":[{"embeddable":true,"href":"https:\/\/skinstudio.ee\/lv\/wp-json\/wp\/v2\/media\/66898"}],"wp:attachment":[{"href":"https:\/\/skinstudio.ee\/lv\/wp-json\/wp\/v2\/media?parent=55147"}],"wp:term":[{"taxonomy":"pwb-brand","embeddable":true,"href":"https:\/\/skinstudio.ee\/lv\/wp-json\/wp\/v2\/pwb-brand?post=55147"},{"taxonomy":"product_brand","embeddable":true,"href":"https:\/\/skinstudio.ee\/lv\/wp-json\/wp\/v2\/product_brand?post=55147"},{"taxonomy":"product_cat","embeddable":true,"href":"https:\/\/skinstudio.ee\/lv\/wp-json\/wp\/v2\/product_cat?post=55147"},{"taxonomy":"product_tag","embeddable":true,"href":"https:\/\/skinstudio.ee\/lv\/wp-json\/wp\/v2\/product_tag?post=55147"},{"taxonomy":"giftcard-category","embeddable":true,"href":"https:\/\/skinstudio.ee\/lv\/wp-json\/wp\/v2\/giftcard-category?post=55147"}],"curies":[{"name":"wp","href":"https:\/\/api.w.org\/{rel}","templated":true}]}}