{"id":55164,"date":"2025-10-22T14:58:50","date_gmt":"2025-10-22T14:58:50","guid":{"rendered":"https:\/\/skinstudio.ee\/?post_type=product&#038;p=55164"},"modified":"2025-12-30T17:05:07","modified_gmt":"2025-12-30T17:05:07","slug":"mesoprotech-mineral-fluid-spf50","status":"publish","type":"product","link":"https:\/\/skinstudio.ee\/lv\/catalog\/mesoestetic\/mesoprotech-mineral-fluid-spf50\/","title":{"rendered":"Mesoprotech Mineral Fluid SPF50"},"content":{"rendered":"<p data-start=\"60\" data-end=\"373\">Ton\u0113ts miner\u0101lais saules aizsarg\u0161\u0137idrums ar augstu aizsardz\u012bbas l\u012bmeni, \u012bpa\u0161i izstr\u0101d\u0101ts jut\u012bgai un kairin\u0101tai \u0101dai, k\u0101 ar\u012b lieto\u0161anai p\u0113c est\u0113tisk\u0101m proced\u016br\u0101m. Viegl\u0101 tekst\u016bra nodro\u0161ina \u0113rtu uzkl\u0101\u0161anu bez baltas nokr\u0101sas, savuk\u0101rt augstais SPF 50+ faktors dro\u0161i aizsarg\u0101 \u0101du no kait\u012bgajiem UVA un UVB stariem.<\/p>\n<p data-start=\"375\" data-end=\"631\">Formula ar miner\u0101lu filtriem un antioksidantiem nodro\u0161ina augstu panesam\u012bbu un ir piem\u0113rota pat visjut\u012bg\u0101kajai \u0101dai. Mesoestetic Mesoprotech Mineral Fluid SPF50 pal\u012bdz saglab\u0101t vienm\u0113r\u012bgu toni un dabisku mirdzumu, padarot \u0101du maigu, gludu un aizsarg\u0101tu.<\/p>\n<p data-start=\"633\" data-end=\"657\"><strong data-start=\"633\" data-end=\"645\">Tilpums:<\/strong> <strong data-start=\"646\" data-end=\"655\">50 ml<\/strong><\/p>\n","protected":false},"excerpt":{"rendered":"<p data-start=\"845\" data-end=\"887\">Ton\u0113ts miner\u0101lais saules aizsarg\u0161\u0137idrums<\/p>\n<h2 data-start=\"889\" data-end=\"1155\"><strong data-start=\"889\" data-end=\"949\">Mesoestetic &#8211; Mesoprotech Mineral Fluid SPF50 \u012bpa\u0161\u012bbas<\/strong><\/h2>\n<p data-start=\"889\" data-end=\"1155\">\u2714\ufe0f Nodro\u0161ina augstu SPF 50+ aizsardz\u012bbu jut\u012bgai \u0101dai<br data-start=\"1004\" data-end=\"1007\" \/>\u2714\ufe0f Miner\u0101lu filtri nodro\u0161ina saudz\u012bgu un dro\u0161u aizsardz\u012bbu<br data-start=\"1065\" data-end=\"1068\" \/>\u2714\ufe0f Viegl\u0101 tekst\u016bra bez baltas nokr\u0101sas<br data-start=\"1106\" data-end=\"1109\" \/>\u2714\ufe0f Vienm\u0113r\u012bgs \u0101das tonis un dabisks mirdzums<\/p>\n","protected":false},"featured_media":66892,"template":"","meta":[],"pwb-brand":[1132],"product_brand":[],"product_cat":[731],"product_tag":[],"giftcard-category":[],"class_list":{"0":"post-55164","1":"product","2":"type-product","3":"status-publish","4":"has-post-thumbnail","6":"pwb-brand-mesoestetic","7":"product_cat-spf-aizsardziba","9":"first","10":"instock","11":"taxable","12":"shipping-taxable","13":"purchasable","14":"product-type-simple"},"acf":[],"brands":[{"id":1132,"name":"Mesoestetic","slug":"mesoestetic"}],"_links":{"self":[{"href":"https:\/\/skinstudio.ee\/lv\/wp-json\/wp\/v2\/product\/55164","targetHints":{"allow":["GET"]}}],"collection":[{"href":"https:\/\/skinstudio.ee\/lv\/wp-json\/wp\/v2\/product"}],"about":[{"href":"https:\/\/skinstudio.ee\/lv\/wp-json\/wp\/v2\/types\/product"}],"version-history":[{"count":0,"href":"https:\/\/skinstudio.ee\/lv\/wp-json\/wp\/v2\/product\/55164\/revisions"}],"wp:featuredmedia":[{"embeddable":true,"href":"https:\/\/skinstudio.ee\/lv\/wp-json\/wp\/v2\/media\/66892"}],"wp:attachment":[{"href":"https:\/\/skinstudio.ee\/lv\/wp-json\/wp\/v2\/media?parent=55164"}],"wp:term":[{"taxonomy":"pwb-brand","embeddable":true,"href":"https:\/\/skinstudio.ee\/lv\/wp-json\/wp\/v2\/pwb-brand?post=55164"},{"taxonomy":"product_brand","embeddable":true,"href":"https:\/\/skinstudio.ee\/lv\/wp-json\/wp\/v2\/product_brand?post=55164"},{"taxonomy":"product_cat","embeddable":true,"href":"https:\/\/skinstudio.ee\/lv\/wp-json\/wp\/v2\/product_cat?post=55164"},{"taxonomy":"product_tag","embeddable":true,"href":"https:\/\/skinstudio.ee\/lv\/wp-json\/wp\/v2\/product_tag?post=55164"},{"taxonomy":"giftcard-category","embeddable":true,"href":"https:\/\/skinstudio.ee\/lv\/wp-json\/wp\/v2\/giftcard-category?post=55164"}],"curies":[{"name":"wp","href":"https:\/\/api.w.org\/{rel}","templated":true}]}}