{"id":55180,"date":"2025-10-22T15:07:09","date_gmt":"2025-10-22T15:07:09","guid":{"rendered":"https:\/\/skinstudio.ee\/?post_type=product&#038;p=55180"},"modified":"2025-12-30T17:05:07","modified_gmt":"2025-12-30T17:05:07","slug":"mesoprotech-hydra-cream-spf-50","status":"publish","type":"product","link":"https:\/\/skinstudio.ee\/lv\/catalog\/mesoestetic\/mesoprotech-hydra-cream-spf-50\/","title":{"rendered":"Mesoprotech Hydra Cream SPF 50+"},"content":{"rendered":"<p data-start=\"58\" data-end=\"401\">Mesoestetic Mesoprotech Hydra Cream SPF 50+ ir saules aizsargkr\u0113ms ar augstu aizsardz\u012bbas l\u012bmeni, \u012bpa\u0161i izstr\u0101d\u0101ts sausai, jut\u012bgai un mitruma tr\u016bkuma \u0101dai. Formula ar keram\u012bdiem un patent\u0113to <strong data-start=\"249\" data-end=\"265\">Mesoprotech\u00ae<\/strong> kompleksu nodro\u0161ina pla\u0161a spektra aizsardz\u012bbu pret UVA, UVB, HEV un IR starojumu, pal\u012bdzot nov\u0113rst fotonoveco\u0161anos un mitruma zudumu.<\/p>\n<p data-start=\"403\" data-end=\"566\">Kr\u0113ms dzi\u013ci baro, atjauno \u0101das aizsargbarjeru un padara to m\u012bkstu, elast\u012bgu un komfortablu. Viegl\u0101, ne-taukain\u0101 tekst\u016bra ir ide\u0101li piem\u0113rota ikdienas lieto\u0161anai.<\/p>\n<p data-start=\"568\" data-end=\"592\"><strong data-start=\"568\" data-end=\"580\">Tilpums:<\/strong> <strong data-start=\"581\" data-end=\"590\">50 ml<\/strong><\/p>\n","protected":false},"excerpt":{"rendered":"<p data-start=\"835\" data-end=\"878\">Mitrino\u0161s saules aizsargkr\u0113ms sausai \u0101dai<\/p>\n<h2 data-start=\"880\" data-end=\"1211\"><strong data-start=\"880\" data-end=\"938\">Mesoestetic &#8211; Mesoprotech Hydra Cream SPF 50+ \u012bpa\u0161\u012bbas<\/strong><\/h2>\n<p data-start=\"880\" data-end=\"1211\">\u2714\ufe0f Nodro\u0161ina augstu SPF 50+ aizsardz\u012bbu pret UVA\/UVB\/HEV\/IR starojumu<br data-start=\"1010\" data-end=\"1013\" \/>\u2714\ufe0f Dzi\u013ci mitrina un nov\u0113r\u0161 \u0101das sausumu<br data-start=\"1052\" data-end=\"1055\" \/>\u2714\ufe0f Nostiprina \u0101das aizsargbarjeru un uzlabo elast\u012bbu<br data-start=\"1107\" data-end=\"1110\" \/>\u2714\ufe0f Padara \u0101du maigu, gludu un komfortablu<br data-start=\"1151\" data-end=\"1154\" \/>\u2714\ufe0f \u016adensiztur\u012bga formula, piem\u0113rota ikdienas lieto\u0161anai<\/p>\n","protected":false},"featured_media":66887,"template":"","meta":[],"pwb-brand":[1132],"product_brand":[],"product_cat":[731],"product_tag":[],"giftcard-category":[],"class_list":{"0":"post-55180","1":"product","2":"type-product","3":"status-publish","4":"has-post-thumbnail","6":"pwb-brand-mesoestetic","7":"product_cat-spf-aizsardziba","9":"first","10":"instock","11":"taxable","12":"shipping-taxable","13":"purchasable","14":"product-type-simple"},"acf":[],"brands":[{"id":1132,"name":"Mesoestetic","slug":"mesoestetic"}],"_links":{"self":[{"href":"https:\/\/skinstudio.ee\/lv\/wp-json\/wp\/v2\/product\/55180","targetHints":{"allow":["GET"]}}],"collection":[{"href":"https:\/\/skinstudio.ee\/lv\/wp-json\/wp\/v2\/product"}],"about":[{"href":"https:\/\/skinstudio.ee\/lv\/wp-json\/wp\/v2\/types\/product"}],"version-history":[{"count":0,"href":"https:\/\/skinstudio.ee\/lv\/wp-json\/wp\/v2\/product\/55180\/revisions"}],"wp:featuredmedia":[{"embeddable":true,"href":"https:\/\/skinstudio.ee\/lv\/wp-json\/wp\/v2\/media\/66887"}],"wp:attachment":[{"href":"https:\/\/skinstudio.ee\/lv\/wp-json\/wp\/v2\/media?parent=55180"}],"wp:term":[{"taxonomy":"pwb-brand","embeddable":true,"href":"https:\/\/skinstudio.ee\/lv\/wp-json\/wp\/v2\/pwb-brand?post=55180"},{"taxonomy":"product_brand","embeddable":true,"href":"https:\/\/skinstudio.ee\/lv\/wp-json\/wp\/v2\/product_brand?post=55180"},{"taxonomy":"product_cat","embeddable":true,"href":"https:\/\/skinstudio.ee\/lv\/wp-json\/wp\/v2\/product_cat?post=55180"},{"taxonomy":"product_tag","embeddable":true,"href":"https:\/\/skinstudio.ee\/lv\/wp-json\/wp\/v2\/product_tag?post=55180"},{"taxonomy":"giftcard-category","embeddable":true,"href":"https:\/\/skinstudio.ee\/lv\/wp-json\/wp\/v2\/giftcard-category?post=55180"}],"curies":[{"name":"wp","href":"https:\/\/api.w.org\/{rel}","templated":true}]}}