{"id":55190,"date":"2025-10-22T15:14:49","date_gmt":"2025-10-22T15:14:49","guid":{"rendered":"https:\/\/skinstudio.ee\/?post_type=product&#038;p=55190"},"modified":"2025-12-30T17:05:08","modified_gmt":"2025-12-30T17:05:08","slug":"mesoprotech-body-spray-spf-50","status":"publish","type":"product","link":"https:\/\/skinstudio.ee\/lv\/catalog\/mesoestetic\/mesoprotech-body-spray-spf-50\/","title":{"rendered":"Mesoprotech Body Spray SPF 50+"},"content":{"rendered":"<p data-start=\"57\" data-end=\"340\">Mesoestetic Mesoprotech Body Spray SPF 50+ ir inovat\u012bvs saules aizsargl\u012bdzeklis ar \u012bpa\u0161i augstu aizsardz\u012bbu un neredzamu p\u0101rkl\u0101jumu. Viegl\u0101, svaig\u0101 tekst\u016bra \u0101tri uzs\u016bcas, neatst\u0101jot lip\u012bgu vai taukainu saj\u016btu, t\u0101p\u0113c tas ir ide\u0101li piem\u0113rots akt\u012bvam dz\u012bvesveidam un saulain\u0101m dien\u0101m.<\/p>\n<p data-start=\"342\" data-end=\"620\">Formula ar patent\u0113to <strong data-start=\"363\" data-end=\"389\">Mesoprotech\u00ae kompleksu<\/strong>, <strong data-start=\"391\" data-end=\"410\">Collagen Pro-47<\/strong> un <strong data-start=\"414\" data-end=\"428\">E vitam\u012bnu<\/strong> nodro\u0161ina sp\u0113c\u012bgu antioksidantu aizsardz\u012bbu, stiprina \u0101das barjeru un pal\u012bdz uztur\u0113t t\u0101s elast\u012bbu. Aerosolu var lietot ar\u012b uz mitras vai sviedrainas \u0101das &#8211; tas paliek \u0113rts un \u016bdensiztur\u012bgs.<\/p>\n<p data-start=\"622\" data-end=\"647\"><strong data-start=\"622\" data-end=\"634\">Tilpums:<\/strong> <strong data-start=\"635\" data-end=\"645\">200 ml<\/strong><\/p>\n","protected":false},"excerpt":{"rendered":"<p data-start=\"1028\" data-end=\"1065\">Viegls \u0137erme\u0146a saules aizsargsprejs<\/p>\n<h2 data-start=\"1067\" data-end=\"1395\"><strong data-start=\"1067\" data-end=\"1124\">Mesoestetic &#8211; Mesoprotech Body Spray SPF 50+ \u012bpa\u0161\u012bbas<\/strong><\/h2>\n<p data-start=\"1067\" data-end=\"1395\">\u2714\ufe0f Nodro\u0161ina augstu SPF 50+ aizsardz\u012bbu<br data-start=\"1166\" data-end=\"1169\" \/>\u2714\ufe0f Viegl\u0101, neredzam\u0101 un netaukain\u0101 tekst\u016bra<br data-start=\"1212\" data-end=\"1215\" \/>\u2714\ufe0f Piem\u0113rots lieto\u0161anai uz mitras un sviedrainas \u0101das<br data-start=\"1268\" data-end=\"1271\" \/>\u2714\ufe0f Aizsarg\u0101 un stiprina \u0101du ar E vitam\u012bnu un Collagen Pro-47<br data-start=\"1331\" data-end=\"1334\" \/>\u2714\ufe0f \u016adensiztur\u012bgs un lieliski piem\u0113rots akt\u012bvam dz\u012bvesveidam<\/p>\n","protected":false},"featured_media":66882,"template":"","meta":[],"pwb-brand":[1132],"product_brand":[],"product_cat":[731],"product_tag":[],"giftcard-category":[],"class_list":{"0":"post-55190","1":"product","2":"type-product","3":"status-publish","4":"has-post-thumbnail","6":"pwb-brand-mesoestetic","7":"product_cat-spf-aizsardziba","9":"first","10":"instock","11":"taxable","12":"shipping-taxable","13":"purchasable","14":"product-type-simple"},"acf":[],"brands":[{"id":1132,"name":"Mesoestetic","slug":"mesoestetic"}],"_links":{"self":[{"href":"https:\/\/skinstudio.ee\/lv\/wp-json\/wp\/v2\/product\/55190","targetHints":{"allow":["GET"]}}],"collection":[{"href":"https:\/\/skinstudio.ee\/lv\/wp-json\/wp\/v2\/product"}],"about":[{"href":"https:\/\/skinstudio.ee\/lv\/wp-json\/wp\/v2\/types\/product"}],"version-history":[{"count":0,"href":"https:\/\/skinstudio.ee\/lv\/wp-json\/wp\/v2\/product\/55190\/revisions"}],"wp:featuredmedia":[{"embeddable":true,"href":"https:\/\/skinstudio.ee\/lv\/wp-json\/wp\/v2\/media\/66882"}],"wp:attachment":[{"href":"https:\/\/skinstudio.ee\/lv\/wp-json\/wp\/v2\/media?parent=55190"}],"wp:term":[{"taxonomy":"pwb-brand","embeddable":true,"href":"https:\/\/skinstudio.ee\/lv\/wp-json\/wp\/v2\/pwb-brand?post=55190"},{"taxonomy":"product_brand","embeddable":true,"href":"https:\/\/skinstudio.ee\/lv\/wp-json\/wp\/v2\/product_brand?post=55190"},{"taxonomy":"product_cat","embeddable":true,"href":"https:\/\/skinstudio.ee\/lv\/wp-json\/wp\/v2\/product_cat?post=55190"},{"taxonomy":"product_tag","embeddable":true,"href":"https:\/\/skinstudio.ee\/lv\/wp-json\/wp\/v2\/product_tag?post=55190"},{"taxonomy":"giftcard-category","embeddable":true,"href":"https:\/\/skinstudio.ee\/lv\/wp-json\/wp\/v2\/giftcard-category?post=55190"}],"curies":[{"name":"wp","href":"https:\/\/api.w.org\/{rel}","templated":true}]}}