{"id":55247,"date":"2025-10-23T08:47:26","date_gmt":"2025-10-23T08:47:26","guid":{"rendered":"https:\/\/skinstudio.ee\/?post_type=product&#038;p=55247"},"modified":"2026-01-21T13:57:19","modified_gmt":"2026-01-21T13:57:19","slug":"palace-of-beauty","status":"publish","type":"product","link":"https:\/\/skinstudio.ee\/lv\/catalog\/reviderm\/palace-of-beauty\/","title":{"rendered":"Palace of Beauty"},"content":{"rendered":"<p data-start=\"204\" data-end=\"399\">D\u0101v\u0101jiet sev 24 dienas grezn\u012bbas un \u0101das p\u0101rv\u0113rt\u012bbu. Palace of Beauty p\u0101rv\u0113r\u0161 decembri par \u012bstu skaistumkop\u0161anas ritu\u0101lu \u2013 dienu no dienas \u0101da k\u013c\u016bst mitrin\u0101t\u0101ka, stingr\u0101ka un starojo\u0161\u0101ka.<\/p>\n<p data-start=\"401\" data-end=\"964\">Komplekt\u0101 ietilpst 24 ampulas pilnv\u0113rt\u012bgam 24 dienu kursam:<\/p>\n<ul>\n<li data-start=\"401\" data-end=\"964\">Mitrino\u0161a seruma ampula <strong data-start=\"489\" data-end=\"514\">HYAL plumping ampoule<\/strong>, 5 \u00d7 2 ml<\/li>\n<li data-start=\"401\" data-end=\"964\">Atjaunojo\u0161a seruma ampula <strong data-start=\"555\" data-end=\"581\">CERA repairing ampoule<\/strong>, 3 \u00d7 2 ml<\/li>\n<li data-start=\"401\" data-end=\"964\">Liftinga seruma ampula ar pept\u012bdiem <strong data-start=\"632\" data-end=\"662\">PEPTIDE tightening ampoule<\/strong>, 5 \u00d7 2 ml<\/li>\n<li data-start=\"401\" data-end=\"964\">Kolag\u0113nu stimul\u0113jo\u0161a seruma ampula <strong data-start=\"712\" data-end=\"741\">COLLAGEN boosting ampoule<\/strong>, 4 \u00d7 2 ml<\/li>\n<li data-start=\"401\" data-end=\"964\">\u0100das toni izl\u012bdzino\u0161a ampula ar B3 vitam\u012bnu <strong data-start=\"800\" data-end=\"826\">B3 brightening ampoule<\/strong>, 2 \u00d7 2 ml<\/li>\n<li data-start=\"401\" data-end=\"964\">T\u016bl\u012bt\u0113ja liftinga ampula <strong data-start=\"866\" data-end=\"888\">speed lift ampoule<\/strong>, 2 \u00d7 2 ml<\/li>\n<li data-start=\"401\" data-end=\"964\">Mirdzumu pie\u0161\u0137iro\u0161a ampula <strong data-start=\"930\" data-end=\"952\">speed glow ampoule<\/strong>, 3 \u00d7 2 ml<\/li>\n<\/ul>\n<p data-start=\"966\" data-end=\"1094\">Katra ampula sniedz unik\u0101lu efektu, un kop\u0101 t\u0101s nodro\u0161ina piln\u012bgu \u0101das atjauno\u0161anu, atvese\u013co\u0161anu un aizsardz\u012bbu ziemas sezon\u0101.<\/p>\n","protected":false},"excerpt":{"rendered":"<p data-start=\"0\" data-end=\"39\"><strong data-start=\"5\" data-end=\"37\">Palace of Beauty &#8211; Adventa kalend\u0101rs ar ampul\u0101m<\/strong><\/p>\n<p data-start=\"41\" data-end=\"202\"><strong data-start=\"41\" data-end=\"88\">24 dienas \u2013 24 mirk\u013ci nevainojamas kop\u0161anas<\/strong><\/p>\n<p data-start=\"41\" data-end=\"202\">7 akt\u012bv\u0101s sast\u0101vda\u013cas, mirdzums un starojums \u2013 aiz katr\u0101m durti\u0146\u0101m sl\u0113pjas jauns atkl\u0101jums nevainojamai \u0101dai.<\/p>\n","protected":false},"featured_media":63779,"template":"","meta":[],"pwb-brand":[703],"product_brand":[],"product_cat":[764,755],"product_tag":[],"giftcard-category":[],"class_list":{"0":"post-55247","1":"product","2":"type-product","3":"status-publish","4":"has-post-thumbnail","6":"pwb-brand-reviderm","7":"product_cat-davanu-ideja","8":"product_cat-komplekts","10":"first","11":"instock","12":"taxable","13":"shipping-taxable","14":"purchasable","15":"product-type-simple"},"acf":[],"brands":[{"id":703,"name":"Reviderm","slug":"reviderm"}],"_links":{"self":[{"href":"https:\/\/skinstudio.ee\/lv\/wp-json\/wp\/v2\/product\/55247","targetHints":{"allow":["GET"]}}],"collection":[{"href":"https:\/\/skinstudio.ee\/lv\/wp-json\/wp\/v2\/product"}],"about":[{"href":"https:\/\/skinstudio.ee\/lv\/wp-json\/wp\/v2\/types\/product"}],"version-history":[{"count":0,"href":"https:\/\/skinstudio.ee\/lv\/wp-json\/wp\/v2\/product\/55247\/revisions"}],"wp:featuredmedia":[{"embeddable":true,"href":"https:\/\/skinstudio.ee\/lv\/wp-json\/wp\/v2\/media\/63779"}],"wp:attachment":[{"href":"https:\/\/skinstudio.ee\/lv\/wp-json\/wp\/v2\/media?parent=55247"}],"wp:term":[{"taxonomy":"pwb-brand","embeddable":true,"href":"https:\/\/skinstudio.ee\/lv\/wp-json\/wp\/v2\/pwb-brand?post=55247"},{"taxonomy":"product_brand","embeddable":true,"href":"https:\/\/skinstudio.ee\/lv\/wp-json\/wp\/v2\/product_brand?post=55247"},{"taxonomy":"product_cat","embeddable":true,"href":"https:\/\/skinstudio.ee\/lv\/wp-json\/wp\/v2\/product_cat?post=55247"},{"taxonomy":"product_tag","embeddable":true,"href":"https:\/\/skinstudio.ee\/lv\/wp-json\/wp\/v2\/product_tag?post=55247"},{"taxonomy":"giftcard-category","embeddable":true,"href":"https:\/\/skinstudio.ee\/lv\/wp-json\/wp\/v2\/giftcard-category?post=55247"}],"curies":[{"name":"wp","href":"https:\/\/api.w.org\/{rel}","templated":true}]}}