{"id":55274,"date":"2025-10-23T09:25:26","date_gmt":"2025-10-23T09:25:26","guid":{"rendered":"https:\/\/skinstudio.ee\/?post_type=product&#038;p=55274"},"modified":"2026-01-21T13:57:16","modified_gmt":"2026-01-21T13:57:16","slug":"bath-body-boulevard","status":"publish","type":"product","link":"https:\/\/skinstudio.ee\/lv\/catalog\/reviderm\/bath-body-boulevard\/","title":{"rendered":"Bath &#038; Body Boulevard"},"content":{"rendered":"<p data-start=\"67\" data-end=\"345\">Ieniriet izsmalcin\u0101ta komforta atmosf\u0113r\u0101 ar Bath &amp; Body Boulevard duetu, kas rad\u012bts ikdienas baudas br\u012b\u017eiem, sniedzot \u0101dai maigumu un burv\u012bgu arom\u0101tu.<br data-start=\"217\" data-end=\"220\" \/>Ide\u0101la maigas att\u012bro\u0161\u0101s putas un barojo\u0161\u0101 \u0137erme\u0146a kr\u0113ma kombin\u0101cija p\u0101rv\u0113r\u0161 ikdienas kop\u0161anu \u012bst\u0101 skaistumkop\u0161anas ritu\u0101l\u0101.<\/p>\n<p data-start=\"347\" data-end=\"372\"><strong data-start=\"347\" data-end=\"370\">Komplekt\u0101 ietilpst:<\/strong><\/p>\n<p data-start=\"374\" data-end=\"623\"><strong data-start=\"374\" data-end=\"403\">Body Shower Foam (200 ml)<\/strong> \u2013 greznas putas samtainai \u0101dai.<br data-start=\"435\" data-end=\"438\" \/>Maigas att\u012bro\u0161\u0101s putas saudz\u012bgi att\u012bra un vienlaikus mitrina \u0101du. Katrs piesk\u0101riens p\u0101rv\u0113r\u0161 du\u0161u relaks\u0113jo\u0161\u0101 baud\u0101, savuk\u0101rt izsmalcin\u0101tais arom\u0101ts rada harmonijas un kop\u0161anas saj\u016btu.<\/p>\n<p data-start=\"625\" data-end=\"922\"><strong data-start=\"625\" data-end=\"658\">Body Nutri Rich Care (200 ml)<\/strong> \u2013 atjaunojo\u0161s \u0137erme\u0146a kr\u0113ms ar liftinga efektu.<br data-start=\"706\" data-end=\"709\" \/>Bag\u0101t\u012bgs, samtainas tekst\u016bras kr\u0113ms, kas baro, mitrina un nostiprina \u0101du. Akt\u012bv\u0101s sast\u0101vda\u013cas &#8211; omega-3, pept\u012bdi, hialuronsk\u0101be un keram\u012bdi &#8211; atjauno \u0101das strukt\u016bru, uzlabo elast\u012bbu un pie\u0161\u0137ir vesel\u012bgu mirdzumu.<\/p>\n","protected":false},"excerpt":{"rendered":"<p><strong>Divi izsmalcin\u0101ti \u0137erme\u0146a kop\u0161anas l\u012bdzek\u013ci &#8211; viens maigs ritu\u0101ls!<\/strong><\/p>\n<p>Gais\u012bg\u0101s du\u0161as putas un barojo\u0161ais \u0137erme\u0146a kr\u0113ms p\u0101rv\u0113rt\u012bs j\u016bsu kop\u0161anas rut\u012bnu maiguma un starojuma pieredz\u0113.<\/p>\n","protected":false},"featured_media":63774,"template":"","meta":[],"pwb-brand":[703],"product_brand":[],"product_cat":[764,755],"product_tag":[],"giftcard-category":[],"class_list":{"0":"post-55274","1":"product","2":"type-product","3":"status-publish","4":"has-post-thumbnail","6":"pwb-brand-reviderm","7":"product_cat-davanu-ideja","8":"product_cat-komplekts","10":"first","11":"instock","12":"taxable","13":"shipping-taxable","14":"purchasable","15":"product-type-simple"},"acf":[],"brands":[{"id":703,"name":"Reviderm","slug":"reviderm"}],"_links":{"self":[{"href":"https:\/\/skinstudio.ee\/lv\/wp-json\/wp\/v2\/product\/55274","targetHints":{"allow":["GET"]}}],"collection":[{"href":"https:\/\/skinstudio.ee\/lv\/wp-json\/wp\/v2\/product"}],"about":[{"href":"https:\/\/skinstudio.ee\/lv\/wp-json\/wp\/v2\/types\/product"}],"version-history":[{"count":0,"href":"https:\/\/skinstudio.ee\/lv\/wp-json\/wp\/v2\/product\/55274\/revisions"}],"wp:featuredmedia":[{"embeddable":true,"href":"https:\/\/skinstudio.ee\/lv\/wp-json\/wp\/v2\/media\/63774"}],"wp:attachment":[{"href":"https:\/\/skinstudio.ee\/lv\/wp-json\/wp\/v2\/media?parent=55274"}],"wp:term":[{"taxonomy":"pwb-brand","embeddable":true,"href":"https:\/\/skinstudio.ee\/lv\/wp-json\/wp\/v2\/pwb-brand?post=55274"},{"taxonomy":"product_brand","embeddable":true,"href":"https:\/\/skinstudio.ee\/lv\/wp-json\/wp\/v2\/product_brand?post=55274"},{"taxonomy":"product_cat","embeddable":true,"href":"https:\/\/skinstudio.ee\/lv\/wp-json\/wp\/v2\/product_cat?post=55274"},{"taxonomy":"product_tag","embeddable":true,"href":"https:\/\/skinstudio.ee\/lv\/wp-json\/wp\/v2\/product_tag?post=55274"},{"taxonomy":"giftcard-category","embeddable":true,"href":"https:\/\/skinstudio.ee\/lv\/wp-json\/wp\/v2\/giftcard-category?post=55274"}],"curies":[{"name":"wp","href":"https:\/\/api.w.org\/{rel}","templated":true}]}}