{"id":55295,"date":"2025-10-23T09:34:07","date_gmt":"2025-10-23T09:34:07","guid":{"rendered":"https:\/\/skinstudio.ee\/?post_type=product&#038;p=55295"},"modified":"2026-01-21T13:57:18","modified_gmt":"2026-01-21T13:57:18","slug":"glow-avenue","status":"publish","type":"product","link":"https:\/\/skinstudio.ee\/lv\/catalog\/reviderm\/glow-avenue\/","title":{"rendered":"Glow Avenue"},"content":{"rendered":"<p data-start=\"55\" data-end=\"401\">Ieniriet jutekliskas kop\u0161anas atmosf\u0113r\u0101 ar Glow Avenue komplektu, kas rad\u012bts tiem, kuri v\u0113las atmodin\u0101t \u0101das dabisko starojumu.<br data-start=\"182\" data-end=\"185\" \/>Divi produkti, kurus vieno viena filozofija \u2013 mirdz\u0113t no iek\u0161puses un \u0101rpuses.<br data-start=\"263\" data-end=\"266\" \/>Grezn\u0101 maska ar t\u016bl\u012bt\u0113ju \u201cglow\u201d efektu un intens\u012bvi mitrino\u0161ais serums darbojas duet\u0101, atjaunojot \u0101das gludumu, svaigumu un ener\u0123iju.<\/p>\n<p data-start=\"403\" data-end=\"428\"><strong data-start=\"403\" data-end=\"426\">Komplekt\u0101 ietilpst:<\/strong><\/p>\n<p data-start=\"430\" data-end=\"732\"><strong data-start=\"430\" data-end=\"455\">OPC Glow Mask (50 ml)<\/strong> \u2013 t\u016bl\u012bt\u0113ja mirdzuma nosl\u0113pums.<br data-start=\"486\" data-end=\"489\" \/>Grezn\u0101 maska atmodina \u0101du, pie\u0161\u0137irot tai maigumu, svaigumu un gaismu. Litopsa ekstrakts, \u0161\u012b sviests un dab\u012bgie antioksidanti aizsarg\u0101 \u0101du, izl\u012bdzina un padara to z\u012bdaini gludu. Jau p\u0113c pirm\u0101s lieto\u0161anas reizes \u0101da k\u013c\u016bst starojo\u0161a un dz\u012bv\u012bga.<\/p>\n<p data-start=\"734\" data-end=\"1050\"><strong data-start=\"734\" data-end=\"771\">Hyaluron Hydro Balance HD (30 ml)<\/strong> \u2013 izsmalcin\u0101ts mitrin\u0101jums visos l\u012bme\u0146os.<br data-start=\"813\" data-end=\"816\" \/>Intens\u012bvs serums ar krusteniski saist\u012btu hialuronsk\u0101bi nekav\u0113joties atjauno \u0101das mitruma l\u012bdzsvaru, pal\u012bdz saglab\u0101t mitrumu un uzlabo elast\u012bbu. Tas padara \u0101du stingr\u0101ku, glud\u0101ku un pie\u0161\u0137ir svaiguma saj\u016btu, d\u0101v\u0101jot iek\u0161\u0113ju starojumu.<\/p>\n","protected":false},"excerpt":{"rendered":"<p data-start=\"1513\" data-end=\"1698\"><strong>Laipni l\u016bgti nevainojama mirdzuma pasaul\u0113!<\/strong><\/p>\n<p data-start=\"1513\" data-end=\"1698\">\u0160eit s\u0101kas tavs greznais skaistuma st\u0101sts.<\/p>\n<p data-start=\"1513\" data-end=\"1698\">Divi pilna izm\u0113ra skaistumkop\u0161anas d\u0101rgumi pie\u0161\u0137irs tavai \u0101dai zvaig\u017e\u0146otu mirdzumu \u2013 atkl\u0101j savu sp\u012bdumu.<\/p>\n","protected":false},"featured_media":63769,"template":"","meta":[],"pwb-brand":[703],"product_brand":[],"product_cat":[764,755],"product_tag":[],"giftcard-category":[],"class_list":{"0":"post-55295","1":"product","2":"type-product","3":"status-publish","4":"has-post-thumbnail","6":"pwb-brand-reviderm","7":"product_cat-davanu-ideja","8":"product_cat-komplekts","10":"first","11":"instock","12":"taxable","13":"shipping-taxable","14":"purchasable","15":"product-type-simple"},"acf":[],"brands":[{"id":703,"name":"Reviderm","slug":"reviderm"}],"_links":{"self":[{"href":"https:\/\/skinstudio.ee\/lv\/wp-json\/wp\/v2\/product\/55295","targetHints":{"allow":["GET"]}}],"collection":[{"href":"https:\/\/skinstudio.ee\/lv\/wp-json\/wp\/v2\/product"}],"about":[{"href":"https:\/\/skinstudio.ee\/lv\/wp-json\/wp\/v2\/types\/product"}],"version-history":[{"count":0,"href":"https:\/\/skinstudio.ee\/lv\/wp-json\/wp\/v2\/product\/55295\/revisions"}],"wp:featuredmedia":[{"embeddable":true,"href":"https:\/\/skinstudio.ee\/lv\/wp-json\/wp\/v2\/media\/63769"}],"wp:attachment":[{"href":"https:\/\/skinstudio.ee\/lv\/wp-json\/wp\/v2\/media?parent=55295"}],"wp:term":[{"taxonomy":"pwb-brand","embeddable":true,"href":"https:\/\/skinstudio.ee\/lv\/wp-json\/wp\/v2\/pwb-brand?post=55295"},{"taxonomy":"product_brand","embeddable":true,"href":"https:\/\/skinstudio.ee\/lv\/wp-json\/wp\/v2\/product_brand?post=55295"},{"taxonomy":"product_cat","embeddable":true,"href":"https:\/\/skinstudio.ee\/lv\/wp-json\/wp\/v2\/product_cat?post=55295"},{"taxonomy":"product_tag","embeddable":true,"href":"https:\/\/skinstudio.ee\/lv\/wp-json\/wp\/v2\/product_tag?post=55295"},{"taxonomy":"giftcard-category","embeddable":true,"href":"https:\/\/skinstudio.ee\/lv\/wp-json\/wp\/v2\/giftcard-category?post=55295"}],"curies":[{"name":"wp","href":"https:\/\/api.w.org\/{rel}","templated":true}]}}