{"id":55301,"date":"2025-07-30T10:54:39","date_gmt":"2025-07-30T10:54:39","guid":{"rendered":"https:\/\/skinstudio.ee\/?post_type=product&#038;p=55301"},"modified":"2026-03-19T09:51:49","modified_gmt":"2026-03-19T09:51:49","slug":"warming-honey-cleanser","status":"publish","type":"product","link":"https:\/\/skinstudio.ee\/lv\/catalog\/is-clinical-lv\/warming-honey-cleanser\/","title":{"rendered":"Warming Honey Cleanser"},"content":{"rendered":"<p data-start=\"141\" data-end=\"447\"><strong data-start=\"141\" data-end=\"182\">Warming Honey Cleanser no iS Clinical<\/strong> ir profesion\u0101ls att\u012bro\u0161s l\u012bdzeklis ar sildo\u0161u efektu, kas nodro\u0161ina dzi\u013cu att\u012br\u012b\u0161anu, maigu eksfoli\u0101ciju un komfortu lieto\u0161anas laik\u0101. Formula efekt\u012bvi no\u0146em net\u012brumus, lieko sebumu un kosm\u0113tikas atlikumus, neizjaucot \u0101das aizsargbarjeru un neradot sausuma saj\u016btu.<\/p>\n<p data-start=\"449\" data-end=\"776\">Saskaroties ar \u0101du, tekst\u016bra aktiviz\u0113jas un rada pat\u012bkamu sildo\u0161u efektu, kas veicina efekt\u012bv\u0101ku att\u012br\u012b\u0161anu un mikrocirkul\u0101ciju. Dab\u012bgo komponentu un enz\u012bmu komplekss pal\u012bdz no\u0146emt atmiru\u0161\u0101s \u0161\u016bnas, izl\u012bdzina \u0101das tekst\u016bru un padara \u0101du glud\u0101ku, maig\u0101ku un vienm\u0113r\u012bg\u0101ku. P\u0113c lieto\u0161anas \u0101da izskat\u0101s svaiga, kopta un l\u012bdzsvarota.<\/p>\n<p data-start=\"778\" data-end=\"1063\"><strong data-start=\"778\" data-end=\"810\">Akt\u012bvo sast\u0101vda\u013cu iedarb\u012bba:<\/strong><br \/>\n<strong data-start=\"811\" data-end=\"827\">Mel (medus):<\/strong> m\u012bkstina \u0101du, pal\u012bdz uztur\u0113t mitruma l\u012bdzsvaru un uzlabo \u0101das izskatu<br data-start=\"897\" data-end=\"900\" \/><strong data-start=\"900\" data-end=\"911\">Papain:<\/strong> maigi eksfoli\u0113 un izl\u012bdzina \u0101das tekst\u016bru<br data-start=\"953\" data-end=\"956\" \/><strong data-start=\"956\" data-end=\"1003\">Camellia Sinensis Leaf Extract (za\u013c\u0101 t\u0113ja):<\/strong> nodro\u0161ina antioksidantu aizsardz\u012bbu un mazina \u0101das stresu<\/p>\n<p data-start=\"1065\" data-end=\"1235\"><strong data-start=\"1065\" data-end=\"1079\">K\u0101 lietot:<\/strong><br data-start=\"1079\" data-end=\"1082\" \/>Uzkl\u0101j nelielu daudzumu uz mitras sejas un kakla \u0101das, izvairoties no acu zonas. Mas\u0113 l\u012bdz par\u0101d\u0101s sildo\u0161a saj\u016bta, p\u0113c tam r\u016bp\u012bgi noskalo ar siltu \u016bdeni.<\/p>\n<p data-start=\"1237\" data-end=\"1353\"><strong data-start=\"1237\" data-end=\"1278\">Kam piem\u0113rots Warming Honey Cleanser:<\/strong> visiem \u0101das tipiem, tostarp kombin\u0113tai, taukainai un problem\u0101tiskai \u0101dai<\/p>\n<p data-start=\"1355\" data-end=\"1374\"><strong data-start=\"1355\" data-end=\"1374\">Tilpums: 120 ml<\/strong><\/p>\n","protected":false},"excerpt":{"rendered":"<p>Sildo\u0161s att\u012bro\u0161s g\u0113ls<\/p>\n<h2 data-start=\"1376\" data-end=\"1449\"><strong data-start=\"1400\" data-end=\"1449\">\u012apa\u0161\u012bbas iS Clinical &#8211; Warming Honey Cleanser<\/strong><\/h2>\n<p data-start=\"1451\" data-end=\"1639\">\u2714\ufe0f Dzi\u013ci att\u012bra, neiz\u017e\u0101v\u0113jot \u0101du<br data-start=\"1483\" data-end=\"1486\" \/>\u2714\ufe0f M\u012bkstina un izl\u012bdzina \u0101das tekst\u016bru<br data-start=\"1524\" data-end=\"1527\" \/>\u2714\ufe0f Nodro\u0161ina maigu enz\u012bmu eksfoli\u0101ciju<br data-start=\"1565\" data-end=\"1568\" \/>\u2714\ufe0f Atbalsta \u0101das l\u012bdzsvaru un komfortu<br data-start=\"1606\" data-end=\"1609\" \/>\u2714\ufe0f Padara \u0101du gludu un koptu<\/p>\n","protected":false},"featured_media":39958,"template":"","meta":[],"pwb-brand":[1179],"product_brand":[],"product_cat":[715],"product_tag":[],"giftcard-category":[],"class_list":{"0":"post-55301","1":"product","2":"type-product","3":"status-publish","4":"has-post-thumbnail","6":"pwb-brand-is-clinical-lv","7":"product_cat-attirisana","9":"first","10":"instock","11":"taxable","12":"shipping-taxable","13":"purchasable","14":"product-type-simple"},"acf":[],"brands":[{"id":1179,"name":"IS CLINICAL","slug":"is-clinical-lv"}],"_links":{"self":[{"href":"https:\/\/skinstudio.ee\/lv\/wp-json\/wp\/v2\/product\/55301","targetHints":{"allow":["GET"]}}],"collection":[{"href":"https:\/\/skinstudio.ee\/lv\/wp-json\/wp\/v2\/product"}],"about":[{"href":"https:\/\/skinstudio.ee\/lv\/wp-json\/wp\/v2\/types\/product"}],"version-history":[{"count":1,"href":"https:\/\/skinstudio.ee\/lv\/wp-json\/wp\/v2\/product\/55301\/revisions"}],"predecessor-version":[{"id":86799,"href":"https:\/\/skinstudio.ee\/lv\/wp-json\/wp\/v2\/product\/55301\/revisions\/86799"}],"wp:featuredmedia":[{"embeddable":true,"href":"https:\/\/skinstudio.ee\/lv\/wp-json\/wp\/v2\/media\/39958"}],"wp:attachment":[{"href":"https:\/\/skinstudio.ee\/lv\/wp-json\/wp\/v2\/media?parent=55301"}],"wp:term":[{"taxonomy":"pwb-brand","embeddable":true,"href":"https:\/\/skinstudio.ee\/lv\/wp-json\/wp\/v2\/pwb-brand?post=55301"},{"taxonomy":"product_brand","embeddable":true,"href":"https:\/\/skinstudio.ee\/lv\/wp-json\/wp\/v2\/product_brand?post=55301"},{"taxonomy":"product_cat","embeddable":true,"href":"https:\/\/skinstudio.ee\/lv\/wp-json\/wp\/v2\/product_cat?post=55301"},{"taxonomy":"product_tag","embeddable":true,"href":"https:\/\/skinstudio.ee\/lv\/wp-json\/wp\/v2\/product_tag?post=55301"},{"taxonomy":"giftcard-category","embeddable":true,"href":"https:\/\/skinstudio.ee\/lv\/wp-json\/wp\/v2\/giftcard-category?post=55301"}],"curies":[{"name":"wp","href":"https:\/\/api.w.org\/{rel}","templated":true}]}}