{"id":55306,"date":"2025-07-30T10:52:15","date_gmt":"2025-07-30T10:52:15","guid":{"rendered":"https:\/\/skinstudio.ee\/?post_type=product&#038;p=55306"},"modified":"2026-01-22T15:03:23","modified_gmt":"2026-01-22T15:03:23","slug":"warm-up-cool-down-set","status":"publish","type":"product","link":"https:\/\/skinstudio.ee\/lv\/catalog\/is-clinical-lv\/warm-up-cool-down-set\/","title":{"rendered":"Warm Up Cool Down Set"},"content":{"rendered":"<p data-start=\"0\" data-end=\"421\">Ide\u0101ls risin\u0101jums tiem, kuri mekl\u0113 efekt\u012bvu un maigu \u0101das kop\u0161anu, kas apvieno intens\u012bvu att\u012br\u012b\u0161anu un dzi\u013cu mitrin\u0101\u0161anu \u2013 SPA komplekts <strong data-start=\"144\" data-end=\"178\">iS Clinical Warm Up, Cool Down<\/strong>. Komplekt\u0101 ietilpst divi pilna izm\u0113ra bestsellera produkti: sildo\u0161ais att\u012bro\u0161ais l\u012bdzeklis ar 40% medus un papa\u012bna saturu <strong data-start=\"301\" data-end=\"327\">Warming Honey Cleanser<\/strong> un atv\u0113sino\u0161\u0101 maska t\u016bl\u012bt\u0113jam mitrin\u0101jumam un komfortam <strong data-start=\"384\" data-end=\"418\">Hydra-Intensive Cooling Masque<\/strong>.<\/p>\n<p data-start=\"423\" data-end=\"608\">M\u0101jas apst\u0101k\u013cos j\u016bs var\u0113siet veikt pilnv\u0113rt\u012bgu skaistumkop\u0161anas ritu\u0101lu \u2013 sildo\u0161u un atv\u0113sino\u0161u sejas kop\u0161anu ar iS Clinical, p\u0113c kura \u0101da k\u013c\u016bs t\u012bra, mitrin\u0101ta, pabarota un starojo\u0161a.<\/p>\n<p data-start=\"610\" data-end=\"767\">Ieg\u0101d\u0101joties <strong data-start=\"623\" data-end=\"638\">iS Clinical<\/strong> medus SPA komplektu sejai, j\u016bs sa\u0146emat ne tikai divus pilna izm\u0113ra produktus, bet ar\u012b z\u012bmola popul\u0101r\u0101ko l\u012bdzek\u013cu mini izm\u0113rus.<\/p>\n","protected":false},"excerpt":{"rendered":"<p data-start=\"1329\" data-end=\"1375\">Sildo\u0161s un atv\u0113sino\u0161s sejas kop\u0161anas ritu\u0101ls<\/p>\n<h2 data-start=\"1377\" data-end=\"1616\"><strong data-start=\"1377\" data-end=\"1434\">Komplekt\u0101 iS Clinical Warm Up Cool Down Set ietilpst<\/strong><\/h2>\n<p data-start=\"1377\" data-end=\"1616\">\u2714\ufe0f Warming Honey Cleanser 120 g<br data-start=\"1468\" data-end=\"1471\" \/>\u2714\ufe0f Hydra-Intensive Cooling Masque 120 g<br data-start=\"1510\" data-end=\"1513\" \/>\u2714\ufe0f Pro-Heal Serum Advance 3,75 ml<br data-start=\"1546\" data-end=\"1549\" \/>\u2714\ufe0f Hydra-Cool Serum 3,75 ml<br data-start=\"1576\" data-end=\"1579\" \/>\u2714\ufe0f Reparative Moisture Emulsion 2 g<\/p>\n","protected":false},"featured_media":63274,"template":"","meta":[],"pwb-brand":[1179],"product_brand":[],"product_cat":[764,755],"product_tag":[],"giftcard-category":[],"class_list":{"0":"post-55306","1":"product","2":"type-product","3":"status-publish","4":"has-post-thumbnail","6":"pwb-brand-is-clinical-lv","7":"product_cat-davanu-ideja","8":"product_cat-komplekts","10":"first","11":"instock","12":"sale","13":"taxable","14":"shipping-taxable","15":"purchasable","16":"product-type-simple"},"acf":[],"brands":[{"id":1179,"name":"IS CLINICAL","slug":"is-clinical-lv"}],"_links":{"self":[{"href":"https:\/\/skinstudio.ee\/lv\/wp-json\/wp\/v2\/product\/55306","targetHints":{"allow":["GET"]}}],"collection":[{"href":"https:\/\/skinstudio.ee\/lv\/wp-json\/wp\/v2\/product"}],"about":[{"href":"https:\/\/skinstudio.ee\/lv\/wp-json\/wp\/v2\/types\/product"}],"version-history":[{"count":0,"href":"https:\/\/skinstudio.ee\/lv\/wp-json\/wp\/v2\/product\/55306\/revisions"}],"wp:featuredmedia":[{"embeddable":true,"href":"https:\/\/skinstudio.ee\/lv\/wp-json\/wp\/v2\/media\/63274"}],"wp:attachment":[{"href":"https:\/\/skinstudio.ee\/lv\/wp-json\/wp\/v2\/media?parent=55306"}],"wp:term":[{"taxonomy":"pwb-brand","embeddable":true,"href":"https:\/\/skinstudio.ee\/lv\/wp-json\/wp\/v2\/pwb-brand?post=55306"},{"taxonomy":"product_brand","embeddable":true,"href":"https:\/\/skinstudio.ee\/lv\/wp-json\/wp\/v2\/product_brand?post=55306"},{"taxonomy":"product_cat","embeddable":true,"href":"https:\/\/skinstudio.ee\/lv\/wp-json\/wp\/v2\/product_cat?post=55306"},{"taxonomy":"product_tag","embeddable":true,"href":"https:\/\/skinstudio.ee\/lv\/wp-json\/wp\/v2\/product_tag?post=55306"},{"taxonomy":"giftcard-category","embeddable":true,"href":"https:\/\/skinstudio.ee\/lv\/wp-json\/wp\/v2\/giftcard-category?post=55306"}],"curies":[{"name":"wp","href":"https:\/\/api.w.org\/{rel}","templated":true}]}}