{"id":55311,"date":"2025-06-26T07:55:57","date_gmt":"2025-06-26T07:55:57","guid":{"rendered":"https:\/\/skinstudio.ee\/?post_type=product&#038;p=55311"},"modified":"2026-03-19T10:00:07","modified_gmt":"2026-03-19T10:00:07","slug":"extra-strength-active-peel-brightening-system","status":"publish","type":"product","link":"https:\/\/skinstudio.ee\/lv\/catalog\/is-clinical-lv\/extra-strength-active-peel-brightening-system\/","title":{"rendered":"Extra Strength Active Peel Brightening System"},"content":{"rendered":"<p data-start=\"69\" data-end=\"414\"><strong data-start=\"76\" data-end=\"140\">Extra Strength Active Peel Brightening System no iS Clinical<\/strong> &#8211; ir profesion\u0101la divpak\u0101pju p\u012blinga sist\u0113ma lieto\u0161anai m\u0101j\u0101s, kas pal\u012bdz atjaunot \u0101du, izl\u012bdzin\u0101t t\u0101s toni un pie\u0161\u0137irt izteiktu mirdzumu. Formula apvieno sk\u0101bes, antioksidantus un modernus akt\u012bvos komponentus, nodro\u0161inot redzamu rezult\u0101tu jau p\u0113c pirm\u0101s lieto\u0161anas reizes.<\/p>\n<p data-start=\"416\" data-end=\"707\">Sist\u0113ma darbojas divos posmos, nodro\u0161inot kompleksu iedarb\u012bbu: pirmaj\u0101 sol\u012b maigi no\u0146em atmiru\u0161\u0101s \u0101das \u0161\u016bnas un izl\u012bdzina \u0101das tekst\u016bru, otraj\u0101 \u2014 intens\u012bvi mitrina, nomierina un atbalsta \u0101das atjauno\u0161anos. \u0100da k\u013c\u016bst glud\u0101ka, svaig\u0101ka un starojo\u0161\u0101ka, ar vienm\u0113r\u012bg\u0101ku toni un uzlabotu izskatu.<\/p>\n<p data-start=\"709\" data-end=\"739\"><strong data-start=\"709\" data-end=\"739\">Darb\u012bba akt\u012bvo sast\u0101vda\u013cu:<\/strong><\/p>\n<p data-start=\"741\" data-end=\"822\"><strong data-start=\"741\" data-end=\"761\">AHA + BHA sk\u0101bes<\/strong>: maigi eksfoli\u0113 atmiru\u0161\u0101s \u0161\u016bnas un izl\u012bdzina \u0101das tekst\u016bru<\/p>\n<p data-start=\"824\" data-end=\"929\"><strong data-start=\"824\" data-end=\"851\">Extremozyme\u00ae Technology<\/strong>: pal\u012bdz aizsarg\u0101t \u0101du no \u0101r\u0113j\u0101s vides ietekmes un atbalsta t\u0101s atjauno\u0161anos<\/p>\n<p data-start=\"931\" data-end=\"1008\"><strong data-start=\"931\" data-end=\"954\">Eksosomas + pept\u012bdi<\/strong>: pal\u012bdz uzlabot \u0101das elast\u012bbu un visp\u0101r\u0113jo st\u0101vokli<\/p>\n<p data-start=\"1010\" data-end=\"1207\"><strong data-start=\"1010\" data-end=\"1073\">K\u0101m piem\u0113rots Extra Strength Active Peel Brightening System<\/strong>: taukainai, kombin\u0113tai, norm\u0101lai un sausai \u0101dai ar nevienm\u0113r\u012bgu toni, bl\u0101vumu, nevienm\u0113r\u012bgu tekst\u016bru un pirmaj\u0101m noveco\u0161an\u0101s paz\u012bm\u0113m.<\/p>\n<p data-start=\"1209\" data-end=\"1237\"><strong data-start=\"1209\" data-end=\"1237\">Tilpums: 1 gab \/ 15 p\u0101ri<\/strong><\/p>\n","protected":false},"excerpt":{"rendered":"<p data-start=\"1583\" data-end=\"1618\">Divpak\u0101pju \u0101das atjaunojo\u0161s p\u012blings<\/p>\n<h2 data-start=\"1620\" data-end=\"1692\"><strong data-start=\"1620\" data-end=\"1692\">\u012apa\u0161\u012bbas iS Clinical &#8211; Extra Strength Active Peel Brightening System<\/strong><\/h2>\n<p data-start=\"1694\" data-end=\"1876\">\u2714\ufe0f Izl\u012bdzina \u0101das toni un tekst\u016bru<br data-start=\"1728\" data-end=\"1731\" \/>\u2714\ufe0f Pie\u0161\u0137ir \u0101dai izteiktu mirdzumu<br data-start=\"1764\" data-end=\"1767\" \/>\u2714\ufe0f Samazina \u0101das nel\u012bdzenumus<br data-start=\"1796\" data-end=\"1799\" \/>\u2714\ufe0f Intens\u012bvi mitrina un atsvaidzina \u0101du<br data-start=\"1838\" data-end=\"1841\" \/>\u2714\ufe0f Atbalsta \u0101das aizsargfunkcijas<\/p>\n","protected":false},"featured_media":35531,"template":"","meta":[],"pwb-brand":[1179],"product_brand":[],"product_cat":[749,751,719],"product_tag":[],"giftcard-category":[],"class_list":{"0":"post-55311","1":"product","2":"type-product","3":"status-publish","4":"has-post-thumbnail","6":"pwb-brand-is-clinical-lv","7":"product_cat-novecojosa-ada","8":"product_cat-pigmentacija-lv","9":"product_cat-skrubji-un-pilingi","11":"first","12":"instock","13":"taxable","14":"shipping-taxable","15":"purchasable","16":"product-type-variable"},"acf":[],"brands":[{"id":1179,"name":"IS CLINICAL","slug":"is-clinical-lv"}],"_links":{"self":[{"href":"https:\/\/skinstudio.ee\/lv\/wp-json\/wp\/v2\/product\/55311","targetHints":{"allow":["GET"]}}],"collection":[{"href":"https:\/\/skinstudio.ee\/lv\/wp-json\/wp\/v2\/product"}],"about":[{"href":"https:\/\/skinstudio.ee\/lv\/wp-json\/wp\/v2\/types\/product"}],"version-history":[{"count":1,"href":"https:\/\/skinstudio.ee\/lv\/wp-json\/wp\/v2\/product\/55311\/revisions"}],"predecessor-version":[{"id":86807,"href":"https:\/\/skinstudio.ee\/lv\/wp-json\/wp\/v2\/product\/55311\/revisions\/86807"}],"wp:featuredmedia":[{"embeddable":true,"href":"https:\/\/skinstudio.ee\/lv\/wp-json\/wp\/v2\/media\/35531"}],"wp:attachment":[{"href":"https:\/\/skinstudio.ee\/lv\/wp-json\/wp\/v2\/media?parent=55311"}],"wp:term":[{"taxonomy":"pwb-brand","embeddable":true,"href":"https:\/\/skinstudio.ee\/lv\/wp-json\/wp\/v2\/pwb-brand?post=55311"},{"taxonomy":"product_brand","embeddable":true,"href":"https:\/\/skinstudio.ee\/lv\/wp-json\/wp\/v2\/product_brand?post=55311"},{"taxonomy":"product_cat","embeddable":true,"href":"https:\/\/skinstudio.ee\/lv\/wp-json\/wp\/v2\/product_cat?post=55311"},{"taxonomy":"product_tag","embeddable":true,"href":"https:\/\/skinstudio.ee\/lv\/wp-json\/wp\/v2\/product_tag?post=55311"},{"taxonomy":"giftcard-category","embeddable":true,"href":"https:\/\/skinstudio.ee\/lv\/wp-json\/wp\/v2\/giftcard-category?post=55311"}],"curies":[{"name":"wp","href":"https:\/\/api.w.org\/{rel}","templated":true}]}}