{"id":55337,"date":"2024-01-29T16:23:12","date_gmt":"2024-01-29T16:23:12","guid":{"rendered":"https:\/\/skinstudio.ee\/?post_type=product&#038;p=55337"},"modified":"2026-03-19T10:27:07","modified_gmt":"2026-03-19T10:27:07","slug":"moisturizing-complex","status":"publish","type":"product","link":"https:\/\/skinstudio.ee\/lv\/catalog\/is-clinical-lv\/moisturizing-complex\/","title":{"rendered":"Moisturizing Complex"},"content":{"rendered":"<p data-start=\"72\" data-end=\"425\"><strong data-start=\"79\" data-end=\"118\">Moisturizing Complex no iS Clinical<\/strong> &#8211; ir intens\u012bvi mitrino\u0161s sejas kr\u0113ms, kas dzi\u013ci pies\u0101tina \u0101du ar mitrumu, atjauno t\u0101s aizsargbarjeru un pal\u012bdz saglab\u0101t komfortu visas dienas garum\u0101. Formula apvieno augu izcelsmes sast\u0101vda\u013cas, vitam\u012bnus un antioksidantus, kas uzlabo \u0101das kop\u0113jo st\u0101vokli un pal\u012bdz pasarg\u0101t to no apk\u0101rt\u0113j\u0101s vides ietekmes.<\/p>\n<p data-start=\"427\" data-end=\"733\">Viegl\u0101, \u0101tri uzs\u016bco\u0161\u0101 tekst\u016bra nep\u0101rslogo \u0101du un ir ide\u0101li piem\u0113rota ikdienas lieto\u0161anai. Kr\u0113ms pal\u012bdz mazin\u0101t sausumu un savilkuma saj\u016btu, padara \u0101du maig\u0101ku un glud\u0101ku, k\u0101 ar\u012b vizu\u0101li izl\u012bdzina \u0101das toni. Regul\u0101ri lietojot, \u0101da izskat\u0101s svaig\u0101ka, kopt\u0101ka un lab\u0101k mitrin\u0101ta, ar dabisku vesel\u012bgu mirdzumu.<\/p>\n<p data-start=\"735\" data-end=\"948\">Formula pal\u012bdz stiprin\u0101t ar\u012b \u0101das aizsargbarjeru, \u013caujot tai lab\u0101k saglab\u0101t mitrumu un pretoties \u0101r\u0113jiem faktoriem. Tas ir univers\u0101ls kr\u0113ms, kas viegli iek\u013caujas jebkur\u0101 kop\u0161anas rut\u012bn\u0101 un uzlabo kop\u0113jo rezult\u0101tu.<\/p>\n<p data-start=\"950\" data-end=\"980\"><strong data-start=\"950\" data-end=\"980\">Darb\u012bba akt\u012bvo sast\u0101vda\u013cu:<\/strong><\/p>\n<p data-start=\"982\" data-end=\"1051\"><strong data-start=\"982\" data-end=\"999\">Hialuronsk\u0101be<\/strong>: intens\u012bvi mitrina \u0101du un pal\u012bdz saglab\u0101t mitrumu<\/p>\n<p data-start=\"1053\" data-end=\"1138\"><strong data-start=\"1053\" data-end=\"1078\">Za\u013c\u0101s t\u0113jas ekstrakts<\/strong>: nomierina \u0101du un pal\u012bdz aizsarg\u0101t pret oksidat\u012bvo stresu<\/p>\n<p data-start=\"1140\" data-end=\"1212\"><strong data-start=\"1140\" data-end=\"1158\">Vitam\u012bni A + E<\/strong>: uzlabo \u0101das st\u0101vokli un veicina vesel\u012bg\u0101ku izskatu<\/p>\n<p data-start=\"1214\" data-end=\"1354\"><strong data-start=\"1214\" data-end=\"1252\">Kam piem\u0113rots Moisturizing Complex<\/strong>: visiem \u0101das tipiem, tostarp jut\u012bgai \u0101dai, ar dehidrat\u0101ciju, bl\u0101vu toni un nov\u0101jin\u0101tu aizsargbarjeru.<\/p>\n<p data-start=\"1356\" data-end=\"1373\"><strong data-start=\"1356\" data-end=\"1373\">Tilpums: 50 g<\/strong><\/p>\n","protected":false},"excerpt":{"rendered":"<p data-start=\"1468\" data-end=\"1489\">Mitrino\u0161s sejas kr\u0113ms<\/p>\n<h2 data-start=\"1491\" data-end=\"1538\"><strong data-start=\"1491\" data-end=\"1538\">\u012apa\u0161\u012bbas iS Clinical &#8211; Moisturizing Complex<\/strong><\/h2>\n<p data-start=\"1540\" data-end=\"1747\">\u2714\ufe0f Intens\u012bvi mitrina un nov\u0113r\u0161 sausumu<br data-start=\"1578\" data-end=\"1581\" \/>\u2714\ufe0f Padara \u0101du maigu, gludu un koptu<br data-start=\"1616\" data-end=\"1619\" \/>\u2714\ufe0f Izl\u012bdzina \u0101das toni un pie\u0161\u0137ir mirdzumu<br data-start=\"1661\" data-end=\"1664\" \/>\u2714\ufe0f Stiprina \u0101das aizsargbarjeru<br data-start=\"1695\" data-end=\"1698\" \/>\u2714\ufe0f Pal\u012bdz pasarg\u0101t no apk\u0101rt\u0113j\u0101s vides ietekmes<\/p>\n","protected":false},"featured_media":55338,"template":"","meta":[],"pwb-brand":[1179],"product_brand":[],"product_cat":[745,737,749,747],"product_tag":[],"giftcard-category":[],"class_list":{"0":"post-55337","1":"product","2":"type-product","3":"status-publish","4":"has-post-thumbnail","6":"pwb-brand-is-clinical-lv","7":"product_cat-jutigai-adai","8":"product_cat-mitrinasana","9":"product_cat-novecojosa-ada","10":"product_cat-taukainai-adai","12":"first","13":"instock","14":"taxable","15":"shipping-taxable","16":"purchasable","17":"product-type-simple"},"acf":[],"brands":[{"id":1179,"name":"IS CLINICAL","slug":"is-clinical-lv"}],"_links":{"self":[{"href":"https:\/\/skinstudio.ee\/lv\/wp-json\/wp\/v2\/product\/55337","targetHints":{"allow":["GET"]}}],"collection":[{"href":"https:\/\/skinstudio.ee\/lv\/wp-json\/wp\/v2\/product"}],"about":[{"href":"https:\/\/skinstudio.ee\/lv\/wp-json\/wp\/v2\/types\/product"}],"version-history":[{"count":1,"href":"https:\/\/skinstudio.ee\/lv\/wp-json\/wp\/v2\/product\/55337\/revisions"}],"predecessor-version":[{"id":86817,"href":"https:\/\/skinstudio.ee\/lv\/wp-json\/wp\/v2\/product\/55337\/revisions\/86817"}],"wp:featuredmedia":[{"embeddable":true,"href":"https:\/\/skinstudio.ee\/lv\/wp-json\/wp\/v2\/media\/55338"}],"wp:attachment":[{"href":"https:\/\/skinstudio.ee\/lv\/wp-json\/wp\/v2\/media?parent=55337"}],"wp:term":[{"taxonomy":"pwb-brand","embeddable":true,"href":"https:\/\/skinstudio.ee\/lv\/wp-json\/wp\/v2\/pwb-brand?post=55337"},{"taxonomy":"product_brand","embeddable":true,"href":"https:\/\/skinstudio.ee\/lv\/wp-json\/wp\/v2\/product_brand?post=55337"},{"taxonomy":"product_cat","embeddable":true,"href":"https:\/\/skinstudio.ee\/lv\/wp-json\/wp\/v2\/product_cat?post=55337"},{"taxonomy":"product_tag","embeddable":true,"href":"https:\/\/skinstudio.ee\/lv\/wp-json\/wp\/v2\/product_tag?post=55337"},{"taxonomy":"giftcard-category","embeddable":true,"href":"https:\/\/skinstudio.ee\/lv\/wp-json\/wp\/v2\/giftcard-category?post=55337"}],"curies":[{"name":"wp","href":"https:\/\/api.w.org\/{rel}","templated":true}]}}