{"id":55350,"date":"2023-12-02T09:32:40","date_gmt":"2023-12-02T09:32:40","guid":{"rendered":"https:\/\/skinstudio.ee\/?post_type=product&#038;p=55350"},"modified":"2026-03-19T10:23:11","modified_gmt":"2026-03-19T10:23:11","slug":"retinol-emulsion-0-3","status":"publish","type":"product","link":"https:\/\/skinstudio.ee\/lv\/catalog\/is-clinical-lv\/retinol-emulsion-0-3\/","title":{"rendered":"Retinol+ Emulsion 0.3"},"content":{"rendered":"<p data-start=\"90\" data-end=\"418\"><strong data-start=\"97\" data-end=\"137\">Retinol+ Emulsion 0.3 no iS Clinical<\/strong> &#8211; ir augstas efektivit\u0101tes retinola emulsija, kas pal\u012bdz atjaunot \u0101du, uzlabot t\u0101s tekst\u016bru un samazin\u0101t redzam\u0101s noveco\u0161an\u0101s paz\u012bmes. Formula apvieno augu izcelsmes retinolu ar akt\u012bvaj\u0101m sast\u0101vda\u013c\u0101m, pal\u012bdzot izl\u012bdzin\u0101t \u0101das toni, padar\u012bt to glud\u0101ku un pie\u0161\u0137irt dabisku mirdzumu.<\/p>\n<p data-start=\"420\" data-end=\"741\">Retinols ir iekapsul\u0113ts bioidentiskos lip\u012bdos, kas nodro\u0161ina pak\u0101penisku izdal\u012b\u0161anos un maig\u0101ku iedarb\u012bbu uz \u0101du. Tas uzlabo lieto\u0161anas komfortu un pal\u012bdz samazin\u0101t kairin\u0101juma risku. Formulu papildina Extremozyme\u00ae Technology &#8211; enz\u012bmu komplekss, kas pal\u012bdz aizsarg\u0101t \u0101du no apk\u0101rt\u0113j\u0101s vides ietekmes un oksidat\u012bv\u0101 stresa.<\/p>\n<p data-start=\"743\" data-end=\"867\">Regul\u0101ras lieto\u0161anas rezult\u0101t\u0101 \u0101da k\u013c\u016bst glud\u0101ka, elast\u012bg\u0101ka un vizu\u0101li atjaunota, uzlabojas t\u0101s tekst\u016bra un kop\u0113jais tonis.<\/p>\n<p data-start=\"869\" data-end=\"899\"><strong data-start=\"869\" data-end=\"899\">Darb\u012bba akt\u012bvo sast\u0101vda\u013cu:<\/strong><\/p>\n<p data-start=\"901\" data-end=\"996\"><strong data-start=\"901\" data-end=\"930\">Retinols (augu izcelsmes)<\/strong>: veicina \u0101das atjauno\u0161anos un pal\u012bdz samazin\u0101t grumbu redzam\u012bbu<\/p>\n<p data-start=\"998\" data-end=\"1070\"><strong data-start=\"998\" data-end=\"1011\">Bakuchiol<\/strong>: pastiprina retinola iedarb\u012bbu un uzlabo \u0101das panesam\u012bbu<\/p>\n<p data-start=\"1072\" data-end=\"1180\"><strong data-start=\"1072\" data-end=\"1108\">Ectoin + Extremozyme\u00ae Technology<\/strong>: pal\u012bdz aizsarg\u0101t \u0101du no stresa faktoriem un veicina t\u0101s atjauno\u0161anos<\/p>\n<p data-start=\"1182\" data-end=\"1359\"><strong data-start=\"1182\" data-end=\"1221\">Kam piem\u0113rots Retinol+ Emulsion 0.3<\/strong>: norm\u0101lai, kombin\u0113tai un taukainai \u0101dai ar pirmaj\u0101m noveco\u0161an\u0101s paz\u012bm\u0113m, nevienm\u0113r\u012bgu tekst\u016bru un bl\u0101vu toni; nav ieteicams jut\u012bgai \u0101dai.<\/p>\n<p data-start=\"1361\" data-end=\"1378\"><strong data-start=\"1361\" data-end=\"1378\">Tilpums: 30 g<\/strong><\/p>\n","protected":false},"excerpt":{"rendered":"<p data-start=\"1676\" data-end=\"1711\">Retinola emulsija \u0101das atjauno\u0161anai<\/p>\n<h2 data-start=\"1713\" data-end=\"1761\"><strong data-start=\"1713\" data-end=\"1761\">\u012apa\u0161\u012bbas iS Clinical &#8211; Retinol+ Emulsion 0.3<\/strong><\/h2>\n<p data-start=\"1763\" data-end=\"1986\">\u2714\ufe0f Izl\u012bdzina \u0101das tekst\u016bru un padara to glud\u0101ku<br data-start=\"1810\" data-end=\"1813\" \/>\u2714\ufe0f Samazina redzam\u0101s grumbas un l\u012bnijas<br data-start=\"1852\" data-end=\"1855\" \/>\u2714\ufe0f Izgaismo \u0101du un uzlabo t\u0101s toni<br data-start=\"1889\" data-end=\"1892\" \/>\u2714\ufe0f Padara \u0101du stingr\u0101ku un elast\u012bg\u0101ku<br data-start=\"1929\" data-end=\"1932\" \/>\u2714\ufe0f Pal\u012bdz aizsarg\u0101t \u0101du no apk\u0101rt\u0113j\u0101s vides ietekmes<\/p>\n","protected":false},"featured_media":63334,"template":"","meta":[],"pwb-brand":[1179],"product_brand":[],"product_cat":[727,749,751,723],"product_tag":[],"giftcard-category":[],"class_list":{"0":"post-55350","1":"product","2":"type-product","3":"status-publish","4":"has-post-thumbnail","6":"pwb-brand-is-clinical-lv","7":"product_cat-a-vitamins-retinols","8":"product_cat-novecojosa-ada","9":"product_cat-pigmentacija-lv","10":"product_cat-serumi","12":"first","13":"instock","14":"taxable","15":"shipping-taxable","16":"purchasable","17":"product-type-simple"},"acf":[],"brands":[{"id":1179,"name":"IS CLINICAL","slug":"is-clinical-lv"}],"_links":{"self":[{"href":"https:\/\/skinstudio.ee\/lv\/wp-json\/wp\/v2\/product\/55350","targetHints":{"allow":["GET"]}}],"collection":[{"href":"https:\/\/skinstudio.ee\/lv\/wp-json\/wp\/v2\/product"}],"about":[{"href":"https:\/\/skinstudio.ee\/lv\/wp-json\/wp\/v2\/types\/product"}],"version-history":[{"count":1,"href":"https:\/\/skinstudio.ee\/lv\/wp-json\/wp\/v2\/product\/55350\/revisions"}],"predecessor-version":[{"id":86812,"href":"https:\/\/skinstudio.ee\/lv\/wp-json\/wp\/v2\/product\/55350\/revisions\/86812"}],"wp:featuredmedia":[{"embeddable":true,"href":"https:\/\/skinstudio.ee\/lv\/wp-json\/wp\/v2\/media\/63334"}],"wp:attachment":[{"href":"https:\/\/skinstudio.ee\/lv\/wp-json\/wp\/v2\/media?parent=55350"}],"wp:term":[{"taxonomy":"pwb-brand","embeddable":true,"href":"https:\/\/skinstudio.ee\/lv\/wp-json\/wp\/v2\/pwb-brand?post=55350"},{"taxonomy":"product_brand","embeddable":true,"href":"https:\/\/skinstudio.ee\/lv\/wp-json\/wp\/v2\/product_brand?post=55350"},{"taxonomy":"product_cat","embeddable":true,"href":"https:\/\/skinstudio.ee\/lv\/wp-json\/wp\/v2\/product_cat?post=55350"},{"taxonomy":"product_tag","embeddable":true,"href":"https:\/\/skinstudio.ee\/lv\/wp-json\/wp\/v2\/product_tag?post=55350"},{"taxonomy":"giftcard-category","embeddable":true,"href":"https:\/\/skinstudio.ee\/lv\/wp-json\/wp\/v2\/giftcard-category?post=55350"}],"curies":[{"name":"wp","href":"https:\/\/api.w.org\/{rel}","templated":true}]}}