{"id":55373,"date":"2023-05-24T17:57:37","date_gmt":"2023-05-24T17:57:37","guid":{"rendered":"https:\/\/skinstudio.ee\/?post_type=product&#038;p=55373"},"modified":"2026-03-19T10:31:32","modified_gmt":"2026-03-19T10:31:32","slug":"active-peel-system","status":"publish","type":"product","link":"https:\/\/skinstudio.ee\/lv\/catalog\/is-clinical-lv\/active-peel-system\/","title":{"rendered":"Active Peel System"},"content":{"rendered":"<p data-start=\"81\" data-end=\"408\"><strong data-start=\"88\" data-end=\"125\">Active Peel System no iS Clinical<\/strong> &#8211; ir augstas efektivit\u0101tes divpak\u0101pju p\u012blinga sist\u0113ma lieto\u0161anai m\u0101j\u0101s, kas nodro\u0161ina redzamu \u0101das atjauno\u0161anos un profesion\u0101la l\u012bme\u0146a rezult\u0101tu. Formula ir v\u0113rsta uz intens\u012bvu eksfoli\u0101ciju, \u0101das tekst\u016bras uzlabo\u0161anu un vienm\u0113r\u012bg\u0101ka to\u0146a ieg\u016b\u0161anu jau p\u0113c pirmaj\u0101m lieto\u0161anas reiz\u0113m.<\/p>\n<p data-start=\"410\" data-end=\"689\">Sist\u0113ma darbojas divos posmos: pirmais solis akt\u012bvi no\u0146em atmiru\u0161\u0101s \u0101das \u0161\u016bnas un pa\u0101trina \u0101das atjauno\u0161anos, otrais \u2014 pal\u012bdz atjaunot l\u012bdzsvaru, dzi\u013ci mitrina un nomierina \u0101du p\u0113c sk\u0101bju iedarb\u012bbas. \u0100da k\u013c\u016bst iev\u0113rojami glud\u0101ka, vienm\u0113r\u012bg\u0101ka un svaig\u0101ka, ar izteikt\u0101ku mirdzumu.<\/p>\n<p data-start=\"691\" data-end=\"812\">Lieto\u0161anas laik\u0101 var rasties viegla tirp\u0161ana un v\u0113suma saj\u016bta \u2014 t\u0101 ir norm\u0101la reakcija, kas liecina par akt\u012bvu iedarb\u012bbu.<\/p>\n<p data-start=\"814\" data-end=\"844\"><strong data-start=\"814\" data-end=\"844\">Darb\u012bba akt\u012bvo sast\u0101vda\u013cu:<\/strong><\/p>\n<ul data-start=\"846\" data-end=\"1134\">\n<li data-section-id=\"mx5r1p\" data-start=\"846\" data-end=\"934\">\n<p data-start=\"848\" data-end=\"934\"><strong data-start=\"848\" data-end=\"885\">AHA + BHA sk\u0101bes (augu izcelsmes)<\/strong>: intens\u012bvi eksfoli\u0113 un izl\u012bdzina \u0101das tekst\u016bru<\/p>\n<\/li>\n<li data-section-id=\"1t81vj2\" data-start=\"935\" data-end=\"1041\">\n<p data-start=\"937\" data-end=\"1041\"><strong data-start=\"937\" data-end=\"964\">Extremozyme\u00ae Technology<\/strong>: pal\u012bdz aizsarg\u0101t \u0101du no apk\u0101rt\u0113j\u0101s vides ietekmes un veicina atjauno\u0161anos<\/p>\n<\/li>\n<li data-section-id=\"qhc4ro\" data-start=\"1042\" data-end=\"1134\">\n<p data-start=\"1044\" data-end=\"1134\"><strong data-start=\"1044\" data-end=\"1078\">Augu ekstrakti + antioksidanti<\/strong>: pal\u012bdz nomierin\u0101t \u0101du un uzlabot t\u0101s kop\u0113jo st\u0101vokli<\/p>\n<\/li>\n<\/ul>\n<p data-start=\"1136\" data-end=\"1294\"><strong data-start=\"1136\" data-end=\"1172\">Kam piem\u0113rots Active Peel System<\/strong>: visiem \u0101das tipiem, iz\u0146emot jut\u012bgu \u0101du, ar nevienm\u0113r\u012bgu toni, raupju tekst\u016bru, postakni un pirmaj\u0101m noveco\u0161an\u0101s paz\u012bm\u0113m.<\/p>\n<p data-start=\"1296\" data-end=\"1337\"><strong data-start=\"1296\" data-end=\"1337\">Tilpums: 1 gab \/ 15 p\u0101ri (iepakojums)<\/strong><\/p>\n","protected":false},"excerpt":{"rendered":"<p data-start=\"1556\" data-end=\"1597\">Divpak\u0101pju intens\u012bvs sk\u0101bju p\u012blings sejai<\/p>\n<h2 data-start=\"1599\" data-end=\"1644\"><strong data-start=\"1599\" data-end=\"1644\">\u012apa\u0161\u012bbas iS Clinical &#8211; Active Peel System<\/strong><\/h2>\n<p data-start=\"1646\" data-end=\"1867\">\u2714\ufe0f Nodro\u0161ina izteiktu \u0101das atjauno\u0161an\u0101s efektu<br data-start=\"1692\" data-end=\"1695\" \/>\u2714\ufe0f Izl\u012bdzina tekst\u016bru un \u0101das toni<br data-start=\"1729\" data-end=\"1732\" \/>\u2714\ufe0f Pie\u0161\u0137ir \u0101dai spilgtumu un mirdzumu<br data-start=\"1769\" data-end=\"1772\" \/>\u2714\ufe0f Samazina postaknes un nel\u012bdzenumu redzam\u012bbu<br data-start=\"1818\" data-end=\"1821\" \/>\u2714\ufe0f Padara \u0101du iev\u0113rojami glud\u0101ku un svaig\u0101ku<\/p>\n","protected":false},"featured_media":79679,"template":"","meta":[],"pwb-brand":[1179],"product_brand":[],"product_cat":[741,749,743,751,719,747],"product_tag":[],"giftcard-category":[],"class_list":{"0":"post-55373","1":"product","2":"type-product","3":"status-publish","4":"has-post-thumbnail","6":"pwb-brand-is-clinical-lv","7":"product_cat-izsitumi","8":"product_cat-novecojosa-ada","9":"product_cat-paplasinatas-poras","10":"product_cat-pigmentacija-lv","11":"product_cat-skrubji-un-pilingi","12":"product_cat-taukainai-adai","14":"first","15":"instock","16":"taxable","17":"shipping-taxable","18":"purchasable","19":"product-type-variable"},"acf":[],"brands":[{"id":1179,"name":"IS CLINICAL","slug":"is-clinical-lv"}],"_links":{"self":[{"href":"https:\/\/skinstudio.ee\/lv\/wp-json\/wp\/v2\/product\/55373","targetHints":{"allow":["GET"]}}],"collection":[{"href":"https:\/\/skinstudio.ee\/lv\/wp-json\/wp\/v2\/product"}],"about":[{"href":"https:\/\/skinstudio.ee\/lv\/wp-json\/wp\/v2\/types\/product"}],"version-history":[{"count":1,"href":"https:\/\/skinstudio.ee\/lv\/wp-json\/wp\/v2\/product\/55373\/revisions"}],"predecessor-version":[{"id":86822,"href":"https:\/\/skinstudio.ee\/lv\/wp-json\/wp\/v2\/product\/55373\/revisions\/86822"}],"wp:featuredmedia":[{"embeddable":true,"href":"https:\/\/skinstudio.ee\/lv\/wp-json\/wp\/v2\/media\/79679"}],"wp:attachment":[{"href":"https:\/\/skinstudio.ee\/lv\/wp-json\/wp\/v2\/media?parent=55373"}],"wp:term":[{"taxonomy":"pwb-brand","embeddable":true,"href":"https:\/\/skinstudio.ee\/lv\/wp-json\/wp\/v2\/pwb-brand?post=55373"},{"taxonomy":"product_brand","embeddable":true,"href":"https:\/\/skinstudio.ee\/lv\/wp-json\/wp\/v2\/product_brand?post=55373"},{"taxonomy":"product_cat","embeddable":true,"href":"https:\/\/skinstudio.ee\/lv\/wp-json\/wp\/v2\/product_cat?post=55373"},{"taxonomy":"product_tag","embeddable":true,"href":"https:\/\/skinstudio.ee\/lv\/wp-json\/wp\/v2\/product_tag?post=55373"},{"taxonomy":"giftcard-category","embeddable":true,"href":"https:\/\/skinstudio.ee\/lv\/wp-json\/wp\/v2\/giftcard-category?post=55373"}],"curies":[{"name":"wp","href":"https:\/\/api.w.org\/{rel}","templated":true}]}}