{"id":55384,"date":"2023-05-24T17:57:37","date_gmt":"2023-05-24T17:57:37","guid":{"rendered":"https:\/\/skinstudio.ee\/?post_type=product&#038;p=55384"},"modified":"2026-03-19T10:40:57","modified_gmt":"2026-03-19T10:40:57","slug":"brightening-complex","status":"publish","type":"product","link":"https:\/\/skinstudio.ee\/lv\/catalog\/is-clinical-lv\/brightening-complex\/","title":{"rendered":"Brightening Complex"},"content":{"rendered":"<p data-start=\"74\" data-end=\"385\"><strong data-start=\"81\" data-end=\"119\">Brightening Complex no iS Clinical<\/strong> &#8211; ir augstas efektivit\u0101tes izgaismojo\u0161s kr\u0113ms, kas pal\u012bdz samazin\u0101t pigment\u0101ciju, izl\u012bdzin\u0101t \u0101das toni un uzlabot t\u0101s kop\u0113jo izskatu. Formula apvieno farmaceitiskas kvalit\u0101tes akt\u012bv\u0101s vielas un augu ekstraktus, nodro\u0161inot daudzl\u012bme\u0146u iedarb\u012bbu uz hiperpigment\u0101ciju.<\/p>\n<p data-start=\"387\" data-end=\"678\">Kr\u0113ms darbojas vair\u0101kos virzienos: pal\u012bdz samazin\u0101t melan\u012bna veido\u0161anos, blo\u0137\u0113 t\u0101 p\u0101rnesi uz \u0101das virs\u0113jiem sl\u0101\u0146iem, maigi eksfoli\u0113 un veicina \u0101das atjauno\u0161anos. Vienlaikus formula nodro\u0161ina pretiekaisuma un antioksidantu aizsardz\u012bbu, padarot \u0101du vizu\u0101li t\u012br\u0101ku, vienm\u0113r\u012bg\u0101ku un starojo\u0161\u0101ku.<\/p>\n<p data-start=\"680\" data-end=\"912\">Viegl\u0101 tekst\u016bra viegli kl\u0101jas, \u0101tri uzs\u016bcas un nodro\u0161ina papildu mitrin\u0101\u0161anu, pal\u012bdzot saglab\u0101t \u0101du gludu un koptu. Regul\u0101ri lietojot, \u0101da k\u013c\u016bst gai\u0161\u0101ka, vienm\u0113r\u012bg\u0101ka un svaig\u0101ka, samazin\u0101s pigment\u0101cijas plankumi un postaknes p\u0113das.<\/p>\n<p data-start=\"914\" data-end=\"944\"><strong data-start=\"914\" data-end=\"944\">Darb\u012bba akt\u012bvo sast\u0101vda\u013cu:<\/strong><\/p>\n<ul data-start=\"946\" data-end=\"1233\">\n<li data-section-id=\"1q3no20\" data-start=\"946\" data-end=\"1059\">\n<p data-start=\"948\" data-end=\"1059\"><strong data-start=\"948\" data-end=\"990\">Alpha-Arbutin + stabiliz\u0113ts C vitam\u012bns<\/strong>: samazina pigment\u0101ciju un pal\u012bdz nov\u0113rst jaunu plankumu veido\u0161anos<\/p>\n<\/li>\n<li data-section-id=\"11z9hie\" data-start=\"1060\" data-end=\"1140\">\n<p data-start=\"1062\" data-end=\"1140\"><strong data-start=\"1062\" data-end=\"1097\">Norwegian Kelp + s\u0113\u0146u ekstrakts<\/strong>: izl\u012bdzina \u0101das toni un pie\u0161\u0137ir mirdzumu<\/p>\n<\/li>\n<li data-section-id=\"s4okmu\" data-start=\"1141\" data-end=\"1233\">\n<p data-start=\"1143\" data-end=\"1233\"><strong data-start=\"1143\" data-end=\"1189\">Pajukoore ekstrakts + dabiskie eksfolianti<\/strong>: maigi atjauno \u0101du un uzlabo t\u0101s tekst\u016bru<\/p>\n<\/li>\n<\/ul>\n<p data-start=\"1235\" data-end=\"1363\"><strong data-start=\"1235\" data-end=\"1272\">Kam piem\u0113rots Brightening Complex<\/strong>: visiem \u0101das tipiem, tostarp jut\u012bgai \u0101dai, ar pigment\u0101ciju, postakni un nevienm\u0113r\u012bgu toni.<\/p>\n<p data-start=\"1365\" data-end=\"1382\"><strong data-start=\"1365\" data-end=\"1382\">Tilpums: 30 g<\/strong><\/p>\n","protected":false},"excerpt":{"rendered":"<p data-start=\"1438\" data-end=\"1462\">Izgaismojo\u0161s sejas kr\u0113ms<\/p>\n<h2 data-start=\"1464\" data-end=\"1510\"><strong data-start=\"1464\" data-end=\"1510\">\u012apa\u0161\u012bbas iS Clinical &#8211; Brightening Complex<\/strong><\/h2>\n<p data-start=\"1512\" data-end=\"1700\">\u2714\ufe0f Samazina pigment\u0101ciju un izl\u012bdzina \u0101das toni<br data-start=\"1559\" data-end=\"1562\" \/>\u2714\ufe0f Padara \u0101du t\u012br\u0101ku, glud\u0101ku un starojo\u0161\u0101ku<br data-start=\"1606\" data-end=\"1609\" \/>\u2714\ufe0f Mazina postaknes p\u0113das<br data-start=\"1634\" data-end=\"1637\" \/>\u2714\ufe0f Uzlabo \u0101das kop\u0113jo izskatu<br data-start=\"1666\" data-end=\"1669\" \/>\u2714\ufe0f Saglab\u0101 \u0101du gludu un koptu<\/p>\n","protected":false},"featured_media":55386,"template":"","meta":[],"pwb-brand":[1179],"product_brand":[],"product_cat":[729,745,737,749,751,739,747],"product_tag":[],"giftcard-category":[],"class_list":{"0":"post-55384","1":"product","2":"type-product","3":"status-publish","4":"has-post-thumbnail","6":"pwb-brand-is-clinical-lv","7":"product_cat-c-vitamins","8":"product_cat-jutigai-adai","9":"product_cat-mitrinasana","10":"product_cat-novecojosa-ada","11":"product_cat-pigmentacija-lv","12":"product_cat-sausai-adai","13":"product_cat-taukainai-adai","15":"first","16":"instock","17":"taxable","18":"shipping-taxable","19":"purchasable","20":"product-type-simple"},"acf":[],"brands":[{"id":1179,"name":"IS CLINICAL","slug":"is-clinical-lv"}],"_links":{"self":[{"href":"https:\/\/skinstudio.ee\/lv\/wp-json\/wp\/v2\/product\/55384","targetHints":{"allow":["GET"]}}],"collection":[{"href":"https:\/\/skinstudio.ee\/lv\/wp-json\/wp\/v2\/product"}],"about":[{"href":"https:\/\/skinstudio.ee\/lv\/wp-json\/wp\/v2\/types\/product"}],"version-history":[{"count":1,"href":"https:\/\/skinstudio.ee\/lv\/wp-json\/wp\/v2\/product\/55384\/revisions"}],"predecessor-version":[{"id":86837,"href":"https:\/\/skinstudio.ee\/lv\/wp-json\/wp\/v2\/product\/55384\/revisions\/86837"}],"wp:featuredmedia":[{"embeddable":true,"href":"https:\/\/skinstudio.ee\/lv\/wp-json\/wp\/v2\/media\/55386"}],"wp:attachment":[{"href":"https:\/\/skinstudio.ee\/lv\/wp-json\/wp\/v2\/media?parent=55384"}],"wp:term":[{"taxonomy":"pwb-brand","embeddable":true,"href":"https:\/\/skinstudio.ee\/lv\/wp-json\/wp\/v2\/pwb-brand?post=55384"},{"taxonomy":"product_brand","embeddable":true,"href":"https:\/\/skinstudio.ee\/lv\/wp-json\/wp\/v2\/product_brand?post=55384"},{"taxonomy":"product_cat","embeddable":true,"href":"https:\/\/skinstudio.ee\/lv\/wp-json\/wp\/v2\/product_cat?post=55384"},{"taxonomy":"product_tag","embeddable":true,"href":"https:\/\/skinstudio.ee\/lv\/wp-json\/wp\/v2\/product_tag?post=55384"},{"taxonomy":"giftcard-category","embeddable":true,"href":"https:\/\/skinstudio.ee\/lv\/wp-json\/wp\/v2\/giftcard-category?post=55384"}],"curies":[{"name":"wp","href":"https:\/\/api.w.org\/{rel}","templated":true}]}}