{"id":55396,"date":"2023-05-24T17:57:37","date_gmt":"2023-05-24T17:57:37","guid":{"rendered":"https:\/\/skinstudio.ee\/?post_type=product&#038;p=55396"},"modified":"2026-03-19T10:44:09","modified_gmt":"2026-03-19T10:44:09","slug":"eye-complex","status":"publish","type":"product","link":"https:\/\/skinstudio.ee\/lv\/catalog\/is-clinical-lv\/eye-complex\/","title":{"rendered":"Eye Complex"},"content":{"rendered":"<p data-start=\"50\" data-end=\"249\"><strong data-start=\"57\" data-end=\"87\">Eye Complex no iS Clinical<\/strong> &#8211; ir daudzfunkcion\u0101ls acu zonas kr\u0113ms, kas apvieno mitrino\u0161as sast\u0101vda\u013cas, maigus eksfoli\u0113jo\u0161us komponentus un antioksidantus, lai uzlabotu \u0101das izskatu ap ac\u012bm.<\/p>\n<p data-start=\"251\" data-end=\"521\">Formula nodro\u0161ina t\u016bl\u012bt\u0113ju mitrin\u0101\u0161anu un atsvaidzina acu zonu, pal\u012bdzot mazin\u0101t noguruma paz\u012bmes un pie\u0161\u0137irt skatienam kopt\u0101ku un atp\u016btu\u0161\u0101ku izskatu. Regul\u0101ri lietojot, \u0101da k\u013c\u016bst glud\u0101ka, vienm\u0113r\u012bg\u0101ka un stingr\u0101ka, samazin\u0101s smalk\u0101s l\u012bnijas un tekst\u016bras nevienm\u0113r\u012bgums.<\/p>\n<p data-start=\"523\" data-end=\"717\">Kr\u0113ms uzlabo ar\u012b \u0101das tekst\u016bru un pie\u0161\u0137ir vair\u0101k mirdzuma, padarot acu zonu vizu\u0101li gai\u0161\u0101ku un svaig\u0101ku. Viegl\u0101 tekst\u016bra \u0101tri ies\u016bcas un nep\u0101rslogo \u0101du, padarot to piem\u0113rotu ikdienas lieto\u0161anai.<\/p>\n<p data-start=\"719\" data-end=\"749\"><strong data-start=\"719\" data-end=\"749\">Darb\u012bba akt\u012bvo sast\u0101vda\u013cu:<\/strong><\/p>\n<ul data-start=\"751\" data-end=\"1006\">\n<li data-section-id=\"13gm1mh\" data-start=\"751\" data-end=\"844\">\n<p data-start=\"753\" data-end=\"844\"><strong data-start=\"753\" data-end=\"799\">Stabiliz\u0113ts C vitam\u012bns + Retinyl Palmitate<\/strong>: izgaismo \u0101du un izl\u012bdzina smalk\u0101s l\u012bnijas<\/p>\n<\/li>\n<li data-section-id=\"1mwjlxz\" data-start=\"845\" data-end=\"923\">\n<p data-start=\"847\" data-end=\"923\"><strong data-start=\"847\" data-end=\"881\">Aug\u013csk\u0101bes (Mixed Fruit Acids)<\/strong>: maigi eksfoli\u0113 un uzlabo \u0101das tekst\u016bru<\/p>\n<\/li>\n<li data-section-id=\"1s4c0dq\" data-start=\"924\" data-end=\"1006\">\n<p data-start=\"926\" data-end=\"1006\"><strong data-start=\"926\" data-end=\"961\">Imperata Cylindrica + Aloe Vera<\/strong>: intens\u012bvi mitrina un uzlabo \u0101das elast\u012bbu<\/p>\n<\/li>\n<\/ul>\n<p data-start=\"1008\" data-end=\"1126\"><strong data-start=\"1008\" data-end=\"1037\">Kam piem\u0113rots Eye Complex<\/strong>: acu zonas \u0101dai ar noguruma paz\u012bm\u0113m, tum\u0161iem lokiem, grumbi\u0146\u0101m un nevienm\u0113r\u012bgu tekst\u016bru.<\/p>\n<p data-start=\"1128\" data-end=\"1145\"><strong data-start=\"1128\" data-end=\"1145\">Tilpums: 15 g<\/strong><\/p>\n","protected":false},"excerpt":{"rendered":"<p data-start=\"1226\" data-end=\"1241\">Acu zonas kr\u0113ms<\/p>\n<h2 data-start=\"1243\" data-end=\"1281\"><strong data-start=\"1243\" data-end=\"1281\">\u012apa\u0161\u012bbas iS Clinical &#8211; Eye Complex<\/strong><\/h2>\n<p data-start=\"1283\" data-end=\"1481\">\u2714\ufe0f Samazina tum\u0161os lokus un piet\u016bkumu<br data-start=\"1320\" data-end=\"1323\" \/>\u2714\ufe0f Izl\u012bdzina smalk\u0101s l\u012bnijas un krunci\u0146as<br data-start=\"1364\" data-end=\"1367\" \/>\u2714\ufe0f Uzlabo \u0101das tvirtumu un gludumu<br data-start=\"1401\" data-end=\"1404\" \/>\u2714\ufe0f Padara acu zonu gai\u0161\u0101ku un svaig\u0101ku<br data-start=\"1442\" data-end=\"1445\" \/>\u2714\ufe0f Uzlabo kop\u0113jo acu zonas izskatu<\/p>\n","protected":false},"featured_media":55397,"template":"","meta":[],"pwb-brand":[1179],"product_brand":[],"product_cat":[727,733,737,749,751],"product_tag":[],"giftcard-category":[],"class_list":{"0":"post-55396","1":"product","2":"type-product","3":"status-publish","4":"has-post-thumbnail","6":"pwb-brand-is-clinical-lv","7":"product_cat-a-vitamins-retinols","8":"product_cat-ada-ap-acim","9":"product_cat-mitrinasana","10":"product_cat-novecojosa-ada","11":"product_cat-pigmentacija-lv","13":"first","14":"instock","15":"taxable","16":"shipping-taxable","17":"purchasable","18":"product-type-simple"},"acf":[],"brands":[{"id":1179,"name":"IS CLINICAL","slug":"is-clinical-lv"}],"_links":{"self":[{"href":"https:\/\/skinstudio.ee\/lv\/wp-json\/wp\/v2\/product\/55396","targetHints":{"allow":["GET"]}}],"collection":[{"href":"https:\/\/skinstudio.ee\/lv\/wp-json\/wp\/v2\/product"}],"about":[{"href":"https:\/\/skinstudio.ee\/lv\/wp-json\/wp\/v2\/types\/product"}],"version-history":[{"count":1,"href":"https:\/\/skinstudio.ee\/lv\/wp-json\/wp\/v2\/product\/55396\/revisions"}],"predecessor-version":[{"id":86842,"href":"https:\/\/skinstudio.ee\/lv\/wp-json\/wp\/v2\/product\/55396\/revisions\/86842"}],"wp:featuredmedia":[{"embeddable":true,"href":"https:\/\/skinstudio.ee\/lv\/wp-json\/wp\/v2\/media\/55397"}],"wp:attachment":[{"href":"https:\/\/skinstudio.ee\/lv\/wp-json\/wp\/v2\/media?parent=55396"}],"wp:term":[{"taxonomy":"pwb-brand","embeddable":true,"href":"https:\/\/skinstudio.ee\/lv\/wp-json\/wp\/v2\/pwb-brand?post=55396"},{"taxonomy":"product_brand","embeddable":true,"href":"https:\/\/skinstudio.ee\/lv\/wp-json\/wp\/v2\/product_brand?post=55396"},{"taxonomy":"product_cat","embeddable":true,"href":"https:\/\/skinstudio.ee\/lv\/wp-json\/wp\/v2\/product_cat?post=55396"},{"taxonomy":"product_tag","embeddable":true,"href":"https:\/\/skinstudio.ee\/lv\/wp-json\/wp\/v2\/product_tag?post=55396"},{"taxonomy":"giftcard-category","embeddable":true,"href":"https:\/\/skinstudio.ee\/lv\/wp-json\/wp\/v2\/giftcard-category?post=55396"}],"curies":[{"name":"wp","href":"https:\/\/api.w.org\/{rel}","templated":true}]}}