{"id":55402,"date":"2023-05-24T17:57:06","date_gmt":"2023-05-24T17:57:06","guid":{"rendered":"https:\/\/skinstudio.ee\/?post_type=product&#038;p=55402"},"modified":"2026-03-19T10:47:55","modified_gmt":"2026-03-19T10:47:55","slug":"cleansing-complex-polish","status":"publish","type":"product","link":"https:\/\/skinstudio.ee\/lv\/catalog\/is-clinical-lv\/cleansing-complex-polish\/","title":{"rendered":"Cleansing Complex Polish"},"content":{"rendered":"<p data-start=\"34\" data-end=\"200\"><strong data-start=\"41\" data-end=\"84\">Cleansing Complex Polish no iS Clinical<\/strong> &#8211; ir daudzfunkcion\u0101ls att\u012bro\u0161s g\u0113ls-skrubis, kas nodro\u0161ina dzi\u013cu \u0101das att\u012br\u012b\u0161anu un vienlaikus uzlabo t\u0101s tekst\u016bru.<\/p>\n<p data-start=\"202\" data-end=\"485\">Formula apvieno meh\u0101nisko un bio\u0137\u012bmisko eksfoli\u0101ciju: celulozes un jojobas mikroda\u013ci\u0146as pul\u0113 \u0101das virsmu, kam\u0113r sk\u0101bes un augu ekstrakti darbojas dzi\u013c\u0101k, pal\u012bdzot att\u012br\u012bt poras un no\u0146emt uzkr\u0101tos net\u012brumus. Jau p\u0113c pirm\u0101s lieto\u0161anas \u0101da k\u013c\u016bst iev\u0113rojami glud\u0101ka, maig\u0101ka un svaig\u0101ka.<\/p>\n<p data-start=\"487\" data-end=\"684\">Produkts efekt\u012bvi no\u0146em atmiru\u0161\u0101s \u0101das \u0161\u016bnas, izl\u012bdzina tekst\u016bru un padara \u0101du vizu\u0101li t\u012br\u0101ku un vienm\u0113r\u012bg\u0101ku. Regul\u0101ri lietojot, \u0101da izskat\u0101s t\u012br\u0101ka, l\u012bdzsvarot\u0101ka un kopt\u0101ka, bez sausuma saj\u016btas.<\/p>\n<p data-start=\"686\" data-end=\"716\"><strong data-start=\"686\" data-end=\"716\">Darb\u012bba akt\u012bvo sast\u0101vda\u013cu:<\/strong><\/p>\n<ul data-start=\"718\" data-end=\"971\">\n<li data-section-id=\"igak8\" data-start=\"718\" data-end=\"808\">\n<p data-start=\"720\" data-end=\"808\"><strong data-start=\"720\" data-end=\"761\">Salicilsk\u0101be + v\u012btola mizas ekstrakts<\/strong>: dzi\u013ci att\u012bra poras un samazina to redzam\u012bbu<\/p>\n<\/li>\n<li data-section-id=\"nq7d1y\" data-start=\"809\" data-end=\"898\">\n<p data-start=\"811\" data-end=\"898\"><strong data-start=\"811\" data-end=\"851\">Eko mikroda\u013ci\u0146as (celuloze + jojoba)<\/strong>: eksfoli\u0113 un nopul\u0113 \u0101du, izl\u012bdzinot tekst\u016bru<\/p>\n<\/li>\n<li data-section-id=\"1imb2n\" data-start=\"899\" data-end=\"971\">\n<p data-start=\"901\" data-end=\"971\"><strong data-start=\"901\" data-end=\"932\">Cukurniedru ekstrakts (AHA)<\/strong>: uzlabo \u0101das toni un pie\u0161\u0137ir gludumu<\/p>\n<\/li>\n<\/ul>\n<p data-start=\"973\" data-end=\"1115\"><strong data-start=\"973\" data-end=\"1015\">Kam piem\u0113rots Cleansing Complex Polish<\/strong>: norm\u0101lai, kombin\u0113tai un taukainai \u0101dai ar nevienm\u0113r\u012bgu tekst\u016bru, papla\u0161in\u0101t\u0101m por\u0101m un bl\u0101vu toni.<\/p>\n<p data-start=\"1117\" data-end=\"1135\"><strong data-start=\"1117\" data-end=\"1135\">Tilpums: 120 g<\/strong><\/p>\n","protected":false},"excerpt":{"rendered":"<p data-start=\"1343\" data-end=\"1381\">Daudzfunkcion\u0101ls att\u012bro\u0161s g\u0113ls-skrubis<\/p>\n<h2 data-start=\"1383\" data-end=\"1434\"><strong data-start=\"1383\" data-end=\"1434\">\u012apa\u0161\u012bbas iS Clinical &#8211; Cleansing Complex Polish<\/strong><\/h2>\n<p data-start=\"1436\" data-end=\"1624\">\u2714\ufe0f Dzi\u013ci att\u012bra \u0101du un poras bez sausuma<br data-start=\"1476\" data-end=\"1479\" \/>\u2714\ufe0f Izl\u012bdzina \u0101das tekst\u016bru un reljefu<br data-start=\"1516\" data-end=\"1519\" \/>\u2714\ufe0f Padara \u0101du glud\u0101ku un maig\u0101ku<br data-start=\"1551\" data-end=\"1554\" \/>\u2714\ufe0f Samazina poru redzam\u012bbu<br data-start=\"1580\" data-end=\"1583\" \/>\u2714\ufe0f Pie\u0161\u0137ir \u0101dai svaigu un koptu izskatu<\/p>\n","protected":false},"featured_media":63344,"template":"","meta":[],"pwb-brand":[1179],"product_brand":[],"product_cat":[715,741,745,743,719,747],"product_tag":[],"giftcard-category":[],"class_list":{"0":"post-55402","1":"product","2":"type-product","3":"status-publish","4":"has-post-thumbnail","6":"pwb-brand-is-clinical-lv","7":"product_cat-attirisana","8":"product_cat-izsitumi","9":"product_cat-jutigai-adai","10":"product_cat-paplasinatas-poras","11":"product_cat-skrubji-un-pilingi","12":"product_cat-taukainai-adai","14":"first","15":"instock","16":"taxable","17":"shipping-taxable","18":"purchasable","19":"product-type-simple"},"acf":[],"brands":[{"id":1179,"name":"IS CLINICAL","slug":"is-clinical-lv"}],"_links":{"self":[{"href":"https:\/\/skinstudio.ee\/lv\/wp-json\/wp\/v2\/product\/55402","targetHints":{"allow":["GET"]}}],"collection":[{"href":"https:\/\/skinstudio.ee\/lv\/wp-json\/wp\/v2\/product"}],"about":[{"href":"https:\/\/skinstudio.ee\/lv\/wp-json\/wp\/v2\/types\/product"}],"version-history":[{"count":1,"href":"https:\/\/skinstudio.ee\/lv\/wp-json\/wp\/v2\/product\/55402\/revisions"}],"predecessor-version":[{"id":86848,"href":"https:\/\/skinstudio.ee\/lv\/wp-json\/wp\/v2\/product\/55402\/revisions\/86848"}],"wp:featuredmedia":[{"embeddable":true,"href":"https:\/\/skinstudio.ee\/lv\/wp-json\/wp\/v2\/media\/63344"}],"wp:attachment":[{"href":"https:\/\/skinstudio.ee\/lv\/wp-json\/wp\/v2\/media?parent=55402"}],"wp:term":[{"taxonomy":"pwb-brand","embeddable":true,"href":"https:\/\/skinstudio.ee\/lv\/wp-json\/wp\/v2\/pwb-brand?post=55402"},{"taxonomy":"product_brand","embeddable":true,"href":"https:\/\/skinstudio.ee\/lv\/wp-json\/wp\/v2\/product_brand?post=55402"},{"taxonomy":"product_cat","embeddable":true,"href":"https:\/\/skinstudio.ee\/lv\/wp-json\/wp\/v2\/product_cat?post=55402"},{"taxonomy":"product_tag","embeddable":true,"href":"https:\/\/skinstudio.ee\/lv\/wp-json\/wp\/v2\/product_tag?post=55402"},{"taxonomy":"giftcard-category","embeddable":true,"href":"https:\/\/skinstudio.ee\/lv\/wp-json\/wp\/v2\/giftcard-category?post=55402"}],"curies":[{"name":"wp","href":"https:\/\/api.w.org\/{rel}","templated":true}]}}