{"id":55410,"date":"2023-05-24T17:57:00","date_gmt":"2023-05-24T17:57:00","guid":{"rendered":"https:\/\/skinstudio.ee\/?post_type=product&#038;p=55410"},"modified":"2026-03-19T10:51:11","modified_gmt":"2026-03-19T10:51:11","slug":"active-serum","status":"publish","type":"product","link":"https:\/\/skinstudio.ee\/lv\/catalog\/is-clinical-lv\/active-serum\/","title":{"rendered":"Active Serum"},"content":{"rendered":"<div class=\"woocommerce-product-details__short-description\">\n<p data-start=\"34\" data-end=\"344\"><strong data-start=\"41\" data-end=\"72\">Active Serum no iS Clinical<\/strong> &#8211; ir ikoniska daudzfunkcion\u0101la seruma formula, kas nodro\u0161ina \u0101trus un redzamus rezult\u0101tus jau p\u0113c da\u017e\u0101m lieto\u0161anas dien\u0101m. T\u0101 ir izstr\u0101d\u0101ta, lai vienlaikus risin\u0101tu vair\u0101kas \u0101das probl\u0113mas &#8211; iekaisumus, nevienm\u0113r\u012bgu tekst\u016bru, pigment\u0101ciju un p\u0101rm\u0113r\u012bgu sebuma izdal\u012b\u0161anos.<\/p>\n<p data-start=\"346\" data-end=\"587\">Serums akt\u012bvi atjauno \u0101du, pal\u012bdzot samazin\u0101t smalko l\u012bniju redzam\u012bbu, att\u012br\u012bt poras un uzlabot \u0101das reljefu. Sk\u0101bju un augu ekstraktu kombin\u0101cija iedarbojas gan uz \u0101das virsmas, gan dzi\u013c\u0101kos sl\u0101\u0146os, uzlabojot t\u0101s kop\u0113jo izskatu un st\u0101vokli.<\/p>\n<p data-start=\"589\" data-end=\"757\">Regul\u0101ri lietojot, \u0101da k\u013c\u016bst t\u012br\u0101ka, glud\u0101ka un l\u012bdzsvarot\u0101ka, samazin\u0101s taukainums un nepiln\u012bbas. Jau \u012bs\u0101 laik\u0101 sejas tonis izskat\u0101s vienm\u0113r\u012bg\u0101ks, svaig\u0101ks un kopt\u0101ks.<\/p>\n<p data-start=\"759\" data-end=\"789\"><strong data-start=\"759\" data-end=\"789\">Darb\u012bba akt\u012bvo sast\u0101vda\u013cu:<\/strong><\/p>\n<ul data-start=\"791\" data-end=\"1034\">\n<li data-section-id=\"1jo5cto\" data-start=\"791\" data-end=\"882\">\n<p data-start=\"793\" data-end=\"882\"><strong data-start=\"793\" data-end=\"844\">Cukurniedru ekstrakts (AHA) + melle\u0146u ekstrakts<\/strong>: atjauno \u0101du un uzlabo t\u0101s tekst\u016bru<\/p>\n<\/li>\n<li data-section-id=\"7v9lae\" data-start=\"883\" data-end=\"954\">\n<p data-start=\"885\" data-end=\"954\"><strong data-start=\"885\" data-end=\"917\">V\u012btola mizas ekstrakts (BHA)<\/strong>: att\u012bra poras un mazina iekaisumus<\/p>\n<\/li>\n<li data-section-id=\"pthfwz\" data-start=\"955\" data-end=\"1034\">\n<p data-start=\"957\" data-end=\"1034\"><strong data-start=\"957\" data-end=\"986\">Arbut\u012bns + s\u0113\u0146u ekstrakts<\/strong>: izgaismo pigment\u0101ciju un izl\u012bdzina \u0101das toni<\/p>\n<\/li>\n<\/ul>\n<p data-start=\"1036\" data-end=\"1167\"><strong data-start=\"1036\" data-end=\"1066\">Kam piem\u0113rots Active Serum<\/strong>: taukainai, kombin\u0113tai un problem\u0101tiskai \u0101dai ar iekaisumiem, pigment\u0101ciju un nevienm\u0113r\u012bgu tekst\u016bru.<\/p>\n<p data-start=\"1169\" data-end=\"1205\"><strong data-start=\"1169\" data-end=\"1205\">Tilpums: 3,75 ml \/ 15 ml \/ 30 ml<\/strong><\/p>\n<\/div>\n","protected":false},"excerpt":{"rendered":"<p data-start=\"1353\" data-end=\"1376\">Daudzfunkcion\u0101ls serums<\/p>\n<h2 data-start=\"1378\" data-end=\"1417\"><strong data-start=\"1378\" data-end=\"1417\">\u012apa\u0161\u012bbas iS Clinical &#8211; Active Serum<\/strong><\/h2>\n<p data-start=\"1419\" data-end=\"1604\">\u2714\ufe0f \u0100tri mazina iekaisumus un izsitumus<br data-start=\"1457\" data-end=\"1460\" \/>\u2714\ufe0f Izgaismo pigment\u0101ciju un postakni<br data-start=\"1496\" data-end=\"1499\" \/>\u2714\ufe0f Uzlabo \u0101das tekst\u016bru<br data-start=\"1522\" data-end=\"1525\" \/>\u2714\ufe0f Att\u012bra poras un samazina taukainumu<br data-start=\"1563\" data-end=\"1566\" \/>\u2714\ufe0f Padara \u0101du t\u012br\u0101ku un vienm\u0113r\u012bg\u0101ku<\/p>\n","protected":false},"featured_media":63329,"template":"","meta":[],"pwb-brand":[1179],"product_brand":[],"product_cat":[741,749,743,751,723,747],"product_tag":[],"giftcard-category":[],"class_list":{"0":"post-55410","1":"product","2":"type-product","3":"status-publish","4":"has-post-thumbnail","6":"pwb-brand-is-clinical-lv","7":"product_cat-izsitumi","8":"product_cat-novecojosa-ada","9":"product_cat-paplasinatas-poras","10":"product_cat-pigmentacija-lv","11":"product_cat-serumi","12":"product_cat-taukainai-adai","13":"pa_suurus-15ml-lv","14":"pa_suurus-375ml-lv","15":"pa_suurus-30ml-lv","17":"first","18":"instock","19":"taxable","20":"shipping-taxable","21":"purchasable","22":"product-type-variable"},"acf":[],"brands":[{"id":1179,"name":"IS CLINICAL","slug":"is-clinical-lv"}],"_links":{"self":[{"href":"https:\/\/skinstudio.ee\/lv\/wp-json\/wp\/v2\/product\/55410","targetHints":{"allow":["GET"]}}],"collection":[{"href":"https:\/\/skinstudio.ee\/lv\/wp-json\/wp\/v2\/product"}],"about":[{"href":"https:\/\/skinstudio.ee\/lv\/wp-json\/wp\/v2\/types\/product"}],"version-history":[{"count":1,"href":"https:\/\/skinstudio.ee\/lv\/wp-json\/wp\/v2\/product\/55410\/revisions"}],"predecessor-version":[{"id":86853,"href":"https:\/\/skinstudio.ee\/lv\/wp-json\/wp\/v2\/product\/55410\/revisions\/86853"}],"wp:featuredmedia":[{"embeddable":true,"href":"https:\/\/skinstudio.ee\/lv\/wp-json\/wp\/v2\/media\/63329"}],"wp:attachment":[{"href":"https:\/\/skinstudio.ee\/lv\/wp-json\/wp\/v2\/media?parent=55410"}],"wp:term":[{"taxonomy":"pwb-brand","embeddable":true,"href":"https:\/\/skinstudio.ee\/lv\/wp-json\/wp\/v2\/pwb-brand?post=55410"},{"taxonomy":"product_brand","embeddable":true,"href":"https:\/\/skinstudio.ee\/lv\/wp-json\/wp\/v2\/product_brand?post=55410"},{"taxonomy":"product_cat","embeddable":true,"href":"https:\/\/skinstudio.ee\/lv\/wp-json\/wp\/v2\/product_cat?post=55410"},{"taxonomy":"product_tag","embeddable":true,"href":"https:\/\/skinstudio.ee\/lv\/wp-json\/wp\/v2\/product_tag?post=55410"},{"taxonomy":"giftcard-category","embeddable":true,"href":"https:\/\/skinstudio.ee\/lv\/wp-json\/wp\/v2\/giftcard-category?post=55410"}],"curies":[{"name":"wp","href":"https:\/\/api.w.org\/{rel}","templated":true}]}}