{"id":55423,"date":"2023-05-24T17:56:43","date_gmt":"2023-05-24T17:56:43","guid":{"rendered":"https:\/\/skinstudio.ee\/?post_type=product&#038;p=55423"},"modified":"2026-03-19T10:58:59","modified_gmt":"2026-03-19T10:58:59","slug":"hydra-cool-serum","status":"publish","type":"product","link":"https:\/\/skinstudio.ee\/lv\/catalog\/is-clinical-lv\/hydra-cool-serum\/","title":{"rendered":"Hydra-Cool Serum"},"content":{"rendered":"<p data-start=\"58\" data-end=\"339\"><strong data-start=\"65\" data-end=\"100\">Hydra-Cool Serum no iS Clinical<\/strong> &#8211; ir atsvaidzino\u0161s mitrino\u0161s serums, kas pal\u012bdz atjaunot \u0101das komfortu un mazin\u0101t kairin\u0101jumu, sausumu un iekaisumus. Formula apvieno augu antioksidantus un bioakt\u012bvas vielas, lai atbalst\u012btu \u0101das atjauno\u0161anos un uztur\u0113tu vesel\u012bgu izskatu.<\/p>\n<p data-start=\"341\" data-end=\"591\">Serums uzreiz atv\u0113sina un nomierina \u0101du, pal\u012bdzot mazin\u0101t aps\u0101rtumu un diskomfortu p\u0113c saules iedarb\u012bbas, sk\u016b\u0161an\u0101s vai apk\u0101rt\u0113j\u0101s vides stresa. Tas ar\u012b pal\u012bdz samazin\u0101t iekaisumus un uzlabot kop\u0113jo \u0101das st\u0101vokli, padarot to svaig\u0101ku un l\u012bdzsvarot\u0101ku.<\/p>\n<p data-start=\"593\" data-end=\"796\">Produkts intens\u012bvi mitrina, samazina sausumu, nov\u0113r\u0161 lob\u012b\u0161anos un veicina \u0101das atjauno\u0161anos. Regul\u0101ri lietojot, \u0101da k\u013c\u016bst glud\u0101ka, lab\u0101k mitrin\u0101ta un l\u012bdzsvarot\u0101ka, ar vesel\u012bg\u0101ku un vienm\u0113r\u012bg\u0101ku izskatu.<\/p>\n<p data-start=\"798\" data-end=\"828\"><strong data-start=\"798\" data-end=\"828\">Darb\u012bba akt\u012bvo sast\u0101vda\u013cu:<\/strong><\/p>\n<ul data-start=\"830\" data-end=\"1052\">\n<li data-section-id=\"1i1x93i\" data-start=\"830\" data-end=\"897\">\n<p data-start=\"832\" data-end=\"897\"><strong data-start=\"832\" data-end=\"849\">Hialuronsk\u0101be<\/strong>: intens\u012bvi mitrina un pal\u012bdz saglab\u0101t mitrumu<\/p>\n<\/li>\n<li data-section-id=\"12grtl4\" data-start=\"898\" data-end=\"958\">\n<p data-start=\"900\" data-end=\"958\"><strong data-start=\"900\" data-end=\"921\">Centella Asiatica<\/strong>: nomierina \u0101du un mazina aps\u0101rtumu<\/p>\n<\/li>\n<li data-section-id=\"1ui5tfg\" data-start=\"959\" data-end=\"1052\">\n<p data-start=\"961\" data-end=\"1052\"><strong data-start=\"961\" data-end=\"993\">Vitam\u012bns B5 + s\u0113\u0146u ekstrakts<\/strong>: atbalsta \u0101das atjauno\u0161anos un pal\u012bdz mazin\u0101t iekaisumus<\/p>\n<\/li>\n<\/ul>\n<p data-start=\"1054\" data-end=\"1157\"><strong data-start=\"1054\" data-end=\"1088\">Kam piem\u0113rots Hydra-Cool Serum<\/strong>: visiem \u0101das tipiem, tostarp jut\u012bgai, dehidr\u0113tai un kairin\u0101tai \u0101dai.<\/p>\n<p data-start=\"1159\" data-end=\"1195\"><strong data-start=\"1159\" data-end=\"1195\">Tilpums: 3,75 ml \/ 15 ml \/ 30 ml<\/strong><\/p>\n","protected":false},"excerpt":{"rendered":"<p data-start=\"1350\" data-end=\"1366\">Mitrino\u0161s serums<\/p>\n<h2 data-start=\"1368\" data-end=\"1411\"><strong data-start=\"1368\" data-end=\"1411\">\u012apa\u0161\u012bbas iS Clinical &#8211; Hydra-Cool Serum<\/strong><\/h2>\n<p data-start=\"1413\" data-end=\"1627\">\u2714\ufe0f Intens\u012bvi mitrina un atsvaidzina \u0101du<br data-start=\"1452\" data-end=\"1455\" \/>\u2714\ufe0f Uzreiz mazina kairin\u0101jumu un aps\u0101rtumu<br data-start=\"1496\" data-end=\"1499\" \/>\u2714\ufe0f Nodro\u0161ina atv\u0113sino\u0161u un nomierino\u0161u efektu<br data-start=\"1544\" data-end=\"1547\" \/>\u2714\ufe0f Pal\u012bdz \u0101dai atjaunoties p\u0113c stresa<br data-start=\"1584\" data-end=\"1587\" \/>\u2714\ufe0f Padara \u0101du glud\u0101ku un komfortabl\u0101ku<\/p>\n","protected":false},"featured_media":63379,"template":"","meta":[],"pwb-brand":[1179],"product_brand":[],"product_cat":[745,737,749,739,723,747],"product_tag":[],"giftcard-category":[],"class_list":{"0":"post-55423","1":"product","2":"type-product","3":"status-publish","4":"has-post-thumbnail","6":"pwb-brand-is-clinical-lv","7":"product_cat-jutigai-adai","8":"product_cat-mitrinasana","9":"product_cat-novecojosa-ada","10":"product_cat-sausai-adai","11":"product_cat-serumi","12":"product_cat-taukainai-adai","13":"pa_suurus-15ml-lv","14":"pa_suurus-375ml-lv","15":"pa_suurus-30ml-lv","17":"first","18":"instock","19":"taxable","20":"shipping-taxable","21":"purchasable","22":"product-type-variable"},"acf":[],"brands":[{"id":1179,"name":"IS CLINICAL","slug":"is-clinical-lv"}],"_links":{"self":[{"href":"https:\/\/skinstudio.ee\/lv\/wp-json\/wp\/v2\/product\/55423","targetHints":{"allow":["GET"]}}],"collection":[{"href":"https:\/\/skinstudio.ee\/lv\/wp-json\/wp\/v2\/product"}],"about":[{"href":"https:\/\/skinstudio.ee\/lv\/wp-json\/wp\/v2\/types\/product"}],"version-history":[{"count":1,"href":"https:\/\/skinstudio.ee\/lv\/wp-json\/wp\/v2\/product\/55423\/revisions"}],"predecessor-version":[{"id":86864,"href":"https:\/\/skinstudio.ee\/lv\/wp-json\/wp\/v2\/product\/55423\/revisions\/86864"}],"wp:featuredmedia":[{"embeddable":true,"href":"https:\/\/skinstudio.ee\/lv\/wp-json\/wp\/v2\/media\/63379"}],"wp:attachment":[{"href":"https:\/\/skinstudio.ee\/lv\/wp-json\/wp\/v2\/media?parent=55423"}],"wp:term":[{"taxonomy":"pwb-brand","embeddable":true,"href":"https:\/\/skinstudio.ee\/lv\/wp-json\/wp\/v2\/pwb-brand?post=55423"},{"taxonomy":"product_brand","embeddable":true,"href":"https:\/\/skinstudio.ee\/lv\/wp-json\/wp\/v2\/product_brand?post=55423"},{"taxonomy":"product_cat","embeddable":true,"href":"https:\/\/skinstudio.ee\/lv\/wp-json\/wp\/v2\/product_cat?post=55423"},{"taxonomy":"product_tag","embeddable":true,"href":"https:\/\/skinstudio.ee\/lv\/wp-json\/wp\/v2\/product_tag?post=55423"},{"taxonomy":"giftcard-category","embeddable":true,"href":"https:\/\/skinstudio.ee\/lv\/wp-json\/wp\/v2\/giftcard-category?post=55423"}],"curies":[{"name":"wp","href":"https:\/\/api.w.org\/{rel}","templated":true}]}}