{"id":55435,"date":"2023-05-24T17:56:43","date_gmt":"2023-05-24T17:56:43","guid":{"rendered":"https:\/\/skinstudio.ee\/?post_type=product&#038;p=55435"},"modified":"2026-01-22T15:03:22","modified_gmt":"2026-01-22T15:03:22","slug":"pure-clarity-trial-kit","status":"publish","type":"product","link":"https:\/\/skinstudio.ee\/lv\/catalog\/is-clinical-lv\/pure-clarity-trial-kit\/","title":{"rendered":"Pure Clarity Trial Kit"},"content":{"rendered":"<p data-start=\"361\" data-end=\"617\"><strong data-start=\"361\" data-end=\"401\">IS CLINICAL &#8211; Pure Clarity Trial Kit<\/strong> komplekt\u0101 ietilpst 4 nepiecie\u0161amie produkti problem\u0101tiskas \u0101das kop\u0161anai.<br data-start=\"475\" data-end=\"478\" \/>Komplekts ir ide\u0101li piem\u0113rots \u0101das att\u012br\u012b\u0161anai, kop\u0161anai un aizsardz\u012bbai, nodro\u0161inot pilnv\u0113rt\u012bgu ikdienas rut\u012bnu gan m\u0101j\u0101s, gan ce\u013cojum\u0101.<\/p>\n<p data-start=\"619\" data-end=\"635\"><strong data-start=\"619\" data-end=\"633\">Komplekt\u0101:<\/strong><\/p>\n<ul data-start=\"636\" data-end=\"766\">\n<li data-start=\"636\" data-end=\"675\">\n<p data-start=\"638\" data-end=\"675\"><strong data-start=\"638\" data-end=\"659\">Cleansing Complex<\/strong> 2 ml (2 gab.)<\/p>\n<\/li>\n<li data-start=\"676\" data-end=\"704\">\n<p data-start=\"678\" data-end=\"704\"><strong data-start=\"678\" data-end=\"694\">Active Serum<\/strong> 3,75 ml<\/p>\n<\/li>\n<li data-start=\"705\" data-end=\"737\">\n<p data-start=\"707\" data-end=\"737\"><strong data-start=\"707\" data-end=\"727\">Hydra-Cool Serum<\/strong> 3,75 ml<\/p>\n<\/li>\n<li data-start=\"738\" data-end=\"766\">\n<p data-start=\"740\" data-end=\"766\"><strong data-start=\"740\" data-end=\"759\">Eclipse SPF 50+<\/strong> 10 g<\/p>\n<\/li>\n<\/ul>\n<p data-start=\"768\" data-end=\"1040\"><strong data-start=\"768\" data-end=\"789\">Cleansing Complex<\/strong> \u2014 univers\u0101ls att\u012bro\u0161s l\u012bdzeklis, piem\u0113rots visiem \u0101das tipiem neatkar\u012bgi no vecuma. Regul\u0101ri lietojot, tas pal\u012bdz nov\u0113rst aknes veido\u0161anos. Efekt\u012bvs ikdienas att\u012br\u012b\u0161anai un k\u0101 sagatavo\u0161an\u0101s posms turpm\u0101kajai kop\u0161anai ar <strong data-start=\"1010\" data-end=\"1026\">iS CLINICAL\u00ae<\/strong> produktiem.<\/p>\n<p data-start=\"1042\" data-end=\"1358\"><strong data-start=\"1042\" data-end=\"1058\">Active Serum<\/strong> \u2014 popul\u0101r\u0101kais <strong data-start=\"1074\" data-end=\"1090\">iS CLINICAL\u00ae<\/strong> produkts. T\u0101 \u0101tras iedarb\u012bbas formula nodro\u0161ina ilgtermi\u0146a rezult\u0101tus, ko \u0101rsti raksturo k\u0101 \u201cizcilus\u201d un \u201cfenomen\u0101lus\u201d. Redzami uzlabo \u0101das st\u0101vokli da\u017eu dienu laik\u0101: samazina smalk\u0101s l\u012bnijas, att\u012bra poras, izgaismo pigment\u0101cijas plankumus un izl\u012bdzina \u0101das virsmu.<\/p>\n<p data-start=\"1360\" data-end=\"1645\"><strong data-start=\"1360\" data-end=\"1380\">Hydra-Cool Serum<\/strong> \u2014 atsvaidzino\u0161s serums ar augu antioksidantiem un bioakt\u012bv\u0101m bar\u012bbas viel\u0101m. Nomierina \u0101du p\u0113c saules iedarb\u012bbas vai sk\u016b\u0161an\u0101s, mazina iekaisumu un kairin\u0101jumu, intens\u012bvi mitrina un uzlabo \u0101das elast\u012bbu. Piem\u0113rots gan sieviet\u0113m, gan v\u012brie\u0161iem, visiem \u0101das tipiem.<\/p>\n<p data-start=\"1647\" data-end=\"1906\"><strong data-start=\"1647\" data-end=\"1666\">Eclipse SPF 50+<\/strong> \u2014 augstas aizsardz\u012bbas saules kr\u0113ms ikdienas lieto\u0161anai un ilgsto\u0161ai uztur\u0113\u0161anai saul\u0113. Satur zin\u0101tniski pilnveidotu fizisko filtru un t\u012bra E vitam\u012bna kombin\u0101ciju, kas nodro\u0161ina sp\u0113c\u012bgu antioksidantu un pla\u0161a spektra UVA\/UVB aizsardz\u012bbu.<\/p>\n<p data-start=\"1908\" data-end=\"1958\">\n","protected":false},"excerpt":{"rendered":"<p data-start=\"2490\" data-end=\"2553\"><strong><span style=\"color: #ff0000;\">*Pas\u016btot komplektu, pieg\u0101des laiks var b\u016bt 3\u20135 darba dienas.<\/span><\/strong><\/p>\n<p data-start=\"2555\" data-end=\"2610\">Kop\u0161anas komplekts problem\u0101tiskas \u0101das l\u012bdzsvaro\u0161anai<\/p>\n<h2 data-start=\"2612\" data-end=\"2952\"><strong data-start=\"2612\" data-end=\"2661\">IS CLINICAL &#8211; Pure Clarity Trial Kit \u012bpa\u0161\u012bbas<\/strong><\/h2>\n<p data-start=\"2612\" data-end=\"2952\">\u2714\ufe0f Mini form\u0101tu komplekts \u0101das att\u012br\u012b\u0161anai un kop\u0161anai<br data-start=\"2718\" data-end=\"2721\" \/>\u2714\ufe0f Mazina iekaisumu un nov\u0113r\u0161 jaunu izsitumu veido\u0161anos<br data-start=\"2776\" data-end=\"2779\" \/>\u2714\ufe0f Izgaismo postaknes p\u0113das un izl\u012bdzina \u0101das toni<br data-start=\"2829\" data-end=\"2832\" \/>\u2714\ufe0f Ide\u0101li piem\u0113rots test\u0113\u0161anai pirms pilna izm\u0113ra produktu ieg\u0101des<br data-start=\"2898\" data-end=\"2901\" \/>\u2714\ufe0f \u0112rts form\u0101ts ce\u013cojumiem un ikdienas lieto\u0161anai<\/p>\n","protected":false},"featured_media":63294,"template":"","meta":[],"pwb-brand":[1179],"product_brand":[],"product_cat":[741,755,743,747,753],"product_tag":[],"giftcard-category":[],"class_list":{"0":"post-55435","1":"product","2":"type-product","3":"status-publish","4":"has-post-thumbnail","6":"pwb-brand-is-clinical-lv","7":"product_cat-izsitumi","8":"product_cat-komplekts","9":"product_cat-paplasinatas-poras","10":"product_cat-taukainai-adai","11":"product_cat-travel-size-lv","13":"first","14":"instock","15":"taxable","16":"shipping-taxable","17":"purchasable","18":"product-type-simple"},"acf":[],"brands":[{"id":1179,"name":"IS CLINICAL","slug":"is-clinical-lv"}],"_links":{"self":[{"href":"https:\/\/skinstudio.ee\/lv\/wp-json\/wp\/v2\/product\/55435","targetHints":{"allow":["GET"]}}],"collection":[{"href":"https:\/\/skinstudio.ee\/lv\/wp-json\/wp\/v2\/product"}],"about":[{"href":"https:\/\/skinstudio.ee\/lv\/wp-json\/wp\/v2\/types\/product"}],"version-history":[{"count":0,"href":"https:\/\/skinstudio.ee\/lv\/wp-json\/wp\/v2\/product\/55435\/revisions"}],"wp:featuredmedia":[{"embeddable":true,"href":"https:\/\/skinstudio.ee\/lv\/wp-json\/wp\/v2\/media\/63294"}],"wp:attachment":[{"href":"https:\/\/skinstudio.ee\/lv\/wp-json\/wp\/v2\/media?parent=55435"}],"wp:term":[{"taxonomy":"pwb-brand","embeddable":true,"href":"https:\/\/skinstudio.ee\/lv\/wp-json\/wp\/v2\/pwb-brand?post=55435"},{"taxonomy":"product_brand","embeddable":true,"href":"https:\/\/skinstudio.ee\/lv\/wp-json\/wp\/v2\/product_brand?post=55435"},{"taxonomy":"product_cat","embeddable":true,"href":"https:\/\/skinstudio.ee\/lv\/wp-json\/wp\/v2\/product_cat?post=55435"},{"taxonomy":"product_tag","embeddable":true,"href":"https:\/\/skinstudio.ee\/lv\/wp-json\/wp\/v2\/product_tag?post=55435"},{"taxonomy":"giftcard-category","embeddable":true,"href":"https:\/\/skinstudio.ee\/lv\/wp-json\/wp\/v2\/giftcard-category?post=55435"}],"curies":[{"name":"wp","href":"https:\/\/api.w.org\/{rel}","templated":true}]}}