{"id":55448,"date":"2023-05-24T17:56:43","date_gmt":"2023-05-24T17:56:43","guid":{"rendered":"https:\/\/skinstudio.ee\/?post_type=product&#038;p=55448"},"modified":"2026-01-22T15:03:23","modified_gmt":"2026-01-22T15:03:23","slug":"pure-renewal-trial-kit","status":"publish","type":"product","link":"https:\/\/skinstudio.ee\/lv\/catalog\/is-clinical-lv\/pure-renewal-trial-kit\/","title":{"rendered":"Pure Renewal Trial Kit"},"content":{"rendered":"<p data-start=\"400\" data-end=\"885\"><strong data-start=\"400\" data-end=\"440\">IS CLINICAL &#8211; Pure Renewal Trial Kit<\/strong> satur produktus ide\u0101lai m\u0101jas \u0101das kop\u0161anai.<br data-start=\"485\" data-end=\"488\" \/>Efekt\u012bvs daudzfunkcion\u0101ls serums un atjaunojo\u0161s sejas kr\u0113ms redzami samazina gan virspus\u0113jo, gan dzi\u013co krunci\u0146u dzi\u013cumu, sa\u0161aurina poras un izl\u012bdzina \u0101das reljefu.<br data-start=\"651\" data-end=\"654\" \/>Atjaunojo\u0161s balzams lieliski mitrina \u0101du un uzlabo t\u0101s elast\u012bbu, savuk\u0101rt saules aizsargkr\u0113ms ar antioksidantiem un SPF filtriem dro\u0161i aizsarg\u0101 \u0101du.<br data-start=\"802\" data-end=\"805\" \/>T\u016bl\u012bt\u0113ja terapija j\u016bsu \u0101dai: att\u012br\u012b\u0161ana, mitrin\u0101\u0161ana, aizsardz\u012bba un mirdzums.<\/p>\n<p data-start=\"887\" data-end=\"903\"><strong data-start=\"887\" data-end=\"901\">Komplekt\u0101:<\/strong><\/p>\n<ul data-start=\"904\" data-end=\"1022\">\n<li data-start=\"904\" data-end=\"938\">\n<p data-start=\"906\" data-end=\"938\"><strong data-start=\"906\" data-end=\"927\">Cleansing Complex<\/strong> 2 \u00d7 2 ml<\/p>\n<\/li>\n<li data-start=\"939\" data-end=\"964\">\n<p data-start=\"941\" data-end=\"964\"><strong data-start=\"941\" data-end=\"958\">Youth Complex<\/strong> 2 g<\/p>\n<\/li>\n<li data-start=\"965\" data-end=\"993\">\n<p data-start=\"967\" data-end=\"993\"><strong data-start=\"967\" data-end=\"983\">Active Serum<\/strong> 3,75 ml<\/p>\n<\/li>\n<li data-start=\"994\" data-end=\"1022\">\n<p data-start=\"996\" data-end=\"1022\"><strong data-start=\"996\" data-end=\"1015\">Eclipse SPF 50+<\/strong> 10 g<\/p>\n<\/li>\n<\/ul>\n<p data-start=\"1024\" data-end=\"1220\"><strong data-start=\"1024\" data-end=\"1045\">Cleansing Complex<\/strong> \u2014 univers\u0101ls l\u012bdzeklis visiem \u0101das tipiem un vecumiem. Regul\u0101ri lietojot, pal\u012bdz nov\u0113rst aknes veido\u0161anos un sagatavo \u0101du turpm\u0101kai kop\u0161anai ar <strong data-start=\"1190\" data-end=\"1206\">iS CLINICAL\u00ae<\/strong> produktiem.<\/p>\n<p data-start=\"1222\" data-end=\"1404\"><strong data-start=\"1222\" data-end=\"1239\">Youth Complex<\/strong> unik\u0101l\u0101 patent\u0113t\u0101 formula efekt\u012bvi aizpilda s\u012bk\u0101s krunci\u0146as un izl\u012bdzina \u0101das reljefu. Ilgtermi\u0146\u0101 stimul\u0113 kontrol\u0113tu eksfoli\u0101ciju un kolag\u0113na un elast\u012bna sint\u0113zi.<\/p>\n<p data-start=\"1406\" data-end=\"1615\"><strong data-start=\"1406\" data-end=\"1422\">Active Serum<\/strong> \u2014 popul\u0101r\u0101kais <strong data-start=\"1438\" data-end=\"1454\">iS CLINICAL\u00ae<\/strong> produkts. T\u0101 \u0101tras iedarb\u012bbas formula sniedz ilgsto\u0161us rezult\u0101tus: samazina krunci\u0146as, att\u012bra poras, izgaismo pigment\u0101cijas plankumus un uzlabo \u0101das tekst\u016bru.<\/p>\n<p data-start=\"1617\" data-end=\"1854\"><strong data-start=\"1617\" data-end=\"1636\">Eclipse SPF 50+<\/strong> \u2014 saules aizsargkr\u0113ms ikdienas lieto\u0161anai un ilgsto\u0161ai uztur\u0113\u0161anai saul\u0113. Satur zin\u0101tniski pilnveidotus fiziskos filtrus un t\u012bra E vitam\u012bna kombin\u0101ciju, nodro\u0161inot augstu UVA\/UVB aizsardz\u012bbu un antioksidantu efektu.<\/p>\n","protected":false},"excerpt":{"rendered":"<p data-start=\"2427\" data-end=\"2490\"><span style=\"color: #ff0000;\"><strong>*Pas\u016btot komplektu, pieg\u0101des laiks var b\u016bt 3\u20135 darba dienas.<\/strong><\/span><\/p>\n<p data-start=\"274\" data-end=\"391\">Komplekts \u201cAtjaunojo\u0161ais\u201d sast\u0101v no \u010detriem pamata l\u012bdzek\u013ciem ikdienas \u0101das kop\u0161anai.<\/p>\n<h2 data-start=\"2676\" data-end=\"3020\"><strong data-start=\"2676\" data-end=\"2725\">IS CLINICAL &#8211; Pure Renewal Trial Kit \u012bpa\u0161\u012bbas<\/strong><\/h2>\n<p data-start=\"2676\" data-end=\"3020\">\u2714\ufe0f Mini form\u0101tu komplekts maigai \u0101das atjauno\u0161anai un mitrin\u0101\u0161anai<br data-start=\"2794\" data-end=\"2797\" \/>\u2714\ufe0f Uzlabo \u0101das tekst\u016bru un pie\u0161\u0137ir vesel\u012bgu mirdzumu<br data-start=\"2849\" data-end=\"2852\" \/>\u2714\ufe0f Samazina pirm\u0101s noveco\u0161an\u0101s paz\u012bmes un pigment\u0101ciju<br data-start=\"2906\" data-end=\"2909\" \/>\u2714\ufe0f Piem\u0113rots test\u0113\u0161anai pirms pilna izm\u0113ra produktu ieg\u0101des<br data-start=\"2968\" data-end=\"2971\" \/>\u2714\ufe0f \u0112rts izm\u0113rs ce\u013co\u0161anai un ikdienas lieto\u0161anai<\/p>\n","protected":false},"featured_media":63289,"template":"","meta":[],"pwb-brand":[1179],"product_brand":[],"product_cat":[755,753],"product_tag":[],"giftcard-category":[],"class_list":{"0":"post-55448","1":"product","2":"type-product","3":"status-publish","4":"has-post-thumbnail","6":"pwb-brand-is-clinical-lv","7":"product_cat-komplekts","8":"product_cat-travel-size-lv","10":"first","11":"instock","12":"taxable","13":"shipping-taxable","14":"purchasable","15":"product-type-simple"},"acf":[],"brands":[{"id":1179,"name":"IS CLINICAL","slug":"is-clinical-lv"}],"_links":{"self":[{"href":"https:\/\/skinstudio.ee\/lv\/wp-json\/wp\/v2\/product\/55448","targetHints":{"allow":["GET"]}}],"collection":[{"href":"https:\/\/skinstudio.ee\/lv\/wp-json\/wp\/v2\/product"}],"about":[{"href":"https:\/\/skinstudio.ee\/lv\/wp-json\/wp\/v2\/types\/product"}],"version-history":[{"count":0,"href":"https:\/\/skinstudio.ee\/lv\/wp-json\/wp\/v2\/product\/55448\/revisions"}],"wp:featuredmedia":[{"embeddable":true,"href":"https:\/\/skinstudio.ee\/lv\/wp-json\/wp\/v2\/media\/63289"}],"wp:attachment":[{"href":"https:\/\/skinstudio.ee\/lv\/wp-json\/wp\/v2\/media?parent=55448"}],"wp:term":[{"taxonomy":"pwb-brand","embeddable":true,"href":"https:\/\/skinstudio.ee\/lv\/wp-json\/wp\/v2\/pwb-brand?post=55448"},{"taxonomy":"product_brand","embeddable":true,"href":"https:\/\/skinstudio.ee\/lv\/wp-json\/wp\/v2\/product_brand?post=55448"},{"taxonomy":"product_cat","embeddable":true,"href":"https:\/\/skinstudio.ee\/lv\/wp-json\/wp\/v2\/product_cat?post=55448"},{"taxonomy":"product_tag","embeddable":true,"href":"https:\/\/skinstudio.ee\/lv\/wp-json\/wp\/v2\/product_tag?post=55448"},{"taxonomy":"giftcard-category","embeddable":true,"href":"https:\/\/skinstudio.ee\/lv\/wp-json\/wp\/v2\/giftcard-category?post=55448"}],"curies":[{"name":"wp","href":"https:\/\/api.w.org\/{rel}","templated":true}]}}