{"id":55454,"date":"2023-05-24T17:56:43","date_gmt":"2023-05-24T17:56:43","guid":{"rendered":"https:\/\/skinstudio.ee\/?post_type=product&#038;p=55454"},"modified":"2026-01-22T15:03:23","modified_gmt":"2026-01-22T15:03:23","slug":"pure-radiance-trial-kit","status":"publish","type":"product","link":"https:\/\/skinstudio.ee\/lv\/catalog\/is-clinical-lv\/pure-radiance-trial-kit\/","title":{"rendered":"Pure Radiance Trial Kit"},"content":{"rendered":"<p data-start=\"431\" data-end=\"625\">Samaziniet tum\u0161o plankumu, plankumu un \u0101das bl\u0101vuma par\u0101d\u012b\u0161anos ar <strong data-start=\"498\" data-end=\"515\">Pure Radiance<\/strong> kolekciju.<br data-start=\"526\" data-end=\"529\" \/>Komplekt\u0101 eso\u0161ie produkti maigi eksfoli\u0113 \u0101du, nodro\u0161inot vesel\u012bgas un starojo\u0161as \u0101das izskatu.<\/p>\n<p data-start=\"737\" data-end=\"964\"><strong data-start=\"737\" data-end=\"784\">Komplekt\u0101 Pure Radiance Trial Kit ietilpst:<\/strong><br data-start=\"784\" data-end=\"787\" \/>Att\u012bro\u0161ais gels <em data-start=\"803\" data-end=\"822\">Cleansing Complex<\/em> 2ml<br data-start=\"826\" data-end=\"829\" \/>Balino\u0161ais serums <em data-start=\"847\" data-end=\"866\">Brightening Serum<\/em> 10g<br data-start=\"870\" data-end=\"873\" \/>Balino\u0161ais kr\u0113ms <em data-start=\"890\" data-end=\"911\">Brightening Complex<\/em> 3.75ml<br data-start=\"918\" data-end=\"921\" \/>Saules aizsargkr\u0113ms <em data-start=\"941\" data-end=\"958\">Eclipse SPF 50+<\/em> 10g<\/p>\n<p data-start=\"966\" data-end=\"1269\"><em data-start=\"966\" data-end=\"985\">Cleansing Complex<\/em> \u2013 lielisks kop\u0161anas l\u012bdzeklis visiem \u0101das tipiem neatkar\u012bgi no vecuma. Regul\u0101ra lieto\u0161ana pal\u012bdz nov\u0113rst aknes ra\u0161anos. <em data-start=\"1106\" data-end=\"1125\">Cleansing Complex<\/em> ir ne tikai efekt\u012bvs ikdienas t\u012br\u012b\u0161anas l\u012bdzeklis, bet ar\u012b svar\u012bgs posms \u0101das sagatavo\u0161an\u0101 turpm\u0101kai kop\u0161anai ar <strong data-start=\"1239\" data-end=\"1255\">iS CLINICAL\u00ae<\/strong> produktiem.<\/p>\n<p data-start=\"1271\" data-end=\"1589\"><em data-start=\"1271\" data-end=\"1290\">Brightening Serum<\/em> \u2013 izgaismojo\u0161s serums, kas satur sp\u0113c\u012bgas augu izcelsmes sast\u0101vda\u013cas \u0101trai un saudz\u012bgai pigment\u0101cijas mazin\u0101\u0161anai, vienlaikus nodro\u0161inot anti-age efektu. Veicina kontrol\u0113tu un gandr\u012bz neman\u0101mu eksfoli\u0101ciju. Piem\u0113rots lieto\u0161anai gan visai sejai, gan tikai pigmenta plankumiem. \u0100da to viegli uzs\u016bc.<\/p>\n<p data-start=\"1591\" data-end=\"1974\"><em data-start=\"1591\" data-end=\"1612\">Brightening Complex<\/em> \u2013 izgaismojo\u0161s kr\u0113ms, kas efekt\u012bvi un saudz\u012bgi balina un mitrina \u0101du. Satur inovat\u012bvas farmaceitisk\u0101s kvalit\u0101tes balino\u0161as sast\u0101vda\u013cas un aktiviz\u0113 visus piecus pigment\u0101cijas nom\u0101k\u0161anas meh\u0101nismus. Blo\u0137\u0113 melanoc\u012btu un keratinoc\u012btu savienojumu, samazina melan\u012bna veido\u0161anos, inhib\u0113jot tiroz\u012bnu, eksfoli\u0113, mazina iekaisumu un nodro\u0161ina antioksidantu aizsardz\u012bbu.<\/p>\n<p data-start=\"1976\" data-end=\"2246\"><em data-start=\"1976\" data-end=\"1993\">Eclipse SPF 50+<\/em> \u2013 saules aizsargkr\u0113ms ikdienas lieto\u0161anai un ilgsto\u0161ai uztur\u0113\u0161anai saul\u0113. Satur unik\u0101lu uzlabotu fizisko filtru un t\u012bra E vitam\u012bna kombin\u0101ciju. Formula, kas bag\u0101ta ar antioksidantiem, nodro\u0161ina augst\u0101ko \u016bdensiztur\u012bgo aizsardz\u012bbu pret UVA\/UVB stariem.<\/p>\n","protected":false},"excerpt":{"rendered":"<p data-start=\"2943\" data-end=\"3006\"><span style=\"color: #ff0000;\"><strong>*Pas\u016btot komplektu, pieg\u0101des laiks var b\u016bt 3\u20135 darba dienas.<\/strong><\/span><\/p>\n<p data-start=\"3008\" data-end=\"3168\">Izgaismojo\u0161ais komplekts no iS CLINICAL\u00ae pal\u012bdz\u0113s uz visiem laikiem atvad\u012bties no tum\u0161ajiem plankumiem, nevienm\u0113r\u012bgas pigment\u0101cijas un bl\u0101vas \u0101das kr\u0101sas.<\/p>\n<h2 data-start=\"3170\" data-end=\"3490\"><strong data-start=\"3170\" data-end=\"3220\">iS CLINICAL &#8211; Pure Radiance Trial Kit \u012bpa\u0161\u012bbas<\/strong><\/h2>\n<p data-start=\"3170\" data-end=\"3490\">\u2714\ufe0f Mini form\u0101tu komplekts \u0101das izgaismo\u0161anai un starojumam<br data-start=\"3281\" data-end=\"3284\" \/>\u2714\ufe0f Samazina pigment\u0101ciju un p\u0113caknes p\u0113das<br data-start=\"3326\" data-end=\"3329\" \/>\u2714\ufe0f Vienm\u0113r\u012bgi izl\u012bdzina \u0101das toni un tekst\u016bru<br data-start=\"3374\" data-end=\"3377\" \/>\u2714\ufe0f Ide\u0101li piem\u0113rots pirms pilna izm\u0113ra produktu ieg\u0101des test\u0113\u0161anai<br data-start=\"3443\" data-end=\"3446\" \/>\u2714\ufe0f \u0112rts izm\u0113rs ce\u013co\u0161anai un l\u012bdzi \u0146em\u0161anai<\/p>\n","protected":false},"featured_media":63299,"template":"","meta":[],"pwb-brand":[1179],"product_brand":[],"product_cat":[755,753],"product_tag":[],"giftcard-category":[],"class_list":{"0":"post-55454","1":"product","2":"type-product","3":"status-publish","4":"has-post-thumbnail","6":"pwb-brand-is-clinical-lv","7":"product_cat-komplekts","8":"product_cat-travel-size-lv","10":"first","11":"instock","12":"taxable","13":"shipping-taxable","14":"purchasable","15":"product-type-simple"},"acf":[],"brands":[{"id":1179,"name":"IS CLINICAL","slug":"is-clinical-lv"}],"_links":{"self":[{"href":"https:\/\/skinstudio.ee\/lv\/wp-json\/wp\/v2\/product\/55454","targetHints":{"allow":["GET"]}}],"collection":[{"href":"https:\/\/skinstudio.ee\/lv\/wp-json\/wp\/v2\/product"}],"about":[{"href":"https:\/\/skinstudio.ee\/lv\/wp-json\/wp\/v2\/types\/product"}],"version-history":[{"count":0,"href":"https:\/\/skinstudio.ee\/lv\/wp-json\/wp\/v2\/product\/55454\/revisions"}],"wp:featuredmedia":[{"embeddable":true,"href":"https:\/\/skinstudio.ee\/lv\/wp-json\/wp\/v2\/media\/63299"}],"wp:attachment":[{"href":"https:\/\/skinstudio.ee\/lv\/wp-json\/wp\/v2\/media?parent=55454"}],"wp:term":[{"taxonomy":"pwb-brand","embeddable":true,"href":"https:\/\/skinstudio.ee\/lv\/wp-json\/wp\/v2\/pwb-brand?post=55454"},{"taxonomy":"product_brand","embeddable":true,"href":"https:\/\/skinstudio.ee\/lv\/wp-json\/wp\/v2\/product_brand?post=55454"},{"taxonomy":"product_cat","embeddable":true,"href":"https:\/\/skinstudio.ee\/lv\/wp-json\/wp\/v2\/product_cat?post=55454"},{"taxonomy":"product_tag","embeddable":true,"href":"https:\/\/skinstudio.ee\/lv\/wp-json\/wp\/v2\/product_tag?post=55454"},{"taxonomy":"giftcard-category","embeddable":true,"href":"https:\/\/skinstudio.ee\/lv\/wp-json\/wp\/v2\/giftcard-category?post=55454"}],"curies":[{"name":"wp","href":"https:\/\/api.w.org\/{rel}","templated":true}]}}