{"id":55471,"date":"2023-05-24T17:56:43","date_gmt":"2023-05-24T17:56:43","guid":{"rendered":"https:\/\/skinstudio.ee\/?post_type=product&#038;p=55471"},"modified":"2026-01-22T15:03:23","modified_gmt":"2026-01-22T15:03:23","slug":"smooth-and-soothe-clinical-facial","status":"publish","type":"product","link":"https:\/\/skinstudio.ee\/lv\/catalog\/is-clinical-lv\/smooth-and-soothe-clinical-facial\/","title":{"rendered":"Smooth and Soothe Clinical Facial"},"content":{"rendered":"<p data-start=\"354\" data-end=\"988\">Komplekts sast\u0101v no div\u0101m mask\u0101m dzi\u013cai \u0101das att\u012br\u012b\u0161anai un mitrin\u0101\u0161anai.<br data-start=\"427\" data-end=\"430\" \/>Komplekt\u0101 eso\u0161ie l\u012bdzek\u013ci noloba atmiru\u0161o epidermu un stimul\u0113 t\u0101 atjauno\u0161anos, dzi\u013ci att\u012bra, mitrina un atjauno \u0101du.<br data-start=\"546\" data-end=\"549\" \/>Regul\u0101ras lieto\u0161anas rezult\u0101t\u0101 izl\u012bdzin\u0101s \u0101das reljefs un tonis, atgrie\u017eas dabisks gludums un samtains maigums.<br data-start=\"660\" data-end=\"663\" \/>Noveco\u0161an\u0101s paz\u012bmes un pigment\u0101cija k\u013c\u016bst maz\u0101k paman\u0101mas, iekaisumi paz\u016bd \u0101tr\u0101k un par\u0101d\u0101s ret\u0101k.<br data-start=\"761\" data-end=\"764\" \/>Komplekts piem\u0113rots bl\u0101vai \u0101dai ar pirmaj\u0101m noveco\u0161an\u0101s paz\u012bm\u0113m, to var izmantot gan sievietes, gan v\u012brie\u0161i ar jebkuru \u0101das tipu. K\u0101 bonuss komplekt\u0101 iek\u013cautas ar\u012b divas serumu miniat\u016bras un mini izm\u0113ra mitrino\u0161\u0101 emulsija.<\/p>\n<p data-start=\"990\" data-end=\"1179\"><strong data-start=\"990\" data-end=\"1047\">Komplekt\u0101 ietilpst Smooth and Soothe Clinical Facial:<\/strong><br data-start=\"1047\" data-end=\"1050\" \/>Enz\u012bmu maska <em data-start=\"1063\" data-end=\"1094\">Tri-Active Exfoliating Masque<\/em> <strong data-start=\"1095\" data-end=\"1103\">120g<\/strong><br data-start=\"1103\" data-end=\"1106\" \/>Mitrino\u0161\u0101 atsvaidzino\u0161\u0101 maska <em data-start=\"1136\" data-end=\"1168\">Hydra-Intensive Cooling Masque<\/em> <strong data-start=\"1169\" data-end=\"1177\">50ml<\/strong><\/p>\n<p data-start=\"1181\" data-end=\"1572\"><em data-start=\"1181\" data-end=\"1212\">Tri-Active Exfoliating Masque<\/em> \u2013 efekt\u012bvi augu enz\u012bmi, salicilsk\u0101be un mikrocelozes granulas nodro\u0161ina ide\u0101lu fizisk\u0101s un bio\u0137\u012bmisk\u0101s eksfoli\u0101cijas kombin\u0101ciju, savuk\u0101rt Braz\u012blijas apels\u012bna ekstrakts sniedz papildu antioksidantu aizsardz\u012bbu un greznu arom\u0101tu. Maskai ir \u0101rstnieciska iedarb\u012bba \u2013 t\u0101 izl\u012bdzina, m\u012bkstina un att\u012bra \u0101du, pie\u0161\u0137ir vesel\u012bgu mirdzumu, izgaismo un uzlabo tekst\u016bru.<\/p>\n<p data-start=\"1574\" data-end=\"1839\"><em data-start=\"1574\" data-end=\"1606\">Hydra-Intensive Cooling Masque<\/em> \u2013 grezna, atv\u0113sino\u0161a kop\u0161ana, kas lieliski atsvaidzina, nomierina un mitrina \u0101du. Sp\u0113c\u012bg\u0101 profesion\u0101l\u0101 formula satur dabiskus augu antioksidantus un augu izcelsmes hialuronsk\u0101bi. P\u0113c lieto\u0161anas \u0101da k\u013c\u016bst svaiga un dzi\u013ci mitrin\u0101ta.<\/p>\n<p data-start=\"1841\" data-end=\"2255\">\n","protected":false},"excerpt":{"rendered":"<p data-start=\"2257\" data-end=\"2330\">Komplekts, kas sast\u0101v no div\u0101m mask\u0101m \u0101das att\u012br\u012b\u0161anai un mitrin\u0101\u0161anai.<\/p>\n<h2 data-start=\"2332\" data-end=\"2611\"><strong data-start=\"2332\" data-end=\"2392\">iS CLINICAL &#8211; Smooth and Soothe Clinical Facial \u012bpa\u0161\u012bbas<\/strong><\/h2>\n<p data-start=\"2332\" data-end=\"2611\">\u2714\ufe0f Profesion\u0101la proced\u016bra t\u016bl\u012bt\u0113jai \u0101das atjauno\u0161anai<br data-start=\"2448\" data-end=\"2451\" \/>\u2714\ufe0f Maigi noloba un izl\u012bdzina tekst\u016bru<br data-start=\"2488\" data-end=\"2491\" \/>\u2714\ufe0f Nomierina kairin\u0101jumu un mazina aps\u0101rtumu<br data-start=\"2535\" data-end=\"2538\" \/>\u2714\ufe0f Mitrina un pie\u0161\u0137ir vesel\u012bgu mirdzumu<br data-start=\"2577\" data-end=\"2580\" \/>\u2714\ufe0f Piem\u0113rots ar\u012b jut\u012bgai \u0101dai<\/p>\n","protected":false},"featured_media":63314,"template":"","meta":[],"pwb-brand":[1179],"product_brand":[],"product_cat":[741,745,755,725,737,749,743,739,719,747],"product_tag":[],"giftcard-category":[],"class_list":{"0":"post-55471","1":"product","2":"type-product","3":"status-publish","4":"has-post-thumbnail","6":"pwb-brand-is-clinical-lv","7":"product_cat-izsitumi","8":"product_cat-jutigai-adai","9":"product_cat-komplekts","10":"product_cat-maskas","11":"product_cat-mitrinasana","12":"product_cat-novecojosa-ada","13":"product_cat-paplasinatas-poras","14":"product_cat-sausai-adai","15":"product_cat-skrubji-un-pilingi","16":"product_cat-taukainai-adai","18":"first","19":"instock","20":"sale","21":"taxable","22":"shipping-taxable","23":"purchasable","24":"product-type-simple"},"acf":[],"brands":[{"id":1179,"name":"IS CLINICAL","slug":"is-clinical-lv"}],"_links":{"self":[{"href":"https:\/\/skinstudio.ee\/lv\/wp-json\/wp\/v2\/product\/55471","targetHints":{"allow":["GET"]}}],"collection":[{"href":"https:\/\/skinstudio.ee\/lv\/wp-json\/wp\/v2\/product"}],"about":[{"href":"https:\/\/skinstudio.ee\/lv\/wp-json\/wp\/v2\/types\/product"}],"version-history":[{"count":0,"href":"https:\/\/skinstudio.ee\/lv\/wp-json\/wp\/v2\/product\/55471\/revisions"}],"wp:featuredmedia":[{"embeddable":true,"href":"https:\/\/skinstudio.ee\/lv\/wp-json\/wp\/v2\/media\/63314"}],"wp:attachment":[{"href":"https:\/\/skinstudio.ee\/lv\/wp-json\/wp\/v2\/media?parent=55471"}],"wp:term":[{"taxonomy":"pwb-brand","embeddable":true,"href":"https:\/\/skinstudio.ee\/lv\/wp-json\/wp\/v2\/pwb-brand?post=55471"},{"taxonomy":"product_brand","embeddable":true,"href":"https:\/\/skinstudio.ee\/lv\/wp-json\/wp\/v2\/product_brand?post=55471"},{"taxonomy":"product_cat","embeddable":true,"href":"https:\/\/skinstudio.ee\/lv\/wp-json\/wp\/v2\/product_cat?post=55471"},{"taxonomy":"product_tag","embeddable":true,"href":"https:\/\/skinstudio.ee\/lv\/wp-json\/wp\/v2\/product_tag?post=55471"},{"taxonomy":"giftcard-category","embeddable":true,"href":"https:\/\/skinstudio.ee\/lv\/wp-json\/wp\/v2\/giftcard-category?post=55471"}],"curies":[{"name":"wp","href":"https:\/\/api.w.org\/{rel}","templated":true}]}}