{"id":55477,"date":"2023-05-24T17:56:43","date_gmt":"2023-05-24T17:56:43","guid":{"rendered":"https:\/\/skinstudio.ee\/?post_type=product&#038;p=55477"},"modified":"2026-03-19T10:55:03","modified_gmt":"2026-03-19T10:55:03","slug":"cream-cleanser","status":"publish","type":"product","link":"https:\/\/skinstudio.ee\/lv\/catalog\/is-clinical-lv\/cream-cleanser\/","title":{"rendered":"Cream Cleanser"},"content":{"rendered":"<p data-start=\"73\" data-end=\"291\"><strong data-start=\"80\" data-end=\"113\">Cream Cleanser no iS Clinical<\/strong> &#8211; ir maigs att\u012bro\u0161s kr\u0113ms, kas efekt\u012bvi no\u0146em net\u012brumus un kosm\u0113tiku, neizjaucot \u0101das dabisko l\u012bdzsvaru. Formula ir izstr\u0101d\u0101ta t\u0101, lai nekairin\u0101tu pat \u013coti jut\u012bgu un boj\u0101tu \u0101du.<\/p>\n<p data-start=\"293\" data-end=\"588\">Kr\u0113ms saudz\u012bgi att\u012bra \u0101du, vienlaikus pal\u012bdzot saglab\u0101t un stiprin\u0101t t\u0101s aizsargbarjeru. Tas atst\u0101j \u0101du gludu, m\u012bkstu un koptu, sagatavojot to turpm\u0101kai kop\u0161anai vai kosm\u0113tikas uzkl\u0101\u0161anai. Univers\u0101l\u0101 tekst\u016bra \u013cauj produktu izmantot gan ar \u016bdeni, gan bez t\u0101, kas padara to \u0113rti lietojamu ikdien\u0101.<\/p>\n<p data-start=\"590\" data-end=\"750\">Regul\u0101ri lietojot, \u0101da k\u013c\u016bst mier\u012bg\u0101ka, lab\u0101k mitrin\u0101ta un l\u012bdzsvarot\u0101ka, bez sausuma vai savilkuma saj\u016btas. Att\u012br\u012b\u0161ana k\u013c\u016bst komfortabla pat \u013coti jut\u012bgai \u0101dai.<\/p>\n<p data-start=\"752\" data-end=\"782\"><strong data-start=\"752\" data-end=\"782\">Darb\u012bba akt\u012bvo sast\u0101vda\u013cu:<\/strong><\/p>\n<ul data-start=\"784\" data-end=\"999\">\n<li data-section-id=\"114iego\" data-start=\"784\" data-end=\"871\">\n<p data-start=\"786\" data-end=\"871\"><strong data-start=\"786\" data-end=\"828\">Saflora s\u0113klu e\u013c\u013ca + kokosriekstu e\u013c\u013ca<\/strong>: baro \u0101du un atbalsta t\u0101s aizsargbarjeru<\/p>\n<\/li>\n<li data-section-id=\"1bo82be\" data-start=\"872\" data-end=\"935\">\n<p data-start=\"874\" data-end=\"935\"><strong data-start=\"874\" data-end=\"886\">Skval\u0101ns<\/strong>: pal\u012bdz stiprin\u0101t \u0101du un nov\u0113r\u0161 mitruma zudumu<\/p>\n<\/li>\n<li data-section-id=\"rm6txt\" data-start=\"936\" data-end=\"999\">\n<p data-start=\"938\" data-end=\"999\"><strong data-start=\"938\" data-end=\"951\">Glicer\u012bns<\/strong>: nodro\u0161ina mitrin\u0101\u0161anu un uztur \u0101das komfortu<\/p>\n<\/li>\n<\/ul>\n<p data-start=\"1001\" data-end=\"1110\"><strong data-start=\"1001\" data-end=\"1033\">Kam piem\u0113rots Cream Cleanser<\/strong>: sausai, norm\u0101lai un jut\u012bgai \u0101dai ar noslieci uz kairin\u0101jumu un diskomfortu.<\/p>\n<p data-start=\"1112\" data-end=\"1130\"><strong data-start=\"1112\" data-end=\"1130\">Tilpums: 120 g<\/strong><\/p>\n","protected":false},"excerpt":{"rendered":"<p data-start=\"1298\" data-end=\"1325\">Att\u012bro\u0161s kr\u0113ms jut\u012bgai \u0101dai<\/p>\n<h2 data-start=\"1327\" data-end=\"1368\"><strong data-start=\"1327\" data-end=\"1368\">\u012apa\u0161\u012bbas iS Clinical &#8211; Cream Cleanser<\/strong><\/h2>\n<p data-start=\"1370\" data-end=\"1562\">\u2714\ufe0f Saudz\u012bgi att\u012bra \u0101du bez kairin\u0101juma<br data-start=\"1408\" data-end=\"1411\" \/>\u2714\ufe0f Efekt\u012bvi no\u0146em kosm\u0113tiku un net\u012brumus<br data-start=\"1451\" data-end=\"1454\" \/>\u2714\ufe0f M\u012bkstina \u0101du un uzlabo komfortu<br data-start=\"1488\" data-end=\"1491\" \/>\u2714\ufe0f Atbalsta \u0101das aizsargbarjeru<br data-start=\"1522\" data-end=\"1525\" \/>\u2714\ufe0f Piem\u0113rots jut\u012bgai un sausai \u0101dai<\/p>\n","protected":false},"featured_media":55478,"template":"","meta":[],"pwb-brand":[1179],"product_brand":[],"product_cat":[715,745,739],"product_tag":[],"giftcard-category":[],"class_list":{"0":"post-55477","1":"product","2":"type-product","3":"status-publish","4":"has-post-thumbnail","6":"pwb-brand-is-clinical-lv","7":"product_cat-attirisana","8":"product_cat-jutigai-adai","9":"product_cat-sausai-adai","11":"first","12":"instock","13":"taxable","14":"shipping-taxable","15":"purchasable","16":"product-type-simple"},"acf":[],"brands":[{"id":1179,"name":"IS CLINICAL","slug":"is-clinical-lv"}],"_links":{"self":[{"href":"https:\/\/skinstudio.ee\/lv\/wp-json\/wp\/v2\/product\/55477","targetHints":{"allow":["GET"]}}],"collection":[{"href":"https:\/\/skinstudio.ee\/lv\/wp-json\/wp\/v2\/product"}],"about":[{"href":"https:\/\/skinstudio.ee\/lv\/wp-json\/wp\/v2\/types\/product"}],"version-history":[{"count":1,"href":"https:\/\/skinstudio.ee\/lv\/wp-json\/wp\/v2\/product\/55477\/revisions"}],"predecessor-version":[{"id":86858,"href":"https:\/\/skinstudio.ee\/lv\/wp-json\/wp\/v2\/product\/55477\/revisions\/86858"}],"wp:featuredmedia":[{"embeddable":true,"href":"https:\/\/skinstudio.ee\/lv\/wp-json\/wp\/v2\/media\/55478"}],"wp:attachment":[{"href":"https:\/\/skinstudio.ee\/lv\/wp-json\/wp\/v2\/media?parent=55477"}],"wp:term":[{"taxonomy":"pwb-brand","embeddable":true,"href":"https:\/\/skinstudio.ee\/lv\/wp-json\/wp\/v2\/pwb-brand?post=55477"},{"taxonomy":"product_brand","embeddable":true,"href":"https:\/\/skinstudio.ee\/lv\/wp-json\/wp\/v2\/product_brand?post=55477"},{"taxonomy":"product_cat","embeddable":true,"href":"https:\/\/skinstudio.ee\/lv\/wp-json\/wp\/v2\/product_cat?post=55477"},{"taxonomy":"product_tag","embeddable":true,"href":"https:\/\/skinstudio.ee\/lv\/wp-json\/wp\/v2\/product_tag?post=55477"},{"taxonomy":"giftcard-category","embeddable":true,"href":"https:\/\/skinstudio.ee\/lv\/wp-json\/wp\/v2\/giftcard-category?post=55477"}],"curies":[{"name":"wp","href":"https:\/\/api.w.org\/{rel}","templated":true}]}}