{"id":55483,"date":"2023-05-24T17:56:42","date_gmt":"2023-05-24T17:56:42","guid":{"rendered":"https:\/\/skinstudio.ee\/?post_type=product&#038;p=55483"},"modified":"2026-01-22T15:03:22","modified_gmt":"2026-01-22T15:03:22","slug":"pure-clarity-collection","status":"publish","type":"product","link":"https:\/\/skinstudio.ee\/lv\/catalog\/is-clinical-lv\/pure-clarity-collection\/","title":{"rendered":"Pure Clarity Collection"},"content":{"rendered":"<p data-start=\"331\" data-end=\"541\">Komplekt\u0101:<br data-start=\"341\" data-end=\"344\" \/>Att\u012bro\u0161ais gels <em data-start=\"360\" data-end=\"379\">Cleansing Complex<\/em> <strong data-start=\"380\" data-end=\"389\">180ml<\/strong><br data-start=\"389\" data-end=\"392\" \/>Daudzfunkcion\u0101lais serums <em data-start=\"418\" data-end=\"432\">Active Serum<\/em> <strong data-start=\"433\" data-end=\"441\">15ml<\/strong><br data-start=\"441\" data-end=\"444\" \/>Mitrino\u0161ais serums <em data-start=\"463\" data-end=\"481\">Hydra-Cool Serum<\/em> <strong data-start=\"482\" data-end=\"490\">15ml<\/strong><br data-start=\"490\" data-end=\"493\" \/>Saules aizsargkr\u0113ms <em data-start=\"513\" data-end=\"530\">Eclipse SPF 50+<\/em> <strong data-start=\"531\" data-end=\"539\">100g<\/strong><\/p>\n<p data-start=\"543\" data-end=\"847\"><em data-start=\"543\" data-end=\"562\">Cleansing Complex<\/em> \u2013 lielisks kop\u0161anas l\u012bdzeklis visiem \u0101das tipiem neatkar\u012bgi no vecuma. Regul\u0101ra lieto\u0161ana pal\u012bdz nov\u0113rst aknes ra\u0161anos. <em data-start=\"683\" data-end=\"702\">Cleansing Complex<\/em> ir ne tikai efekt\u012bvs ikdienas t\u012br\u012b\u0161anas l\u012bdzeklis, bet ar\u012b svar\u012bgs solis \u0101das sagatavo\u0161anai turpm\u0101kai kop\u0161anai ar <strong data-start=\"817\" data-end=\"833\">iS CLINICAL\u00ae<\/strong> produktiem.<\/p>\n<p data-start=\"849\" data-end=\"1174\"><em data-start=\"849\" data-end=\"863\">Active Serum<\/em> \u2013 popul\u0101r\u0101kais <strong data-start=\"879\" data-end=\"895\">iS CLINICAL\u00ae<\/strong> produkts. T\u0101 \u0101tras darb\u012bbas formula nodro\u0161ina ilgtermi\u0146a rezult\u0101tus, ko \u0101rsti sauc par \u201cizciliem\u201d un \u201cfenomen\u0101liem\u201d. <em data-start=\"1013\" data-end=\"1028\">Active Serum\u2122<\/em> redzami uzlabo \u0101das st\u0101vokli jau p\u0113c da\u017e\u0101m dien\u0101m \u2013 samazina grumbas, att\u012bra poras, izgaismo pigment\u0101cijas plankumus un izl\u012bdzina \u0101das reljefu.<\/p>\n<p data-start=\"1176\" data-end=\"1564\"><em data-start=\"1176\" data-end=\"1217\">Atsvaidzino\u0161ais serums Hydra-Cool Serum<\/em> satur efekt\u012bvus augu antioksidantus un bioakt\u012bv\u0101s vielas. Tas \u0101tri nomierina \u0101du p\u0113c saules apdegumiem un sk\u016b\u0161an\u0101s. Antibakteri\u0101lie un pretmikrobu ekstrakti mazina iekaisumu uz aknes skartas \u0101das. Serums mitrina, samazina grumbas, nov\u0113r\u0161 lob\u012b\u0161anos un niezi. Veicina \u0101das atjauno\u0161anos, piem\u0113rots gan sieviet\u0113m, gan v\u012brie\u0161iem, visiem \u0101das tipiem.<\/p>\n<p data-start=\"1566\" data-end=\"1833\"><em data-start=\"1566\" data-end=\"1583\">Eclipse SPF 50+<\/em> \u2013 saules aizsargkr\u0113ms ikdienas lieto\u0161anai un ilgsto\u0161ai uztur\u0113\u0161anai saul\u0113. Satur unik\u0101lu fizisko filtru un t\u012bra E vitam\u012bna kombin\u0101ciju. Formula, kas bag\u0101ta ar antioksidantiem, nodro\u0161ina augst\u0101ko aizsardz\u012bbu pret UVA\/UVB stariem un ir \u016bdensiztur\u012bga.<\/p>\n<p data-start=\"1835\" data-end=\"2347\">\n","protected":false},"excerpt":{"rendered":"<p data-start=\"2349\" data-end=\"2412\"><span style=\"color: #ff0000;\"><strong>*Pas\u016btot komplektu, pieg\u0101des laiks var b\u016bt 3\u20135 darba dienas.<\/strong><\/span><\/p>\n<p data-start=\"2414\" data-end=\"2685\">Kosm\u0113tikas komplekts Pure Clarity Collection satur \u010detrus nepiecie\u0161amos l\u012bdzek\u013cus problem\u0101tiskas \u0101das kop\u0161anai. Kompleksa lieto\u0161ana pal\u012bdz samazin\u0101t un nov\u0113rst akni, sa\u0161aurina poras, dzi\u013ci att\u012bra \u0101du un uzlabo t\u0101s toni, atjaunojot vesel\u012bgu mirdzumu un viendab\u012bgumu.<\/p>\n<h2 data-start=\"2687\" data-end=\"3019\"><strong data-start=\"2687\" data-end=\"2737\">iS CLINICAL &#8211; Pure Clarity Collection \u012bpa\u0161\u012bbas<\/strong><\/h2>\n<p data-start=\"2687\" data-end=\"3019\">\u2714\ufe0f Pilns kop\u0161anas komplekts problem\u0101tiskai un taukainai \u0101dai<br data-start=\"2800\" data-end=\"2803\" \/>\u2714\ufe0f Efekt\u012bvi att\u012bra poras un mazina iekaisumus<br data-start=\"2848\" data-end=\"2851\" \/>\u2714\ufe0f Samazina taukaino sp\u012bdumu un nov\u0113r\u0161 jaunu izsitumu ra\u0161anos<br data-start=\"2912\" data-end=\"2915\" \/>\u2714\ufe0f Izgaismo p\u0113caknes plankumus un izl\u012bdzina \u0101das toni<br data-start=\"2968\" data-end=\"2971\" \/>\u2714\ufe0f Piem\u0113rots ikdienas lieto\u0161anai vai k\u0101 d\u0101vana<\/p>\n","protected":false},"featured_media":55485,"template":"","meta":[],"pwb-brand":[1179],"product_brand":[],"product_cat":[715,764,741,755,743,723,731,747],"product_tag":[],"giftcard-category":[],"class_list":{"0":"post-55483","1":"product","2":"type-product","3":"status-publish","4":"has-post-thumbnail","6":"pwb-brand-is-clinical-lv","7":"product_cat-attirisana","8":"product_cat-davanu-ideja","9":"product_cat-izsitumi","10":"product_cat-komplekts","11":"product_cat-paplasinatas-poras","12":"product_cat-serumi","13":"product_cat-spf-aizsardziba","14":"product_cat-taukainai-adai","16":"first","17":"instock","18":"sale","19":"taxable","20":"shipping-taxable","21":"purchasable","22":"product-type-simple"},"acf":[],"brands":[{"id":1179,"name":"IS CLINICAL","slug":"is-clinical-lv"}],"_links":{"self":[{"href":"https:\/\/skinstudio.ee\/lv\/wp-json\/wp\/v2\/product\/55483","targetHints":{"allow":["GET"]}}],"collection":[{"href":"https:\/\/skinstudio.ee\/lv\/wp-json\/wp\/v2\/product"}],"about":[{"href":"https:\/\/skinstudio.ee\/lv\/wp-json\/wp\/v2\/types\/product"}],"version-history":[{"count":0,"href":"https:\/\/skinstudio.ee\/lv\/wp-json\/wp\/v2\/product\/55483\/revisions"}],"wp:featuredmedia":[{"embeddable":true,"href":"https:\/\/skinstudio.ee\/lv\/wp-json\/wp\/v2\/media\/55485"}],"wp:attachment":[{"href":"https:\/\/skinstudio.ee\/lv\/wp-json\/wp\/v2\/media?parent=55483"}],"wp:term":[{"taxonomy":"pwb-brand","embeddable":true,"href":"https:\/\/skinstudio.ee\/lv\/wp-json\/wp\/v2\/pwb-brand?post=55483"},{"taxonomy":"product_brand","embeddable":true,"href":"https:\/\/skinstudio.ee\/lv\/wp-json\/wp\/v2\/product_brand?post=55483"},{"taxonomy":"product_cat","embeddable":true,"href":"https:\/\/skinstudio.ee\/lv\/wp-json\/wp\/v2\/product_cat?post=55483"},{"taxonomy":"product_tag","embeddable":true,"href":"https:\/\/skinstudio.ee\/lv\/wp-json\/wp\/v2\/product_tag?post=55483"},{"taxonomy":"giftcard-category","embeddable":true,"href":"https:\/\/skinstudio.ee\/lv\/wp-json\/wp\/v2\/giftcard-category?post=55483"}],"curies":[{"name":"wp","href":"https:\/\/api.w.org\/{rel}","templated":true}]}}