{"id":55491,"date":"2023-05-24T17:56:42","date_gmt":"2023-05-24T17:56:42","guid":{"rendered":"https:\/\/skinstudio.ee\/?post_type=product&#038;p=55491"},"modified":"2026-01-22T15:03:22","modified_gmt":"2026-01-22T15:03:22","slug":"pure-radiance-collection","status":"publish","type":"product","link":"https:\/\/skinstudio.ee\/lv\/catalog\/is-clinical-lv\/pure-radiance-collection\/","title":{"rendered":"Pure Radiance Collection"},"content":{"rendered":"<p data-start=\"397\" data-end=\"581\">Samaziniet tum\u0161o plankumu, plankumu un bl\u0101vuma par\u0101d\u012b\u0161anos ar kolekciju <em data-start=\"469\" data-end=\"484\">Pure Radiance<\/em>.<br data-start=\"485\" data-end=\"488\" \/>Komplekt\u0101 eso\u0161ie produkti maigi noloba \u0101du, nodro\u0161inot vesel\u012bgas un mirdzo\u0161as \u0101das izskatu.<\/p>\n<p data-start=\"583\" data-end=\"831\"><strong data-start=\"583\" data-end=\"622\">Komplekt\u0101 Pure Radiance Collection:<\/strong><br data-start=\"622\" data-end=\"625\" \/>Att\u012bro\u0161ais gels <em data-start=\"641\" data-end=\"660\">Cleansing Complex<\/em> <strong data-start=\"661\" data-end=\"670\">180ml<\/strong><br data-start=\"670\" data-end=\"673\" \/>Balino\u0161ais serums <em data-start=\"691\" data-end=\"715\">White Lightening Serum<\/em> <strong data-start=\"716\" data-end=\"724\">15ml<\/strong><br data-start=\"724\" data-end=\"727\" \/>Balino\u0161ais kr\u0113ms <em data-start=\"744\" data-end=\"770\">White Lightening Complex<\/em> <strong data-start=\"771\" data-end=\"779\" data-is-only-node=\"\">30ml<\/strong><br data-start=\"779\" data-end=\"782\" \/>Saules aizsargkr\u0113ms <em data-start=\"802\" data-end=\"819\">Eclipse SPF 50+<\/em> <strong data-start=\"820\" data-end=\"829\">100ml<\/strong><\/p>\n<p data-start=\"833\" data-end=\"1124\"><em data-start=\"833\" data-end=\"852\">Cleansing Complex<\/em> \u2013 lielisks l\u012bdzeklis visu \u0101das tipu kop\u0161anai neatkar\u012bgi no vecuma. Regul\u0101ra lieto\u0161ana pal\u012bdz nov\u0113rst aknes veido\u0161anos. \u0160is gels ir ne tikai efekt\u012bvs ikdienas t\u012br\u012b\u0161anas l\u012bdzeklis, bet ar\u012b svar\u012bgs posms \u0101das sagatavo\u0161an\u0101 turpm\u0101kai kop\u0161anai ar <strong data-start=\"1094\" data-end=\"1110\">iS CLINICAL\u00ae<\/strong> produktiem.<\/p>\n<p data-start=\"1126\" data-end=\"1424\"><em data-start=\"1126\" data-end=\"1150\">White Lightening Serum<\/em> \u2013 izgaismojo\u0161s serums ar sp\u0113c\u012bg\u0101m augu sast\u0101vda\u013c\u0101m, kas maigi un \u0101tri samazina pigment\u0101ciju, vienlaikus nodro\u0161inot pretnoveco\u0161an\u0101s efektu. Veicina vieglu eksfoli\u0101ciju un ir piem\u0113rots gan visai sejai, gan lok\u0101lai lieto\u0161anai uz pigment\u0101cijas plankumiem. Viegli ies\u016bcas \u0101d\u0101.<\/p>\n<p data-start=\"1426\" data-end=\"1776\"><em data-start=\"1426\" data-end=\"1452\">White Lightening Complex<\/em> \u2013 izgaismojo\u0161s kr\u0113ms, kas efekt\u012bvi un saudz\u012bgi balina \u0101du un nodro\u0161ina intens\u012bvu mitrin\u0101\u0161anu. Satur inovat\u012bvas farmaceitiskas kvalit\u0101tes balino\u0161\u0101s sast\u0101vda\u013cas un aktiviz\u0113 piecus pigment\u0101cijas mazin\u0101\u0161anas meh\u0101nismus. Samazina melan\u012bna veido\u0161anos, inhib\u0113jot tiroz\u012bnazi, mazina iekaisumu un sniedz antioksidantu aizsardz\u012bbu.<\/p>\n<p data-start=\"1778\" data-end=\"2048\"><em data-start=\"1778\" data-end=\"1795\">Eclipse SPF 50+<\/em> \u2013 saules aizsargkr\u0113ms ikdienas lieto\u0161anai un ilgsto\u0161ai uztur\u0113\u0161anai saul\u0113. Satur unik\u0101lu uzlabotu fizisko filtru un t\u012bra E vitam\u012bna kombin\u0101ciju. Formula, kas bag\u0101ta ar antioksidantiem, nodro\u0161ina augst\u0101ko \u016bdensiztur\u012bgo aizsardz\u012bbu pret UVA\/UVB stariem.<\/p>\n<p data-start=\"2050\" data-end=\"2582\" data-is-last-node=\"\" data-is-only-node=\"\">\n","protected":false},"excerpt":{"rendered":"<p data-start=\"2750\" data-end=\"2813\"><span style=\"color: #ff0000;\"><strong>*Pas\u016btot komplektu, pieg\u0101des laiks var b\u016bt 3\u20135 darba dienas.<\/strong><\/span><\/p>\n<p data-start=\"2815\" data-end=\"3026\">Izgaismojo\u0161ais komplekts no iS CLINICAL\u00ae pal\u012bdz\u0113s atbr\u012bvoties no tum\u0161iem plankumiem, nevienm\u0113r\u012bgas pigment\u0101cijas un bl\u0101vas \u0101das. Produkti nov\u0113r\u0161 eso\u0161o pigment\u0101ciju un pal\u012bdz nov\u0113rst jaunu plankumu ra\u0161anos.<\/p>\n<h2 data-start=\"3028\" data-end=\"3358\"><strong data-start=\"3028\" data-end=\"3079\">iS CLINICAL &#8211; Pure Radiance Collection \u012bpa\u0161\u012bbas<\/strong><\/h2>\n<p data-start=\"3028\" data-end=\"3358\">\u2714\ufe0f Pilns kop\u0161anas komplekts \u0101das tonusa izl\u012bdzin\u0101\u0161anai un mirdzumam<br data-start=\"3149\" data-end=\"3152\" \/>\u2714\ufe0f Izgaismo pigment\u0101ciju un p\u0113caknes plankumus<br data-start=\"3198\" data-end=\"3201\" \/>\u2714\ufe0f Pie\u0161\u0137ir svaigumu un dabisku mirdzumu<br data-start=\"3240\" data-end=\"3243\" \/>\u2714\ufe0f Uzlabo tekst\u016bru un samazina grumbu redzam\u012bbu<br data-start=\"3290\" data-end=\"3293\" \/>\u2714\ufe0f Ide\u0101li piem\u0113rots kompleksam kop\u0161anas risin\u0101jumam vai d\u0101vanai<\/p>\n","protected":false},"featured_media":63304,"template":"","meta":[],"pwb-brand":[1179],"product_brand":[],"product_cat":[715,729,764,745,755,737,749,751,739,731,747],"product_tag":[],"giftcard-category":[],"class_list":{"0":"post-55491","1":"product","2":"type-product","3":"status-publish","4":"has-post-thumbnail","6":"pwb-brand-is-clinical-lv","7":"product_cat-attirisana","8":"product_cat-c-vitamins","9":"product_cat-davanu-ideja","10":"product_cat-jutigai-adai","11":"product_cat-komplekts","12":"product_cat-mitrinasana","13":"product_cat-novecojosa-ada","14":"product_cat-pigmentacija-lv","15":"product_cat-sausai-adai","16":"product_cat-spf-aizsardziba","17":"product_cat-taukainai-adai","19":"first","20":"instock","21":"sale","22":"taxable","23":"shipping-taxable","24":"purchasable","25":"product-type-simple"},"acf":[],"brands":[{"id":1179,"name":"IS CLINICAL","slug":"is-clinical-lv"}],"_links":{"self":[{"href":"https:\/\/skinstudio.ee\/lv\/wp-json\/wp\/v2\/product\/55491","targetHints":{"allow":["GET"]}}],"collection":[{"href":"https:\/\/skinstudio.ee\/lv\/wp-json\/wp\/v2\/product"}],"about":[{"href":"https:\/\/skinstudio.ee\/lv\/wp-json\/wp\/v2\/types\/product"}],"version-history":[{"count":0,"href":"https:\/\/skinstudio.ee\/lv\/wp-json\/wp\/v2\/product\/55491\/revisions"}],"wp:featuredmedia":[{"embeddable":true,"href":"https:\/\/skinstudio.ee\/lv\/wp-json\/wp\/v2\/media\/63304"}],"wp:attachment":[{"href":"https:\/\/skinstudio.ee\/lv\/wp-json\/wp\/v2\/media?parent=55491"}],"wp:term":[{"taxonomy":"pwb-brand","embeddable":true,"href":"https:\/\/skinstudio.ee\/lv\/wp-json\/wp\/v2\/pwb-brand?post=55491"},{"taxonomy":"product_brand","embeddable":true,"href":"https:\/\/skinstudio.ee\/lv\/wp-json\/wp\/v2\/product_brand?post=55491"},{"taxonomy":"product_cat","embeddable":true,"href":"https:\/\/skinstudio.ee\/lv\/wp-json\/wp\/v2\/product_cat?post=55491"},{"taxonomy":"product_tag","embeddable":true,"href":"https:\/\/skinstudio.ee\/lv\/wp-json\/wp\/v2\/product_tag?post=55491"},{"taxonomy":"giftcard-category","embeddable":true,"href":"https:\/\/skinstudio.ee\/lv\/wp-json\/wp\/v2\/giftcard-category?post=55491"}],"curies":[{"name":"wp","href":"https:\/\/api.w.org\/{rel}","templated":true}]}}