{"id":55509,"date":"2023-05-24T17:56:42","date_gmt":"2023-05-24T17:56:42","guid":{"rendered":"https:\/\/skinstudio.ee\/?post_type=product&#038;p=55509"},"modified":"2026-01-22T15:03:22","modified_gmt":"2026-01-22T15:03:22","slug":"pure-calm-collection","status":"publish","type":"product","link":"https:\/\/skinstudio.ee\/lv\/catalog\/is-clinical-lv\/pure-calm-collection\/","title":{"rendered":"Pure Calm Collection"},"content":{"rendered":"<p data-start=\"276\" data-end=\"505\">Komplekt\u0101:<br data-start=\"286\" data-end=\"289\" \/>Maigs att\u012bro\u0161ais l\u012bdzeklis <em data-start=\"316\" data-end=\"335\">Cleansing Complex<\/em> <strong data-start=\"336\" data-end=\"345\">180ml<\/strong><br data-start=\"345\" data-end=\"348\" \/>Atjaunojo\u0161ais serums <em data-start=\"369\" data-end=\"394\">Pro-Heal Serum Advance+<\/em> <strong data-start=\"395\" data-end=\"403\">15ml<\/strong><br data-start=\"403\" data-end=\"406\" \/>Nomierino\u0161ais serums <em data-start=\"427\" data-end=\"445\">Hydra-Cool Serum<\/em> <strong data-start=\"446\" data-end=\"454\">15ml<\/strong><br data-start=\"454\" data-end=\"457\" \/>Saules aizsargkr\u0113ms <em data-start=\"477\" data-end=\"494\">Eclipse SPF 50+<\/em> <strong data-start=\"495\" data-end=\"503\">100g<\/strong><\/p>\n<p data-start=\"507\" data-end=\"796\"><em data-start=\"507\" data-end=\"526\">Cleansing Complex<\/em> \u2013 lielisks l\u012bdzeklis visu \u0101das tipu kop\u0161anai neatkar\u012bgi no vecuma. Regul\u0101ra lieto\u0161ana pal\u012bdz nov\u0113rst aknes veido\u0161anos. Tas ir ne tikai efekt\u012bvs ikdienas att\u012br\u012b\u0161anas l\u012bdzeklis, bet ar\u012b svar\u012bgs solis \u0101das sagatavo\u0161anai turpm\u0101kai kop\u0161anai ar <strong data-start=\"766\" data-end=\"782\">iS CLINICAL\u00ae<\/strong> produktiem.<\/p>\n<p data-start=\"798\" data-end=\"1046\"><em data-start=\"798\" data-end=\"823\">Pro-Heal Serum Advance+<\/em> \u2013 serums ar L-askorb\u012bnsk\u0101bi (uzlabotu C vitam\u012bna formu), ol\u012bvu lapu ekstraktu un vitam\u012bniem E un A, nodro\u0161ina sp\u0113c\u012bgu antioksidantu aizsardz\u012bbu un dziedino\u0161u efektu. Efekt\u012bvs rosacejas, aknes un novecojo\u0161as \u0101das kop\u0161an\u0101.<\/p>\n<p data-start=\"1048\" data-end=\"1425\"><em data-start=\"1048\" data-end=\"1082\">Atsvaidzino\u0161ais Hydra-Cool Serum<\/em> satur efekt\u012bvus augu antioksidantus un bioakt\u012bv\u0101s vielas. Tas \u0101tri nomierina \u0101du p\u0113c saules apdegumiem vai sk\u016b\u0161an\u0101s. Antibakteri\u0101lie un pretmikrobu ekstrakti mazina iekaisumu uz aknes skartas \u0101das. Serums intens\u012bvi mitrina, samazina grumbas un niezi, pa\u0101trina \u0101das atjauno\u0161anos. Piem\u0113rots jebkuram \u0101das tipam \u2013 gan sieviet\u0113m, gan v\u012brie\u0161iem.<\/p>\n<p data-start=\"1427\" data-end=\"1697\"><em data-start=\"1427\" data-end=\"1444\">Eclipse SPF 50+<\/em> \u2013 saules aizsargkr\u0113ms ikdienas lieto\u0161anai un ilgsto\u0161ai uztur\u0113\u0161anai saul\u0113. Satur unik\u0101lu uzlabotu fizisko filtru un t\u012bra E vitam\u012bna kombin\u0101ciju. Formula, kas bag\u0101ta ar antioksidantiem, nodro\u0161ina augst\u0101ko \u016bdensiztur\u012bgo aizsardz\u012bbu pret UVA\/UVB stariem.<\/p>\n<p data-start=\"1699\" data-end=\"2239\">\n","protected":false},"excerpt":{"rendered":"<p data-start=\"2241\" data-end=\"2304\"><span style=\"color: #ff0000;\"><strong>*Pas\u016btot komplektu, pieg\u0101des laiks var b\u016bt 3\u20135 darba dienas.<\/strong><\/span><\/p>\n<p data-start=\"2306\" data-end=\"2517\">Pure Calm Collection \u2013 nomierino\u0161s komplekts jut\u012bgai \u0101dai ar kuperozi un rosaceju no iS CLINICAL\u00ae, kas pal\u012bdz mazin\u0101t iekaisumu un aps\u0101rtumu, mitrina un nomierina \u0101du, padarot to jaun\u0101ku un vesel\u012bg\u0101ku.<\/p>\n<h2 data-start=\"2519\" data-end=\"2814\"><strong data-start=\"2519\" data-end=\"2566\">iS CLINICAL &#8211; Pure Calm Collection \u012bpa\u0161\u012bbas<\/strong><\/h2>\n<p data-start=\"2519\" data-end=\"2814\">\u2714\ufe0f Nomierino\u0161s un atjaunojo\u0161s \u0101das kop\u0161anas komplekts<br data-start=\"2622\" data-end=\"2625\" \/>\u2714\ufe0f Mazina kairin\u0101jumu un aps\u0101rtumu<br data-start=\"2659\" data-end=\"2662\" \/>\u2714\ufe0f Stiprina \u0101das aizsargbarjeru un dzi\u013ci mitrina<br data-start=\"2710\" data-end=\"2713\" \/>\u2714\ufe0f Piem\u0113rots jut\u012bgai un reakt\u012bvai \u0101dai<br data-start=\"2751\" data-end=\"2754\" \/>\u2714\ufe0f Ide\u0101ls p\u0113c kosm\u0113tiskaj\u0101m proced\u016br\u0101m vai stresa ietekmes<\/p>\n","protected":false},"featured_media":55510,"template":"","meta":[],"pwb-brand":[1179],"product_brand":[],"product_cat":[727,715,729,764,741,745,755,737,749,739,723,731,747],"product_tag":[],"giftcard-category":[],"class_list":{"0":"post-55509","1":"product","2":"type-product","3":"status-publish","4":"has-post-thumbnail","6":"pwb-brand-is-clinical-lv","7":"product_cat-a-vitamins-retinols","8":"product_cat-attirisana","9":"product_cat-c-vitamins","10":"product_cat-davanu-ideja","11":"product_cat-izsitumi","12":"product_cat-jutigai-adai","13":"product_cat-komplekts","14":"product_cat-mitrinasana","15":"product_cat-novecojosa-ada","16":"product_cat-sausai-adai","17":"product_cat-serumi","18":"product_cat-spf-aizsardziba","19":"product_cat-taukainai-adai","21":"first","22":"instock","23":"sale","24":"taxable","25":"shipping-taxable","26":"purchasable","27":"product-type-simple"},"acf":[],"brands":[{"id":1179,"name":"IS CLINICAL","slug":"is-clinical-lv"}],"_links":{"self":[{"href":"https:\/\/skinstudio.ee\/lv\/wp-json\/wp\/v2\/product\/55509","targetHints":{"allow":["GET"]}}],"collection":[{"href":"https:\/\/skinstudio.ee\/lv\/wp-json\/wp\/v2\/product"}],"about":[{"href":"https:\/\/skinstudio.ee\/lv\/wp-json\/wp\/v2\/types\/product"}],"version-history":[{"count":0,"href":"https:\/\/skinstudio.ee\/lv\/wp-json\/wp\/v2\/product\/55509\/revisions"}],"wp:featuredmedia":[{"embeddable":true,"href":"https:\/\/skinstudio.ee\/lv\/wp-json\/wp\/v2\/media\/55510"}],"wp:attachment":[{"href":"https:\/\/skinstudio.ee\/lv\/wp-json\/wp\/v2\/media?parent=55509"}],"wp:term":[{"taxonomy":"pwb-brand","embeddable":true,"href":"https:\/\/skinstudio.ee\/lv\/wp-json\/wp\/v2\/pwb-brand?post=55509"},{"taxonomy":"product_brand","embeddable":true,"href":"https:\/\/skinstudio.ee\/lv\/wp-json\/wp\/v2\/product_brand?post=55509"},{"taxonomy":"product_cat","embeddable":true,"href":"https:\/\/skinstudio.ee\/lv\/wp-json\/wp\/v2\/product_cat?post=55509"},{"taxonomy":"product_tag","embeddable":true,"href":"https:\/\/skinstudio.ee\/lv\/wp-json\/wp\/v2\/product_tag?post=55509"},{"taxonomy":"giftcard-category","embeddable":true,"href":"https:\/\/skinstudio.ee\/lv\/wp-json\/wp\/v2\/giftcard-category?post=55509"}],"curies":[{"name":"wp","href":"https:\/\/api.w.org\/{rel}","templated":true}]}}