{"id":55521,"date":"2023-05-24T17:56:36","date_gmt":"2023-05-24T17:56:36","guid":{"rendered":"https:\/\/skinstudio.ee\/?post_type=product&#038;p=55521"},"modified":"2026-03-19T11:12:06","modified_gmt":"2026-03-19T11:12:06","slug":"perfectint-powder-spf-40","status":"publish","type":"product","link":"https:\/\/skinstudio.ee\/lv\/catalog\/is-clinical-lv\/perfectint-powder-spf-40\/","title":{"rendered":"PerfecTint Powder SPF 40"},"content":{"rendered":"<p data-start=\"83\" data-end=\"367\"><strong data-start=\"83\" data-end=\"126\">PerfecTint Powder SPF 40 no iS Clinical<\/strong> &#8211; ir daudzfunkcion\u0101ls ton\u0113ts saules aizsargp\u016bderis, kas apvieno aizsardz\u012bbu pret sauli, \u0101das kop\u0161anu un vieglu to\u0146a izl\u012bdzino\u0161u efektu. Produkts lieliski nosl\u0113dz ikdienas \u0101das kop\u0161anu un grimu, nodro\u0161inot papildu aizsardz\u012bbu dienas laik\u0101.<\/p>\n<p data-start=\"369\" data-end=\"643\">P\u016bderis pal\u012bdz aizsarg\u0101t \u0101du no ultraviolet\u0101 starojuma un apk\u0101rt\u0113j\u0101s vides faktoriem, vienlaikus pie\u0161\u0137irot \u0101dai vienm\u0113r\u012bg\u0101ku un kopt\u0101ku izskatu. Tas viegli izkl\u0101jas, nepadara \u0101du smagu un ir piem\u0113rots atk\u0101rtotai uzkl\u0101\u0161anai dienas laik\u0101, \u012bpa\u0161i akt\u012bva dz\u012bvesveida apst\u0101k\u013cos.<\/p>\n<p data-start=\"645\" data-end=\"855\">Formula satur antioksidantus un mitrino\u0161as sast\u0101vda\u013cas, kas uztur \u0101das komfortu un pal\u012bdz nov\u0113rst fotonoveco\u0161an\u0101s paz\u012bmes. Univers\u0101lais form\u0101ts ar oti\u0146u padara produktu \u0113rtu lieto\u0161anai jebkur\u0101 laik\u0101 un viet\u0101.<\/p>\n<p data-start=\"857\" data-end=\"891\"><strong data-start=\"857\" data-end=\"889\">Akt\u012bvo sast\u0101vda\u013cu iedarb\u012bba:<\/strong><\/p>\n<ul data-start=\"892\" data-end=\"1134\">\n<li data-section-id=\"i9t09m\" data-start=\"892\" data-end=\"967\">\n<p data-start=\"894\" data-end=\"967\"><strong data-start=\"894\" data-end=\"908\">Zinc Oxide<\/strong>: nodro\u0161ina fizisku aizsardz\u012bbu pret UVA un UVB starojumu<\/p>\n<\/li>\n<li data-section-id=\"1b8w4lo\" data-start=\"968\" data-end=\"1060\">\n<p data-start=\"970\" data-end=\"1060\"><strong data-start=\"970\" data-end=\"1015\">Extremozyme Technology + Clubmoss Extract<\/strong>: aizsarg\u0101 \u0101du no apk\u0101rt\u0113j\u0101s vides ietekmes<\/p>\n<\/li>\n<li data-section-id=\"16adclh\" data-start=\"1061\" data-end=\"1134\">\n<p data-start=\"1063\" data-end=\"1134\"><strong data-start=\"1063\" data-end=\"1097\">Imperata Cylindrica + Glycerin<\/strong>: mitrina \u0101du un uztur t\u0101s komfortu<\/p>\n<\/li>\n<\/ul>\n<p data-start=\"1136\" data-end=\"1285\"><strong data-start=\"1136\" data-end=\"1178\">Kam piem\u0113rots PerfecTint Powder SPF 40<\/strong>: visiem \u0101das tipiem, tostarp jut\u012bgai \u0101dai, ikdienas aizsardz\u012bbai un grima atsvaidzin\u0101\u0161anai dienas laik\u0101.<\/p>\n<p data-start=\"1287\" data-end=\"1307\"><strong data-start=\"1287\" data-end=\"1305\">Tilpums: 100 g<\/strong><\/p>\n","protected":false},"excerpt":{"rendered":"<p data-start=\"1516\" data-end=\"1546\">Ton\u0113ts saules aizsargp\u016bderis<\/p>\n<h2 data-start=\"1548\" data-end=\"1599\"><strong data-start=\"1548\" data-end=\"1599\">\u012apa\u0161\u012bbas iS Clinical &#8211; PerfecTint Powder SPF 40<\/strong><\/h2>\n<p data-start=\"1601\" data-end=\"1819\">\u2714\ufe0f Nodro\u0161ina UVA\/UVB aizsardz\u012bbu ar SPF 40<br data-start=\"1643\" data-end=\"1646\" \/>\u2714\ufe0f Izl\u012bdzina \u0101das toni un atsvaidzina grimu<br data-start=\"1689\" data-end=\"1692\" \/>\u2714\ufe0f Viegl\u0101 tekst\u016bra nepadara \u0101du smagu<br data-start=\"1729\" data-end=\"1732\" \/>\u2714\ufe0f Piem\u0113rots atk\u0101rtotai uzkl\u0101\u0161anai dienas laik\u0101<br data-start=\"1779\" data-end=\"1782\" \/>\u2714\ufe0f \u0112rts form\u0101ts ar oti\u0146u lieto\u0161anai<\/p>\n","protected":false},"featured_media":86519,"template":"","meta":[],"pwb-brand":[1179],"product_brand":[],"product_cat":[770,731],"product_tag":[],"giftcard-category":[],"class_list":{"0":"post-55521","1":"product","2":"type-product","3":"status-publish","4":"has-post-thumbnail","6":"pwb-brand-is-clinical-lv","7":"product_cat-grims","8":"product_cat-spf-aizsardziba","9":"pa_suurus-beige-lv","10":"pa_suurus-bronze-lv","11":"pa_suurus-cream-lv","12":"pa_suurus-deep-lv","13":"pa_suurus-ivory-lv","15":"first","16":"instock","17":"taxable","18":"shipping-taxable","19":"purchasable","20":"product-type-variable"},"acf":[],"brands":[{"id":1179,"name":"IS CLINICAL","slug":"is-clinical-lv"}],"_links":{"self":[{"href":"https:\/\/skinstudio.ee\/lv\/wp-json\/wp\/v2\/product\/55521","targetHints":{"allow":["GET"]}}],"collection":[{"href":"https:\/\/skinstudio.ee\/lv\/wp-json\/wp\/v2\/product"}],"about":[{"href":"https:\/\/skinstudio.ee\/lv\/wp-json\/wp\/v2\/types\/product"}],"version-history":[{"count":1,"href":"https:\/\/skinstudio.ee\/lv\/wp-json\/wp\/v2\/product\/55521\/revisions"}],"predecessor-version":[{"id":86877,"href":"https:\/\/skinstudio.ee\/lv\/wp-json\/wp\/v2\/product\/55521\/revisions\/86877"}],"wp:featuredmedia":[{"embeddable":true,"href":"https:\/\/skinstudio.ee\/lv\/wp-json\/wp\/v2\/media\/86519"}],"wp:attachment":[{"href":"https:\/\/skinstudio.ee\/lv\/wp-json\/wp\/v2\/media?parent=55521"}],"wp:term":[{"taxonomy":"pwb-brand","embeddable":true,"href":"https:\/\/skinstudio.ee\/lv\/wp-json\/wp\/v2\/pwb-brand?post=55521"},{"taxonomy":"product_brand","embeddable":true,"href":"https:\/\/skinstudio.ee\/lv\/wp-json\/wp\/v2\/product_brand?post=55521"},{"taxonomy":"product_cat","embeddable":true,"href":"https:\/\/skinstudio.ee\/lv\/wp-json\/wp\/v2\/product_cat?post=55521"},{"taxonomy":"product_tag","embeddable":true,"href":"https:\/\/skinstudio.ee\/lv\/wp-json\/wp\/v2\/product_tag?post=55521"},{"taxonomy":"giftcard-category","embeddable":true,"href":"https:\/\/skinstudio.ee\/lv\/wp-json\/wp\/v2\/giftcard-category?post=55521"}],"curies":[{"name":"wp","href":"https:\/\/api.w.org\/{rel}","templated":true}]}}