{"id":55533,"date":"2023-05-24T17:56:35","date_gmt":"2023-05-24T17:56:35","guid":{"rendered":"https:\/\/skinstudio.ee\/?post_type=product&#038;p=55533"},"modified":"2026-01-22T15:03:22","modified_gmt":"2026-01-22T15:03:22","slug":"pure-brilliance-trial-kit","status":"publish","type":"product","link":"https:\/\/skinstudio.ee\/lv\/catalog\/is-clinical-lv\/pure-brilliance-trial-kit\/","title":{"rendered":"Pure Brilliance Trial Kit"},"content":{"rendered":"<p data-start=\"286\" data-end=\"475\">Komplekt\u0101 ietilpst:<br data-start=\"312\" data-end=\"315\" \/>Att\u012bro\u0161s gels <strong data-start=\"329\" data-end=\"350\">Cleansing Complex<\/strong>, 2&#215;2 ml<br data-start=\"358\" data-end=\"361\" \/>C vitam\u012bna serums acu zonai <strong data-start=\"389\" data-end=\"413\">C Eye Serum Advance+<\/strong>, 3.75 ml<br data-start=\"422\" data-end=\"425\" \/>Atjaunojo\u0161s acu kr\u0113ms <strong data-start=\"447\" data-end=\"468\">Youth Eye Complex<\/strong>, 1 g<\/p>\n<p data-start=\"477\" data-end=\"789\"><strong data-start=\"477\" data-end=\"498\">Cleansing Complex<\/strong> \u2013 lielisks kop\u0161anas l\u012bdzeklis visiem \u0101das tipiem neatkar\u012bgi no vecuma.<br data-start=\"569\" data-end=\"572\" \/>T\u0101 regul\u0101ra lieto\u0161ana nov\u0113r\u0161 pinnes par\u0101d\u012b\u0161anos. <strong data-start=\"621\" data-end=\"642\">Cleansing Complex<\/strong> ir ne tikai efekt\u012bvs l\u012bdzeklis ikdienas att\u012br\u012b\u0161anai, bet ar\u012b b\u016btisks solis \u0101das sagatavo\u0161anai turpm\u0101kai kop\u0161anai ar <strong data-start=\"759\" data-end=\"775\">iS CLINICAL\u00ae<\/strong> produktiem.<\/p>\n<p data-start=\"791\" data-end=\"1051\"><strong data-start=\"791\" data-end=\"815\">C Eye Serum Advance+<\/strong> augsti efekt\u012bv\u0101 un maig\u0101 formula ir paredz\u0113ta piet\u016bkuma un grumbi\u0146u samazin\u0101\u0161anai ap ac\u012bm. T\u0101 pal\u012bdz mazin\u0101t tum\u0161os lokus zem ac\u012bm, uzlabo \u0101das toni un tekst\u016bru un darbojas k\u0101 sp\u0113c\u012bgs aizsardz\u012bbas l\u012bdzeklis pret br\u012bvajiem radik\u0101\u013ciem.<\/p>\n<p data-start=\"1053\" data-end=\"1414\"><strong data-start=\"1053\" data-end=\"1074\">Youth Eye Complex<\/strong> \u2013 daudzfunkcion\u0101ls kr\u0113ms, kas paredz\u0113ts c\u012b\u0146ai ar noveco\u0161an\u0101s paz\u012bm\u0113m \u0161\u016bnu l\u012bmen\u012b.<br data-start=\"1156\" data-end=\"1159\" \/>Kr\u0113ma formula satur \u201cgudros prote\u012bnus\u201d, kas atjauno boj\u0101t\u0101s strukt\u016bras \u0101das \u0161\u016bn\u0101s un stimul\u0113 kolag\u0113na un elast\u012bna ra\u017eo\u0161anu. Sp\u0113c\u012bgie pept\u012bdi, aug\u0161anas faktori un antioksidanti padara \u0101du zem ac\u012bm stingr\u0101ku, samazina grumbi\u0146as, piet\u016bkumu un tum\u0161os lokus.<\/p>\n","protected":false},"excerpt":{"rendered":"<p data-start=\"2312\" data-end=\"2375\"><span style=\"color: #ff0000;\"><strong>*Pas\u016btot komplektu, pieg\u0101des laiks var b\u016bt 3\u20135 darba dienas.<\/strong><\/span><\/p>\n<p data-start=\"2377\" data-end=\"2506\">Pure Brilliance Trial Kit \u2013 izm\u0113\u0123in\u0101juma komplekts satur vair\u0101kus produktus, tostarp kr\u0113mu un serumu maigajai \u0101dai ap ac\u012bm.<\/p>\n<h2 data-start=\"2508\" data-end=\"2820\"><strong data-start=\"2508\" data-end=\"2560\">IS CLINICAL &#8211; Pure Brilliance Trial Kit \u012bpa\u0161\u012bbas<\/strong><\/h2>\n<p data-start=\"2508\" data-end=\"2820\">\u2714\ufe0f Mini komplekts \u0101das mirdzumam un toni izl\u012bdzin\u0101\u0161anai<br data-start=\"2618\" data-end=\"2621\" \/>\u2714\ufe0f Samazina pigment\u0101ciju un p\u0113caknes p\u0113das<br data-start=\"2663\" data-end=\"2666\" \/>\u2714\ufe0f Pie\u0161\u0137ir \u0101dai svaigumu un vesel\u012bgu mirdzumu<br data-start=\"2711\" data-end=\"2714\" \/>\u2714\ufe0f Piem\u0113rots test\u0113\u0161anai pirms pilna izm\u0113ra produktu ieg\u0101des<br data-start=\"2773\" data-end=\"2776\" \/>\u2714\ufe0f \u0112rts ce\u013cojumu form\u0101ts ikdienas kop\u0161anai<\/p>\n","protected":false},"featured_media":63324,"template":"","meta":[],"pwb-brand":[1179],"product_brand":[],"product_cat":[733,755,753],"product_tag":[],"giftcard-category":[],"class_list":{"0":"post-55533","1":"product","2":"type-product","3":"status-publish","4":"has-post-thumbnail","6":"pwb-brand-is-clinical-lv","7":"product_cat-ada-ap-acim","8":"product_cat-komplekts","9":"product_cat-travel-size-lv","11":"first","12":"instock","13":"taxable","14":"shipping-taxable","15":"purchasable","16":"product-type-simple"},"acf":[],"brands":[{"id":1179,"name":"IS CLINICAL","slug":"is-clinical-lv"}],"_links":{"self":[{"href":"https:\/\/skinstudio.ee\/lv\/wp-json\/wp\/v2\/product\/55533","targetHints":{"allow":["GET"]}}],"collection":[{"href":"https:\/\/skinstudio.ee\/lv\/wp-json\/wp\/v2\/product"}],"about":[{"href":"https:\/\/skinstudio.ee\/lv\/wp-json\/wp\/v2\/types\/product"}],"version-history":[{"count":0,"href":"https:\/\/skinstudio.ee\/lv\/wp-json\/wp\/v2\/product\/55533\/revisions"}],"wp:featuredmedia":[{"embeddable":true,"href":"https:\/\/skinstudio.ee\/lv\/wp-json\/wp\/v2\/media\/63324"}],"wp:attachment":[{"href":"https:\/\/skinstudio.ee\/lv\/wp-json\/wp\/v2\/media?parent=55533"}],"wp:term":[{"taxonomy":"pwb-brand","embeddable":true,"href":"https:\/\/skinstudio.ee\/lv\/wp-json\/wp\/v2\/pwb-brand?post=55533"},{"taxonomy":"product_brand","embeddable":true,"href":"https:\/\/skinstudio.ee\/lv\/wp-json\/wp\/v2\/product_brand?post=55533"},{"taxonomy":"product_cat","embeddable":true,"href":"https:\/\/skinstudio.ee\/lv\/wp-json\/wp\/v2\/product_cat?post=55533"},{"taxonomy":"product_tag","embeddable":true,"href":"https:\/\/skinstudio.ee\/lv\/wp-json\/wp\/v2\/product_tag?post=55533"},{"taxonomy":"giftcard-category","embeddable":true,"href":"https:\/\/skinstudio.ee\/lv\/wp-json\/wp\/v2\/giftcard-category?post=55533"}],"curies":[{"name":"wp","href":"https:\/\/api.w.org\/{rel}","templated":true}]}}