{"id":55542,"date":"2023-05-24T17:56:35","date_gmt":"2023-05-24T17:56:35","guid":{"rendered":"https:\/\/skinstudio.ee\/?post_type=product&#038;p=55542"},"modified":"2026-01-22T15:03:23","modified_gmt":"2026-01-22T15:03:23","slug":"pure-renewal-collection","status":"publish","type":"product","link":"https:\/\/skinstudio.ee\/lv\/catalog\/is-clinical-lv\/pure-renewal-collection\/","title":{"rendered":"Pure Renewal Collection"},"content":{"rendered":"<p data-start=\"315\" data-end=\"845\">Br\u012bni\u0161\u0137\u012bgais komplekts <strong data-start=\"345\" data-end=\"372\">Pure Renewal Collection<\/strong> satur produktus ide\u0101lai m\u0101jas kop\u0161anai.<br data-start=\"412\" data-end=\"415\" \/>Efekt\u012bvais daudzfunkcion\u0101lais serums un atjaunojo\u0161ais sejas kr\u0113ms pal\u012bdz redzami samazin\u0101t gan virspus\u0113jo, gan dzi\u013co krunci\u0146u dzi\u013cumu, sa\u0161aurina poras un izl\u012bdzina \u0101das reljefu.<br data-start=\"592\" data-end=\"595\" \/>Atjaunojo\u0161ais balzams lieliski mitrina \u0101du un uzlabo t\u0101s elast\u012bbu, savuk\u0101rt saules aizsargkr\u0113ms ar antioksidantiem un SPF filtriem uzticami aizsarg\u0101 \u0101du.<br data-start=\"748\" data-end=\"751\" \/>T\u016bl\u012bt\u0113ja \u0101rstnieciska terapija j\u016bsu \u0101dai \u2013 att\u012br\u012b\u0161ana, mitrin\u0101\u0161ana, aizsardz\u012bba un mirdzums.<\/p>\n<p data-start=\"847\" data-end=\"1045\">Komplekt\u0101 ietilpst:<br data-start=\"866\" data-end=\"869\" \/>Att\u012bro\u0161s gels <strong data-start=\"883\" data-end=\"904\">Cleansing Complex<\/strong>, 180 ml<br data-start=\"912\" data-end=\"915\" \/>Atjaunojo\u0161s sejas kr\u0113ms <strong data-start=\"939\" data-end=\"956\">Youth Complex<\/strong>, 30 g<br data-start=\"962\" data-end=\"965\" \/>Serums <strong data-start=\"972\" data-end=\"988\">Active Serum<\/strong>, 15 ml<br data-start=\"995\" data-end=\"998\" \/>Saules aizsargkr\u0113ms <strong data-start=\"1018\" data-end=\"1036\">Eclipse SPF 50<\/strong>, 100 g<\/p>\n<p data-start=\"1047\" data-end=\"1357\"><strong data-start=\"1047\" data-end=\"1068\">Cleansing Complex<\/strong> \u2013 lielisks kop\u0161anas l\u012bdzeklis visiem \u0101das tipiem neatkar\u012bgi no vecuma. T\u0101 regul\u0101ra lieto\u0161ana nov\u0113r\u0161 pinnes par\u0101d\u012b\u0161anos. <strong data-start=\"1189\" data-end=\"1210\">Cleansing Complex<\/strong> ir ne tikai efekt\u012bvs l\u012bdzeklis ikdienas att\u012br\u012b\u0161anai, bet ar\u012b b\u016btisks solis \u0101das sagatavo\u0161anai turpm\u0101kai kop\u0161anai ar <strong data-start=\"1327\" data-end=\"1343\">iS CLINICAL\u00ae<\/strong> produktiem.<\/p>\n<p data-start=\"1359\" data-end=\"1625\">Pateicoties unik\u0101lajai patent\u0113tajai <strong data-start=\"1395\" data-end=\"1412\">Youth Complex<\/strong> formulai, kr\u0113ms efekt\u012bvi izl\u012bdzina grumbi\u0146as un nekav\u0113joties uzlabo \u0101das reljefu. Ilgsto\u0161i lietojot, tas nodro\u0161ina kontrol\u0113tu eksfoli\u0101ciju un stimul\u0113 galveno \u0161\u016bnu komponentu \u2013 elast\u012bna un kolag\u0113na \u2013 veido\u0161anos.<\/p>\n<p data-start=\"1627\" data-end=\"1971\"><strong data-start=\"1627\" data-end=\"1643\">Active Serum<\/strong> \u2013 popul\u0101r\u0101kais <strong data-start=\"1659\" data-end=\"1675\">iS CLINICAL\u00ae<\/strong> produkts. T\u0101 \u0101tras darb\u012bbas formula paredz\u0113ta ilgtermi\u0146a rezult\u0101tiem, kurus \u0101rsti d\u0113v\u0113 par \u201cizciliem\u201d un \u201cfenomen\u0101liem\u201d. <strong data-start=\"1797\" data-end=\"1814\">Active Serum\u2122<\/strong> sniedz redzamus uzlabojumus jau p\u0113c da\u017e\u0101m lieto\u0161anas dien\u0101m: samazin\u0101s grumbi\u0146as, att\u012br\u0101s poras, izgaismojas pigmenta plankumi un izl\u012bdzin\u0101s \u0101das reljefs.<\/p>\n<p data-start=\"1973\" data-end=\"2240\"><strong data-start=\"1973\" data-end=\"1992\">Eclipse SPF 50+<\/strong> \u2013 saules aizsargkr\u0113ms ikdienas lieto\u0161anai un ilgsto\u0161ai uztur\u0113\u0161anai saul\u0113. Tas satur unik\u0101lu uzlabotu fizisko filtru un t\u012bra E vitam\u012bna kombin\u0101ciju. Antioksidantiem bag\u0101t\u0101 formula nodro\u0161ina augst\u0101ko \u016bdensiztur\u012bgo aizsardz\u012bbu pret UVA\/UVB stariem.<\/p>\n","protected":false},"excerpt":{"rendered":"<p data-start=\"2819\" data-end=\"2882\"><span style=\"color: #ff0000;\"><strong>*Pas\u016btot komplektu, pieg\u0101des laiks var b\u016bt 3\u20135 darba dienas.<\/strong><\/span><\/p>\n<p data-start=\"2884\" data-end=\"2967\">Atjaunojo\u0161ais komplekts sast\u0101v no \u010detriem pamatl\u012bdzek\u013ciem ikdienas \u0101das kop\u0161anai<\/p>\n<h2 data-start=\"2969\" data-end=\"3270\"><strong data-start=\"2969\" data-end=\"3019\">IS CLINICAL &#8211; Pure Renewal Collection \u012bpa\u0161\u012bbas<\/strong><\/h2>\n<p data-start=\"2969\" data-end=\"3270\">\u2714\ufe0f Pilns komplekts \u0101das atjauno\u0161anai un atvese\u013co\u0161anai<br data-start=\"3075\" data-end=\"3078\" \/>\u2714\ufe0f Uzlabo \u0101das tekst\u016bru un pie\u0161\u0137ir mirdzumu<br data-start=\"3121\" data-end=\"3124\" \/>\u2714\ufe0f Samazina pirm\u0101s noveco\u0161an\u0101s paz\u012bmes un pigment\u0101ciju<br data-start=\"3178\" data-end=\"3181\" \/>\u2714\ufe0f Dzi\u013ci mitrina un stiprina \u0101du<br data-start=\"3213\" data-end=\"3216\" \/>\u2714\ufe0f Ide\u0101li piem\u0113rots pilnv\u0113rt\u012bgai kop\u0161anai un d\u0101vanai<\/p>\n","protected":false},"featured_media":55545,"template":"","meta":[],"pwb-brand":[1179],"product_brand":[],"product_cat":[715,764,755,737,749],"product_tag":[],"giftcard-category":[],"class_list":{"0":"post-55542","1":"product","2":"type-product","3":"status-publish","4":"has-post-thumbnail","6":"pwb-brand-is-clinical-lv","7":"product_cat-attirisana","8":"product_cat-davanu-ideja","9":"product_cat-komplekts","10":"product_cat-mitrinasana","11":"product_cat-novecojosa-ada","13":"first","14":"instock","15":"sale","16":"taxable","17":"shipping-taxable","18":"purchasable","19":"product-type-simple"},"acf":[],"brands":[{"id":1179,"name":"IS CLINICAL","slug":"is-clinical-lv"}],"_links":{"self":[{"href":"https:\/\/skinstudio.ee\/lv\/wp-json\/wp\/v2\/product\/55542","targetHints":{"allow":["GET"]}}],"collection":[{"href":"https:\/\/skinstudio.ee\/lv\/wp-json\/wp\/v2\/product"}],"about":[{"href":"https:\/\/skinstudio.ee\/lv\/wp-json\/wp\/v2\/types\/product"}],"version-history":[{"count":0,"href":"https:\/\/skinstudio.ee\/lv\/wp-json\/wp\/v2\/product\/55542\/revisions"}],"wp:featuredmedia":[{"embeddable":true,"href":"https:\/\/skinstudio.ee\/lv\/wp-json\/wp\/v2\/media\/55545"}],"wp:attachment":[{"href":"https:\/\/skinstudio.ee\/lv\/wp-json\/wp\/v2\/media?parent=55542"}],"wp:term":[{"taxonomy":"pwb-brand","embeddable":true,"href":"https:\/\/skinstudio.ee\/lv\/wp-json\/wp\/v2\/pwb-brand?post=55542"},{"taxonomy":"product_brand","embeddable":true,"href":"https:\/\/skinstudio.ee\/lv\/wp-json\/wp\/v2\/product_brand?post=55542"},{"taxonomy":"product_cat","embeddable":true,"href":"https:\/\/skinstudio.ee\/lv\/wp-json\/wp\/v2\/product_cat?post=55542"},{"taxonomy":"product_tag","embeddable":true,"href":"https:\/\/skinstudio.ee\/lv\/wp-json\/wp\/v2\/product_tag?post=55542"},{"taxonomy":"giftcard-category","embeddable":true,"href":"https:\/\/skinstudio.ee\/lv\/wp-json\/wp\/v2\/giftcard-category?post=55542"}],"curies":[{"name":"wp","href":"https:\/\/api.w.org\/{rel}","templated":true}]}}