{"id":55554,"date":"2023-05-24T17:56:35","date_gmt":"2023-05-24T17:56:35","guid":{"rendered":"https:\/\/skinstudio.ee\/?post_type=product&#038;p=55554"},"modified":"2026-03-19T11:26:43","modified_gmt":"2026-03-19T11:26:43","slug":"youth-intensive-creme","status":"publish","type":"product","link":"https:\/\/skinstudio.ee\/lv\/catalog\/is-clinical-lv\/youth-intensive-creme\/","title":{"rendered":"Youth Intensive Creme"},"content":{"rendered":"<p data-start=\"81\" data-end=\"377\"><strong data-start=\"81\" data-end=\"121\">Youth Intensive Creme no iS Clinical<\/strong> &#8211; ir intens\u012bvs pretnoveco\u0161an\u0101s kr\u0113ms, kas izstr\u0101d\u0101ts redzamai \u0101das atjauno\u0161anai, t\u0101s bl\u012bvuma uzlabo\u0161anai un dzi\u013cai mitrin\u0101\u0161anai. Formula apvieno sp\u0113c\u012bgas akt\u012bv\u0101s sast\u0101vda\u013cas, kas pal\u012bdz samazin\u0101t grumbas, atjaunot \u0101das strukt\u016bru un uztur\u0113t t\u0101s elast\u012bbu.<\/p>\n<p data-start=\"379\" data-end=\"675\">Kr\u0113ms pal\u012bdz redzami samazin\u0101t gan virspus\u0113j\u0101s, gan dzi\u013c\u0101k\u0101s grumbas, uzlabo \u0101das tekst\u016bru un padara to glud\u0101ku un vienm\u0113r\u012bg\u0101ku. Jau p\u0113c pirmaj\u0101m lieto\u0161anas reiz\u0113m \u0101da izskat\u0101s vair\u0101k mitrin\u0101ta, m\u012bkst\u0101ka un kopta, bet regul\u0101ras lieto\u0161anas rezult\u0101t\u0101 k\u013c\u016bst bl\u012bv\u0101ka, elast\u012bg\u0101ka un vizu\u0101li jaun\u0101ka.<\/p>\n<p data-start=\"677\" data-end=\"912\">Formula papildus uztur optim\u0101lu \u0101das mitruma l\u012bmeni, pal\u012bdz nov\u0113rst sausumu un veicina \u0101das dabisk\u0101 l\u012bdzsvara atjauno\u0161anos. \u0100da ieg\u016bst svaig\u0101ku, starojo\u0161\u0101ku un atp\u016btu\u0161os izskatu, bet kop\u0113jais tonis k\u013c\u016bst vienm\u0113r\u012bg\u0101ks un harmonisk\u0101ks.<\/p>\n<p data-start=\"914\" data-end=\"948\"><strong data-start=\"914\" data-end=\"946\">Akt\u012bvo sast\u0101vda\u013cu iedarb\u012bba:<\/strong><\/p>\n<ul data-start=\"949\" data-end=\"1291\">\n<li data-section-id=\"1yypk3z\" data-start=\"949\" data-end=\"1042\">\n<p data-start=\"951\" data-end=\"1042\"><strong data-start=\"951\" data-end=\"989\">Tripeptide-1 (Copper Tripeptide-1)<\/strong>: pal\u012bdz uzlabot \u0101das elast\u012bbu un samazin\u0101t grumbas<\/p>\n<\/li>\n<li data-section-id=\"tfmryx\" data-start=\"1043\" data-end=\"1130\">\n<p data-start=\"1045\" data-end=\"1130\"><strong data-start=\"1045\" data-end=\"1064\">Hyaluronic Acid<\/strong>: nodro\u0161ina intens\u012bvu mitrin\u0101\u0161anu un pal\u012bdz saglab\u0101t mitrumu \u0101d\u0101<\/p>\n<\/li>\n<li data-section-id=\"ewlxsh\" data-start=\"1131\" data-end=\"1202\">\n<p data-start=\"1133\" data-end=\"1202\"><strong data-start=\"1133\" data-end=\"1157\">Superoxide Dismutase<\/strong>: aizsarg\u0101 \u0101du no br\u012bvo radik\u0101\u013cu iedarb\u012bbas<\/p>\n<\/li>\n<li data-section-id=\"19dzykb\" data-start=\"1203\" data-end=\"1291\">\n<p data-start=\"1205\" data-end=\"1291\"><strong data-start=\"1205\" data-end=\"1218\">Vitamin C<\/strong>: pal\u012bdz izl\u012bdzin\u0101t \u0101das toni un aizsarg\u0101 no apk\u0101rt\u0113j\u0101s vides faktoriem<\/p>\n<\/li>\n<\/ul>\n<p data-start=\"1293\" data-end=\"1428\"><strong data-start=\"1293\" data-end=\"1332\">Kam piem\u0113rots Youth Intensive Creme<\/strong>: visiem \u0101das tipiem, \u012bpa\u0161i nobriedu\u0161ai, sausai \u0101dai un \u0101dai ar izteikt\u0101m noveco\u0161an\u0101s paz\u012bm\u0113m.<\/p>\n<p data-start=\"1430\" data-end=\"1449\"><strong data-start=\"1430\" data-end=\"1447\">Tilpums: 50 g<\/strong><\/p>\n","protected":false},"excerpt":{"rendered":"<p data-start=\"1549\" data-end=\"1582\">Intens\u012bvs pretnoveco\u0161an\u0101s kr\u0113ms<\/p>\n<h2 data-start=\"1584\" data-end=\"1632\"><strong data-start=\"1584\" data-end=\"1632\">\u012apa\u0161\u012bbas iS Clinical &#8211; Youth Intensive Creme<\/strong><\/h2>\n<p data-start=\"1634\" data-end=\"1858\">\u2714\ufe0f Redzami samazina grumbu dzi\u013cumu un izteikt\u012bbu<br data-start=\"1682\" data-end=\"1685\" \/>\u2714\ufe0f Uzlabo \u0101das bl\u012bvumu un elast\u012bbu<br data-start=\"1719\" data-end=\"1722\" \/>\u2714\ufe0f Nodro\u0161ina ilgsto\u0161u mitrin\u0101\u0161anu un komfortu<br data-start=\"1767\" data-end=\"1770\" \/>\u2714\ufe0f Uzlabo tekst\u016bru un padara \u0101du glud\u0101ku<br data-start=\"1810\" data-end=\"1813\" \/>\u2714\ufe0f Pie\u0161\u0137ir \u0101dai svaigu un starojo\u0161u izskatu<\/p>\n","protected":false},"featured_media":86554,"template":"","meta":[],"pwb-brand":[1179],"product_brand":[],"product_cat":[745,737,749,739],"product_tag":[],"giftcard-category":[],"class_list":{"0":"post-55554","1":"product","2":"type-product","3":"status-publish","4":"has-post-thumbnail","6":"pwb-brand-is-clinical-lv","7":"product_cat-jutigai-adai","8":"product_cat-mitrinasana","9":"product_cat-novecojosa-ada","10":"product_cat-sausai-adai","12":"first","13":"instock","14":"taxable","15":"shipping-taxable","16":"purchasable","17":"product-type-simple"},"acf":[],"brands":[{"id":1179,"name":"IS CLINICAL","slug":"is-clinical-lv"}],"_links":{"self":[{"href":"https:\/\/skinstudio.ee\/lv\/wp-json\/wp\/v2\/product\/55554","targetHints":{"allow":["GET"]}}],"collection":[{"href":"https:\/\/skinstudio.ee\/lv\/wp-json\/wp\/v2\/product"}],"about":[{"href":"https:\/\/skinstudio.ee\/lv\/wp-json\/wp\/v2\/types\/product"}],"version-history":[{"count":2,"href":"https:\/\/skinstudio.ee\/lv\/wp-json\/wp\/v2\/product\/55554\/revisions"}],"predecessor-version":[{"id":86882,"href":"https:\/\/skinstudio.ee\/lv\/wp-json\/wp\/v2\/product\/55554\/revisions\/86882"}],"wp:featuredmedia":[{"embeddable":true,"href":"https:\/\/skinstudio.ee\/lv\/wp-json\/wp\/v2\/media\/86554"}],"wp:attachment":[{"href":"https:\/\/skinstudio.ee\/lv\/wp-json\/wp\/v2\/media?parent=55554"}],"wp:term":[{"taxonomy":"pwb-brand","embeddable":true,"href":"https:\/\/skinstudio.ee\/lv\/wp-json\/wp\/v2\/pwb-brand?post=55554"},{"taxonomy":"product_brand","embeddable":true,"href":"https:\/\/skinstudio.ee\/lv\/wp-json\/wp\/v2\/product_brand?post=55554"},{"taxonomy":"product_cat","embeddable":true,"href":"https:\/\/skinstudio.ee\/lv\/wp-json\/wp\/v2\/product_cat?post=55554"},{"taxonomy":"product_tag","embeddable":true,"href":"https:\/\/skinstudio.ee\/lv\/wp-json\/wp\/v2\/product_tag?post=55554"},{"taxonomy":"giftcard-category","embeddable":true,"href":"https:\/\/skinstudio.ee\/lv\/wp-json\/wp\/v2\/giftcard-category?post=55554"}],"curies":[{"name":"wp","href":"https:\/\/api.w.org\/{rel}","templated":true}]}}