{"id":55591,"date":"2023-05-24T17:56:35","date_gmt":"2023-05-24T17:56:35","guid":{"rendered":"https:\/\/skinstudio.ee\/?post_type=product&#038;p=55591"},"modified":"2026-03-19T11:42:17","modified_gmt":"2026-03-19T11:42:17","slug":"copper-firming-mist","status":"publish","type":"product","link":"https:\/\/skinstudio.ee\/lv\/catalog\/is-clinical-lv\/copper-firming-mist\/","title":{"rendered":"Copper Firming Mist"},"content":{"rendered":"<p data-start=\"95\" data-end=\"375\"><strong data-start=\"95\" data-end=\"133\">Copper Firming Mist no iS Clinical<\/strong> &#8211; ir atsvaidzino\u0161s un nostiprino\u0161s sprejs ar vieglu tekst\u016bru, kas uzreiz mitrina \u0101du un atjauno komforta saj\u016btu. Formula ir izstr\u0101d\u0101ta, lai uztur\u0113tu \u0101das dabisko l\u012bdzsvaru, uzlabotu t\u0101s elast\u012bbu un aizsarg\u0101tu no apk\u0101rt\u0113j\u0101s vides faktoriem.<\/p>\n<p data-start=\"377\" data-end=\"624\">Sprejs \u0101tri m\u012bkstina \u0101du, nov\u0113r\u0161 sausuma saj\u016btu un pal\u012bdz uztur\u0113t optim\u0101lu mitruma l\u012bmeni visas dienas garum\u0101. Pateicoties vara un augu komponentu kombin\u0101cijai, l\u012bdzeklis pal\u012bdz nostiprin\u0101t \u0101du, uzlabot t\u0101s tonusu un pie\u0161\u0137irt vesel\u012bg\u0101ku izskatu.<\/p>\n<p data-start=\"626\" data-end=\"838\">Formula papildus pal\u012bdz regul\u0113t sebuma izdal\u012b\u0161anos, uztur \u0101das t\u012br\u012bbu un komfortu, k\u0101 ar\u012b ir piem\u0113rota lieto\u0161anai p\u0113c saules iedarb\u012bbas vai kosm\u0113tisk\u0101m proced\u016br\u0101m. \u0100da izskat\u0101s svaig\u0101ka, mitrin\u0101t\u0101ka un kopt\u0101ka.<\/p>\n<p data-start=\"840\" data-end=\"874\"><strong data-start=\"840\" data-end=\"872\">Akt\u012bvo sast\u0101vda\u013cu iedarb\u012bba:<\/strong><\/p>\n<ul data-start=\"875\" data-end=\"1163\">\n<li data-section-id=\"e6vkvi\" data-start=\"875\" data-end=\"942\">\n<p data-start=\"877\" data-end=\"942\"><strong data-start=\"877\" data-end=\"887\">Copper<\/strong>: pal\u012bdz veicin\u0101t \u0101das atjauno\u0161anos un nostiprin\u0101\u0161anu<\/p>\n<\/li>\n<li data-section-id=\"1xwdn6o\" data-start=\"943\" data-end=\"1016\">\n<p data-start=\"945\" data-end=\"1016\"><strong data-start=\"945\" data-end=\"959\">Copper PCA<\/strong>: pal\u012bdz regul\u0113t sebuma izdal\u012b\u0161anos un uzlabot elast\u012bbu<\/p>\n<\/li>\n<li data-section-id=\"19kugms\" data-start=\"1017\" data-end=\"1094\">\n<p data-start=\"1019\" data-end=\"1094\"><strong data-start=\"1019\" data-end=\"1031\">Kola Nut<\/strong>: nodro\u0161ina antioksidantu iedarb\u012bbu un pal\u012bdz nostiprin\u0101t \u0101du<\/p>\n<\/li>\n<li data-section-id=\"17pmtg8\" data-start=\"1095\" data-end=\"1163\">\n<p data-start=\"1097\" data-end=\"1163\"><strong data-start=\"1097\" data-end=\"1112\">Resveratrol<\/strong>: pal\u012bdz aizsarg\u0101t \u0101du no br\u012bvo radik\u0101\u013cu ietekmes<\/p>\n<\/li>\n<\/ul>\n<p data-start=\"1165\" data-end=\"1309\"><strong data-start=\"1165\" data-end=\"1202\">Kam piem\u0113rots Copper Firming Mist<\/strong>: sausai, dehidr\u0113tai un jut\u012bgai \u0101dai, k\u0101 ar\u012b \u0101dai, kurai nepiecie\u0161ama papildu mitrin\u0101\u0161ana un atjauno\u0161ana.<\/p>\n<p data-start=\"1311\" data-end=\"1331\"><strong data-start=\"1311\" data-end=\"1329\">Tilpums: 75 ml<\/strong><\/p>\n","protected":false},"excerpt":{"rendered":"<p data-start=\"1403\" data-end=\"1432\">Nostiprino\u0161s sprejs ar varu<\/p>\n<h2 data-start=\"1434\" data-end=\"1480\"><strong data-start=\"1434\" data-end=\"1480\">\u012apa\u0161\u012bbas iS Clinical &#8211; Copper Firming Mist<\/strong><\/h2>\n<p data-start=\"1482\" data-end=\"1669\">\u2714\ufe0f Uzreiz atsvaidzina un mitrina \u0101du<br data-start=\"1518\" data-end=\"1521\" \/>\u2714\ufe0f Uzlabo elast\u012bbu un \u0101das tonusu<br data-start=\"1554\" data-end=\"1557\" \/>\u2714\ufe0f Uztur \u0101das l\u012bdzsvaru un komfortu<br data-start=\"1592\" data-end=\"1595\" \/>\u2714\ufe0f Nodro\u0161ina antioksidantu aizsardz\u012bbu<br data-start=\"1633\" data-end=\"1636\" \/>\u2714\ufe0f \u0112rts lieto\u0161anai dienas laik\u0101<\/p>\n","protected":false},"featured_media":55592,"template":"","meta":[],"pwb-brand":[1179],"product_brand":[],"product_cat":[745,737,749,739,747,721],"product_tag":[],"giftcard-category":[],"class_list":{"0":"post-55591","1":"product","2":"type-product","3":"status-publish","4":"has-post-thumbnail","6":"pwb-brand-is-clinical-lv","7":"product_cat-jutigai-adai","8":"product_cat-mitrinasana","9":"product_cat-novecojosa-ada","10":"product_cat-sausai-adai","11":"product_cat-taukainai-adai","12":"product_cat-toniki-lv","14":"first","15":"instock","16":"taxable","17":"shipping-taxable","18":"purchasable","19":"product-type-simple"},"acf":[],"brands":[{"id":1179,"name":"IS CLINICAL","slug":"is-clinical-lv"}],"_links":{"self":[{"href":"https:\/\/skinstudio.ee\/lv\/wp-json\/wp\/v2\/product\/55591","targetHints":{"allow":["GET"]}}],"collection":[{"href":"https:\/\/skinstudio.ee\/lv\/wp-json\/wp\/v2\/product"}],"about":[{"href":"https:\/\/skinstudio.ee\/lv\/wp-json\/wp\/v2\/types\/product"}],"version-history":[{"count":1,"href":"https:\/\/skinstudio.ee\/lv\/wp-json\/wp\/v2\/product\/55591\/revisions"}],"predecessor-version":[{"id":86887,"href":"https:\/\/skinstudio.ee\/lv\/wp-json\/wp\/v2\/product\/55591\/revisions\/86887"}],"wp:featuredmedia":[{"embeddable":true,"href":"https:\/\/skinstudio.ee\/lv\/wp-json\/wp\/v2\/media\/55592"}],"wp:attachment":[{"href":"https:\/\/skinstudio.ee\/lv\/wp-json\/wp\/v2\/media?parent=55591"}],"wp:term":[{"taxonomy":"pwb-brand","embeddable":true,"href":"https:\/\/skinstudio.ee\/lv\/wp-json\/wp\/v2\/pwb-brand?post=55591"},{"taxonomy":"product_brand","embeddable":true,"href":"https:\/\/skinstudio.ee\/lv\/wp-json\/wp\/v2\/product_brand?post=55591"},{"taxonomy":"product_cat","embeddable":true,"href":"https:\/\/skinstudio.ee\/lv\/wp-json\/wp\/v2\/product_cat?post=55591"},{"taxonomy":"product_tag","embeddable":true,"href":"https:\/\/skinstudio.ee\/lv\/wp-json\/wp\/v2\/product_tag?post=55591"},{"taxonomy":"giftcard-category","embeddable":true,"href":"https:\/\/skinstudio.ee\/lv\/wp-json\/wp\/v2\/giftcard-category?post=55591"}],"curies":[{"name":"wp","href":"https:\/\/api.w.org\/{rel}","templated":true}]}}