{"id":55597,"date":"2023-05-24T17:56:35","date_gmt":"2023-05-24T17:56:35","guid":{"rendered":"https:\/\/skinstudio.ee\/?post_type=product&#038;p=55597"},"modified":"2026-03-19T13:31:37","modified_gmt":"2026-03-19T13:31:37","slug":"eclipse-spf-50","status":"publish","type":"product","link":"https:\/\/skinstudio.ee\/lv\/catalog\/is-clinical\/eclipse-spf-50\/","title":{"rendered":"Eclipse SPF 50+"},"content":{"rendered":"<p data-start=\"114\" data-end=\"374\"><strong data-start=\"114\" data-end=\"148\">Eclipse SPF 50+ no iS Clinical<\/strong> ir augstas aizsardz\u012bbas saules aizsargkr\u0113ms ikdienas lieto\u0161anai un ilgsto\u0161ai uztur\u0113\u0161anai saul\u0113. Formula apvieno modernus fiziskos filtrus un antioksidantus, nodro\u0161inot uzticamu aizsardz\u012bbu un saglab\u0101jot vesel\u012bgu \u0101das izskatu.<\/p>\n<p data-start=\"376\" data-end=\"647\">Viegl\u0101 tekst\u016bra \u0101tri ies\u016bcas un neatst\u0101j taukainu saj\u016btu, padarot to ide\u0101li piem\u0113rotu ikdienas lieto\u0161anai. Produkts pal\u012bdz aizsarg\u0101t \u0101du no UVA\/UVB starojuma un atbalsta aizsardz\u012bbu pret apk\u0101rt\u0113j\u0101s vides negat\u012bvajiem faktoriem, kas veicina priek\u0161laic\u012bgu \u0101das noveco\u0161anos.<\/p>\n<p data-start=\"649\" data-end=\"818\">Produkts pieejams div\u0101s versij\u0101s: caursp\u012bd\u012bg\u0101 klasisk\u0101 formula un ton\u0113t\u0101 versija <strong data-start=\"730\" data-end=\"750\">PerfecTint Beige<\/strong>, kas pal\u012bdz izl\u012bdzin\u0101t \u0101das toni un pie\u0161\u0137ir dabisku, koptu izskatu.<\/p>\n<p data-start=\"820\" data-end=\"892\">\u016adensnotur\u012bg\u0101 formula piem\u0113rota gan ikdienai, gan akt\u012bvai atp\u016btai saul\u0113.<\/p>\n<p data-start=\"894\" data-end=\"926\"><strong data-start=\"894\" data-end=\"926\">Akt\u012bvo komponentu iedarb\u012bba:<\/strong><\/p>\n<ul data-start=\"928\" data-end=\"1120\">\n<li data-section-id=\"vgvari\" data-start=\"928\" data-end=\"989\">\n<p data-start=\"930\" data-end=\"989\"><strong data-start=\"930\" data-end=\"950\">Titanium Dioxide<\/strong>: nodro\u0161ina dro\u0161u fizisko aizsardz\u012bbu<\/p>\n<\/li>\n<li data-section-id=\"7jmbiq\" data-start=\"990\" data-end=\"1065\">\n<p data-start=\"992\" data-end=\"1065\"><strong data-start=\"992\" data-end=\"1006\">Zinc Oxide<\/strong>: aizsarg\u0101 pret UVA\/UVB starojumu, piem\u0113rots jut\u012bgai \u0101dai<\/p>\n<\/li>\n<li data-section-id=\"1sqep32\" data-start=\"1066\" data-end=\"1120\">\n<p data-start=\"1068\" data-end=\"1120\"><strong data-start=\"1068\" data-end=\"1081\">Vitamin E<\/strong>: nodro\u0161ina antioksidantu aizsardz\u012bbu<\/p>\n<\/li>\n<\/ul>\n<p data-start=\"1122\" data-end=\"1194\"><strong data-start=\"1122\" data-end=\"1156\">Kam piem\u0113rots Eclipse SPF 50+:<\/strong> visiem \u0101das tipiem, ar\u012b jut\u012bgai \u0101dai.<\/p>\n<p data-start=\"1196\" data-end=\"1214\"><strong data-start=\"1196\" data-end=\"1208\">Tilpums:<\/strong> 100 g<\/p>\n","protected":false},"excerpt":{"rendered":"<p data-start=\"1270\" data-end=\"1289\">Saules aizsargkr\u0113ms<\/p>\n<h2 data-start=\"1291\" data-end=\"1333\"><strong data-start=\"1291\" data-end=\"1333\">\u012apa\u0161\u012bbas IS CLINICAL &#8211; Eclipse SPF 50+<\/strong><\/h2>\n<p data-start=\"1335\" data-end=\"1528\">\u2714\ufe0f Nodro\u0161ina augstu SPF 50+ aizsardz\u012bbu<br data-start=\"1374\" data-end=\"1377\" \/>\u2714\ufe0f Aizsarg\u0101 pret UVA un UVB starojumu<br data-start=\"1414\" data-end=\"1417\" \/>\u2714\ufe0f Pal\u012bdz nov\u0113rst fotonoveco\u0161anos<br data-start=\"1450\" data-end=\"1453\" \/>\u2714\ufe0f Viegls, netaukains tekst\u016bras saj\u016bta<br data-start=\"1491\" data-end=\"1494\" \/>\u2714\ufe0f Piem\u0113rots ikdienas lieto\u0161anai<\/p>\n","protected":false},"featured_media":55598,"template":"","meta":[],"pwb-brand":[1179],"product_brand":[],"product_cat":[731],"product_tag":[],"giftcard-category":[],"class_list":{"0":"post-55597","1":"product","2":"type-product","3":"status-publish","4":"has-post-thumbnail","6":"pwb-brand-is-clinical","7":"product_cat-spf-aizsardziba","9":"first","10":"instock","11":"taxable","12":"shipping-taxable","13":"purchasable","14":"product-type-variable"},"acf":[],"brands":[{"id":1179,"name":"IS CLINICAL","slug":"is-clinical"}],"_links":{"self":[{"href":"https:\/\/skinstudio.ee\/lv\/wp-json\/wp\/v2\/product\/55597","targetHints":{"allow":["GET"]}}],"collection":[{"href":"https:\/\/skinstudio.ee\/lv\/wp-json\/wp\/v2\/product"}],"about":[{"href":"https:\/\/skinstudio.ee\/lv\/wp-json\/wp\/v2\/types\/product"}],"version-history":[{"count":1,"href":"https:\/\/skinstudio.ee\/lv\/wp-json\/wp\/v2\/product\/55597\/revisions"}],"predecessor-version":[{"id":87003,"href":"https:\/\/skinstudio.ee\/lv\/wp-json\/wp\/v2\/product\/55597\/revisions\/87003"}],"wp:featuredmedia":[{"embeddable":true,"href":"https:\/\/skinstudio.ee\/lv\/wp-json\/wp\/v2\/media\/55598"}],"wp:attachment":[{"href":"https:\/\/skinstudio.ee\/lv\/wp-json\/wp\/v2\/media?parent=55597"}],"wp:term":[{"taxonomy":"pwb-brand","embeddable":true,"href":"https:\/\/skinstudio.ee\/lv\/wp-json\/wp\/v2\/pwb-brand?post=55597"},{"taxonomy":"product_brand","embeddable":true,"href":"https:\/\/skinstudio.ee\/lv\/wp-json\/wp\/v2\/product_brand?post=55597"},{"taxonomy":"product_cat","embeddable":true,"href":"https:\/\/skinstudio.ee\/lv\/wp-json\/wp\/v2\/product_cat?post=55597"},{"taxonomy":"product_tag","embeddable":true,"href":"https:\/\/skinstudio.ee\/lv\/wp-json\/wp\/v2\/product_tag?post=55597"},{"taxonomy":"giftcard-category","embeddable":true,"href":"https:\/\/skinstudio.ee\/lv\/wp-json\/wp\/v2\/giftcard-category?post=55597"}],"curies":[{"name":"wp","href":"https:\/\/api.w.org\/{rel}","templated":true}]}}