{"id":55605,"date":"2023-05-24T17:56:35","date_gmt":"2023-05-24T17:56:35","guid":{"rendered":"https:\/\/skinstudio.ee\/?post_type=product&#038;p=55605"},"modified":"2026-03-19T14:29:11","modified_gmt":"2026-03-19T14:29:11","slug":"extreme-protect-spf40","status":"publish","type":"product","link":"https:\/\/skinstudio.ee\/lv\/catalog\/is-clinical-lv\/extreme-protect-spf40\/","title":{"rendered":"Extreme Protect SPF40"},"content":{"rendered":"<p data-start=\"185\" data-end=\"498\"><strong data-start=\"185\" data-end=\"226\">Extreme Protect SPF40 no iS Clinical<\/strong> ir inovat\u012bvs pla\u0161a spektra saules aizsargkr\u0113ms, kas apvieno efekt\u012bvu fizisko aizsardz\u012bbu un sp\u0113c\u012bgu antioksidantu iedarb\u012bbu. Formula satur patent\u0113to <strong data-start=\"376\" data-end=\"404\">Extremozyme\u00ae tehnolo\u0123iju<\/strong>, kas pal\u012bdz aizsarg\u0101t \u0101du un uztur\u0113t t\u0101s vesel\u012bgu st\u0101vokli ikdienas vides ietekmes apst\u0101k\u013cos.<\/p>\n<p data-start=\"500\" data-end=\"681\">Sast\u0101v\u0101 ir mikroniz\u0113ti caursp\u012bd\u012bgi fiziskie filtri &#8211; cinka oks\u012bds un tit\u0101na dioks\u012bds, kas nodro\u0161ina uzticamu aizsardz\u012bbu pret UVA\/UVB starojumu bez smaguma saj\u016btas un baltas k\u0101rtas.<\/p>\n<p data-start=\"683\" data-end=\"884\">Kr\u0113ms ne tikai aizsarg\u0101 \u0101du, bet ar\u012b pal\u012bdz saglab\u0101t t\u0101s mitruma l\u012bmeni, nodro\u0161inot komfortu, gludumu un koptu izskatu. Regul\u0101ra lieto\u0161ana pal\u012bdz samazin\u0101t faktoru ietekmi, kas veicina fotonoveco\u0161anos.<\/p>\n<p data-start=\"886\" data-end=\"1034\">Pieejams div\u0101s versij\u0101s: caursp\u012bd\u012bg\u0101 klasisk\u0101 formula un ton\u0113t\u0101 versija <strong data-start=\"958\" data-end=\"972\">PerfecTint<\/strong>, kas pal\u012bdz izl\u012bdzin\u0101t \u0101das toni un pie\u0161\u0137ir dabisku mirdzumu.<\/p>\n<p data-start=\"1036\" data-end=\"1124\">Piem\u0113rots ikdienas lieto\u0161anai, tostarp jut\u012bgai \u0101dai, k\u0101 ar\u012b ilgsto\u0161ai uztur\u0113\u0161anai saul\u0113.<\/p>\n<p data-start=\"1126\" data-end=\"1158\"><strong data-start=\"1126\" data-end=\"1158\">Akt\u012bvo komponentu iedarb\u012bba:<\/strong><\/p>\n<ul data-start=\"1160\" data-end=\"1352\">\n<li data-section-id=\"4wuvf0\" data-start=\"1160\" data-end=\"1223\">\n<p data-start=\"1162\" data-end=\"1223\"><strong data-start=\"1162\" data-end=\"1182\">Titanium Dioxide:<\/strong>\u00a0dro\u0161s pla\u0161a spektra fiziskais filtrs<\/p>\n<\/li>\n<li data-section-id=\"52w4ev\" data-start=\"1224\" data-end=\"1292\">\n<p data-start=\"1226\" data-end=\"1292\"><strong data-start=\"1226\" data-end=\"1240\">Zinc Oxide:<\/strong>\u00a0aizsarg\u0101 pret UVA\/UVB un piem\u0113rots jut\u012bgai \u0101dai<\/p>\n<\/li>\n<li data-section-id=\"thoz78\" data-start=\"1293\" data-end=\"1352\">\n<p data-start=\"1295\" data-end=\"1352\"><strong data-start=\"1295\" data-end=\"1308\">Vitamin E:<\/strong>\u00a0antioksidants, kas pal\u012bdz aizsarg\u0101t \u0101du<\/p>\n<\/li>\n<\/ul>\n<p data-start=\"1354\" data-end=\"1437\"><strong data-start=\"1354\" data-end=\"1395\">Kam piem\u0113rots Extreme Protect SPF 40:<\/strong> visiem \u0101das tipiem, tostarp jut\u012bgai \u0101dai.<\/p>\n<p data-start=\"1439\" data-end=\"1457\"><strong data-start=\"1439\" data-end=\"1451\">Tilpums:<\/strong> 100 g<\/p>\n","protected":false},"excerpt":{"rendered":"<p data-start=\"1513\" data-end=\"1532\">Saules aizsargkr\u0113ms<\/p>\n<h2 data-start=\"1534\" data-end=\"1583\"><strong data-start=\"1534\" data-end=\"1583\">\u012apa\u0161\u012bbas IS CLINICAL &#8211; Extreme Protect SPF40<\/strong><\/h2>\n<p data-start=\"1585\" data-end=\"1781\">\u2714\ufe0f Nodro\u0161ina uzticamu SPF 40 aizsardz\u012bbu<br data-start=\"1625\" data-end=\"1628\" \/>\u2714\ufe0f Aizsarg\u0101 pret UVA un UVB starojumu<br data-start=\"1665\" data-end=\"1668\" \/>\u2714\ufe0f Pal\u012bdz nov\u0113rst fotonoveco\u0161anos<br data-start=\"1701\" data-end=\"1704\" \/>\u2714\ufe0f Atbalsta \u0101das mitrin\u0101\u0161anu un komfortu<br data-start=\"1744\" data-end=\"1747\" \/>\u2714\ufe0f Piem\u0113rots ikdienas lieto\u0161anai<\/p>\n","protected":false},"featured_media":63264,"template":"","meta":[],"pwb-brand":[1179],"product_brand":[],"product_cat":[737,731],"product_tag":[],"giftcard-category":[],"class_list":{"0":"post-55605","1":"product","2":"type-product","3":"status-publish","4":"has-post-thumbnail","6":"pwb-brand-is-clinical-lv","7":"product_cat-mitrinasana","8":"product_cat-spf-aizsardziba","10":"first","11":"instock","12":"taxable","13":"shipping-taxable","14":"purchasable","15":"product-type-variable"},"acf":[],"brands":[{"id":1179,"name":"IS CLINICAL","slug":"is-clinical-lv"}],"_links":{"self":[{"href":"https:\/\/skinstudio.ee\/lv\/wp-json\/wp\/v2\/product\/55605","targetHints":{"allow":["GET"]}}],"collection":[{"href":"https:\/\/skinstudio.ee\/lv\/wp-json\/wp\/v2\/product"}],"about":[{"href":"https:\/\/skinstudio.ee\/lv\/wp-json\/wp\/v2\/types\/product"}],"version-history":[{"count":1,"href":"https:\/\/skinstudio.ee\/lv\/wp-json\/wp\/v2\/product\/55605\/revisions"}],"predecessor-version":[{"id":87038,"href":"https:\/\/skinstudio.ee\/lv\/wp-json\/wp\/v2\/product\/55605\/revisions\/87038"}],"wp:featuredmedia":[{"embeddable":true,"href":"https:\/\/skinstudio.ee\/lv\/wp-json\/wp\/v2\/media\/63264"}],"wp:attachment":[{"href":"https:\/\/skinstudio.ee\/lv\/wp-json\/wp\/v2\/media?parent=55605"}],"wp:term":[{"taxonomy":"pwb-brand","embeddable":true,"href":"https:\/\/skinstudio.ee\/lv\/wp-json\/wp\/v2\/pwb-brand?post=55605"},{"taxonomy":"product_brand","embeddable":true,"href":"https:\/\/skinstudio.ee\/lv\/wp-json\/wp\/v2\/product_brand?post=55605"},{"taxonomy":"product_cat","embeddable":true,"href":"https:\/\/skinstudio.ee\/lv\/wp-json\/wp\/v2\/product_cat?post=55605"},{"taxonomy":"product_tag","embeddable":true,"href":"https:\/\/skinstudio.ee\/lv\/wp-json\/wp\/v2\/product_tag?post=55605"},{"taxonomy":"giftcard-category","embeddable":true,"href":"https:\/\/skinstudio.ee\/lv\/wp-json\/wp\/v2\/giftcard-category?post=55605"}],"curies":[{"name":"wp","href":"https:\/\/api.w.org\/{rel}","templated":true}]}}