{"id":55615,"date":"2023-05-24T17:56:35","date_gmt":"2023-05-24T17:56:35","guid":{"rendered":"https:\/\/skinstudio.ee\/?post_type=product&#038;p=55615"},"modified":"2026-02-18T11:19:44","modified_gmt":"2026-02-18T11:19:44","slug":"sheald-recovery-balm","status":"publish","type":"product","link":"https:\/\/skinstudio.ee\/lv\/catalog\/is-clinical-lv\/sheald-recovery-balm\/","title":{"rendered":"SHEALD Recovery Balm"},"content":{"rendered":"<p data-start=\"2934\" data-end=\"3204\"><strong data-start=\"2934\" data-end=\"2974\">SHEALD Recovery Balm no iS CLINICAL\u00ae<\/strong> &#8211; atjaunojo\u0161s balzams, kas paredz\u0113ts boj\u0101tas \u0101das intens\u012bvai kop\u0161anai p\u0113c agres\u012bv\u0101m proced\u016br\u0101m un apk\u0101rt\u0113j\u0101s vides stresa. Formula pal\u012bdz mazin\u0101t diskomfortu, atbalsta atjauno\u0161an\u0101s procesus un pal\u012bdz atjaunot \u0101das aizsargbarjeru.<\/p>\n<p data-start=\"3206\" data-end=\"3461\">Balzams nodro\u0161ina dzi\u013cu mitrin\u0101\u0161anu un m\u012bkstin\u0101\u0161anu, pal\u012bdz uztur\u0113t optim\u0101lu mitruma l\u012bmeni un veicina \u0101tr\u0101ku \u0101das atjauno\u0161anos. Akt\u012bv\u0101s sast\u0101vda\u013cas pal\u012bdz mazin\u0101t kairin\u0101jumu un atbalsta audu atjauno\u0161anos, uzlabojot \u0101das izskatu p\u0113c invaz\u012bv\u0101m proced\u016br\u0101m.<\/p>\n<p data-start=\"3463\" data-end=\"3487\"><strong data-start=\"3463\" data-end=\"3487\">Akt\u012bv\u0101s sast\u0101vda\u013cas:<\/strong><\/p>\n<ul data-start=\"3489\" data-end=\"3769\">\n<li data-start=\"3489\" data-end=\"3624\">\n<p data-start=\"3491\" data-end=\"3624\"><strong data-start=\"3491\" data-end=\"3568\">Ceramides Complex (Ceramide NP, AP, EOP + Cholesterol + Phytosphingosine)<\/strong> &#8211; atjauno lip\u012bdu barjeru un stiprina aizsargfunkcijas<\/p>\n<\/li>\n<li data-start=\"3625\" data-end=\"3697\">\n<p data-start=\"3627\" data-end=\"3697\"><strong data-start=\"3627\" data-end=\"3654\">Beta-Glucan + Panthenol<\/strong> &#8211; nomierina \u0101du un atbalsta atjauno\u0161anos<\/p>\n<\/li>\n<li data-start=\"3698\" data-end=\"3769\">\n<p data-start=\"3700\" data-end=\"3769\"><strong data-start=\"3700\" data-end=\"3722\">Sodium Hyaluronate<\/strong> &#8211; intens\u012bvi mitrina un pal\u012bdz saglab\u0101t mitrumu<\/p>\n<\/li>\n<\/ul>\n<p data-start=\"3771\" data-end=\"3873\"><strong data-start=\"3771\" data-end=\"3789\">Kam piem\u0113rots:<\/strong> \u013coti sausai, jut\u012bgai, kairin\u0101tai un boj\u0101tai \u0101dai; \u012bpa\u0161i p\u0113c kosm\u0113tisk\u0101m proced\u016br\u0101m.<\/p>\n<p data-start=\"3875\" data-end=\"3899\"><strong data-start=\"3875\" data-end=\"3887\">Tilpums:<\/strong> 15 g \/ 60 g<\/p>\n","protected":false},"excerpt":{"rendered":"<p data-start=\"3986\" data-end=\"4005\">Atjaunojo\u0161s balzams<\/p>\n<h2 data-start=\"4007\" data-end=\"4054\"><strong data-start=\"4007\" data-end=\"4054\">\u012apa\u0161\u012bbas IS CLINICAL &#8211; SHEALD Recovery Balm<\/strong><\/h2>\n<p data-start=\"4056\" data-end=\"4252\">\u2714\ufe0f Intens\u012bvi atjauno \u0101du p\u0113c proced\u016br\u0101m<br data-start=\"4095\" data-end=\"4098\" \/>\u2714\ufe0f Nomierina kairin\u0101jumu un mazina diskomfortu<br data-start=\"4144\" data-end=\"4147\" \/>\u2714\ufe0f Stiprina \u0101das aizsargbarjeru<br data-start=\"4178\" data-end=\"4181\" \/>\u2714\ufe0f M\u012bkstina un mazina sausumu<br data-start=\"4210\" data-end=\"4213\" \/>\u2714\ufe0f Piem\u0113rots profesion\u0101lai atjauno\u0161anai<\/p>\n","protected":false},"featured_media":63279,"template":"","meta":[],"pwb-brand":[1179],"product_brand":[],"product_cat":[745,737,739,753],"product_tag":[],"giftcard-category":[],"class_list":{"0":"post-55615","1":"product","2":"type-product","3":"status-publish","4":"has-post-thumbnail","6":"pwb-brand-is-clinical-lv","7":"product_cat-jutigai-adai","8":"product_cat-mitrinasana","9":"product_cat-sausai-adai","10":"product_cat-travel-size-lv","11":"pa_suurus-15g-lv","12":"pa_suurus-60g-lv","14":"first","15":"instock","16":"taxable","17":"shipping-taxable","18":"purchasable","19":"product-type-variable"},"acf":[],"brands":[{"id":1179,"name":"IS CLINICAL","slug":"is-clinical-lv"}],"_links":{"self":[{"href":"https:\/\/skinstudio.ee\/lv\/wp-json\/wp\/v2\/product\/55615","targetHints":{"allow":["GET"]}}],"collection":[{"href":"https:\/\/skinstudio.ee\/lv\/wp-json\/wp\/v2\/product"}],"about":[{"href":"https:\/\/skinstudio.ee\/lv\/wp-json\/wp\/v2\/types\/product"}],"version-history":[{"count":1,"href":"https:\/\/skinstudio.ee\/lv\/wp-json\/wp\/v2\/product\/55615\/revisions"}],"predecessor-version":[{"id":81742,"href":"https:\/\/skinstudio.ee\/lv\/wp-json\/wp\/v2\/product\/55615\/revisions\/81742"}],"wp:featuredmedia":[{"embeddable":true,"href":"https:\/\/skinstudio.ee\/lv\/wp-json\/wp\/v2\/media\/63279"}],"wp:attachment":[{"href":"https:\/\/skinstudio.ee\/lv\/wp-json\/wp\/v2\/media?parent=55615"}],"wp:term":[{"taxonomy":"pwb-brand","embeddable":true,"href":"https:\/\/skinstudio.ee\/lv\/wp-json\/wp\/v2\/pwb-brand?post=55615"},{"taxonomy":"product_brand","embeddable":true,"href":"https:\/\/skinstudio.ee\/lv\/wp-json\/wp\/v2\/product_brand?post=55615"},{"taxonomy":"product_cat","embeddable":true,"href":"https:\/\/skinstudio.ee\/lv\/wp-json\/wp\/v2\/product_cat?post=55615"},{"taxonomy":"product_tag","embeddable":true,"href":"https:\/\/skinstudio.ee\/lv\/wp-json\/wp\/v2\/product_tag?post=55615"},{"taxonomy":"giftcard-category","embeddable":true,"href":"https:\/\/skinstudio.ee\/lv\/wp-json\/wp\/v2\/giftcard-category?post=55615"}],"curies":[{"name":"wp","href":"https:\/\/api.w.org\/{rel}","templated":true}]}}