{"id":55633,"date":"2023-05-24T17:56:34","date_gmt":"2023-05-24T17:56:34","guid":{"rendered":"https:\/\/skinstudio.ee\/?post_type=product&#038;p=55633"},"modified":"2026-01-22T15:03:22","modified_gmt":"2026-01-22T15:03:22","slug":"pure-calm-trial-kit","status":"publish","type":"product","link":"https:\/\/skinstudio.ee\/lv\/catalog\/is-clinical-lv\/pure-calm-trial-kit\/","title":{"rendered":"Pure Calm Trial Kit"},"content":{"rendered":"<p data-start=\"310\" data-end=\"552\">Komplekt\u0101 ietilpst:<br data-start=\"336\" data-end=\"339\" \/>Maigs att\u012bro\u0161s l\u012bdzeklis <strong data-start=\"364\" data-end=\"385\">Cleansing Complex<\/strong>, 2&#215;2 ml<br data-start=\"393\" data-end=\"396\" \/>Atjaunojo\u0161s serums <strong data-start=\"415\" data-end=\"442\">Pro-Heal Serum Advance+<\/strong>, 3.75 ml<br data-start=\"451\" data-end=\"454\" data-is-only-node=\"\" \/>Nomierino\u0161s serums <strong data-start=\"473\" data-end=\"493\">Hydra-Cool Serum<\/strong>, 3.75 ml<br data-start=\"502\" data-end=\"505\" \/>Saules aizsargkr\u0113ms <strong data-start=\"525\" data-end=\"544\">Eclipse SPF 50+<\/strong>, 10 g<\/p>\n<p data-start=\"554\" data-end=\"864\"><strong data-start=\"554\" data-end=\"575\">Cleansing Complex<\/strong> \u2013 lielisks kop\u0161anas l\u012bdzeklis visiem \u0101das tipiem neatkar\u012bgi no vecuma. T\u0101 regul\u0101ra lieto\u0161ana nov\u0113r\u0161 pinnes par\u0101d\u012b\u0161anos. <strong data-start=\"696\" data-end=\"717\">Cleansing Complex<\/strong> ir ne tikai efekt\u012bvs ikdienas att\u012br\u012b\u0161anas l\u012bdzeklis, bet ar\u012b b\u016btisks solis \u0101das sagatavo\u0161anai turpm\u0101kai kop\u0161anai ar <strong data-start=\"834\" data-end=\"850\">iS CLINICAL\u00ae<\/strong> produktiem.<\/p>\n<p data-start=\"866\" data-end=\"1142\"><strong data-start=\"866\" data-end=\"893\">Pro-Heal Serum Advance+<\/strong> sast\u0101v\u0101 apvienota L-askorb\u012bnsk\u0101be (uzlabota C vitam\u012bna forma), ol\u012bvu lapu ekstrakts un E un A vitam\u012bni, kas nodro\u0161ina izcilu antioksidantu aizsardz\u012bbu un dziedino\u0161u iedarb\u012bbu. Efekt\u012bvs roz\u0101cijas un aknes \u0101rst\u0113\u0161an\u0101, piem\u0113rots ar\u012b nobriedu\u0161ai \u0101dai.<\/p>\n<p data-start=\"1144\" data-end=\"1531\"><strong data-start=\"1144\" data-end=\"1164\">Hydra-Cool Serum<\/strong> atsvaidzino\u0161\u0101 formula satur efekt\u012bvus augu antioksidantus un bioelementus. T\u0101 \u0101tri nomierina \u0101du p\u0113c saules apdegumiem vai sk\u016b\u0161an\u0101s, k\u0101 ar\u012b mazina kairin\u0101jumu un iekaisumu aknes gad\u012bjum\u0101. Mitrino\u0161ais serums padara grumbi\u0146as maz\u0101k redzamas, nov\u0113r\u0161 sausumu un niezi, pa\u0101trina \u0101das re\u0123ener\u0101ciju. Piem\u0113rots jebkuram \u0101das tipam, lieto\u0161anai gan sieviet\u0113m, gan v\u012brie\u0161iem.<\/p>\n<p data-start=\"1533\" data-end=\"1810\"><strong data-start=\"1533\" data-end=\"1552\">Eclipse SPF 50+<\/strong> \u2013 saules aizsargkr\u0113ms ikdienas lieto\u0161anai un ilgsto\u0161ai uztur\u0113\u0161anai saul\u0113. Satur unik\u0101lu zin\u0101tniski pilnveidotu fizisko filtru un t\u012bra E vitam\u012bna kombin\u0101ciju. Antioksidantiem bag\u0101t\u0101 formula nodro\u0161ina augst\u0101ko \u016bdensiztur\u012bgo aizsardz\u012bbu pret UVA\/UVB stariem.<\/p>\n<p data-start=\"1812\" data-end=\"2260\" data-is-last-node=\"\" data-is-only-node=\"\">\n","protected":false},"excerpt":{"rendered":"<p data-start=\"2352\" data-end=\"2415\"><span style=\"color: #ff0000;\"><strong>*Pas\u016btot komplektu, pieg\u0101des laiks var b\u016bt 3\u20135 darba dienas.<\/strong><\/span><\/p>\n<p data-start=\"2417\" data-end=\"2635\">Pure Calm Trial Kit \u2013 nomierino\u0161s komplekts jut\u012bgai \u0101dai ar kuperozes un roz\u0101cijas paz\u012bm\u0113m no iS CLINICAL, kas pal\u012bdz mazin\u0101t iekaisumu un aps\u0101rtumu, mitrina un nomierina \u0101du, padarot to jaun\u0101ku un vesel\u012bg\u0101ku<\/p>\n<h2 data-start=\"2637\" data-end=\"2948\"><strong data-start=\"2637\" data-end=\"2683\">IS CLINICAL &#8211; Pure Calm Trial Kit \u012bpa\u0161\u012bbas<\/strong><\/h2>\n<p data-start=\"2637\" data-end=\"2948\">\u2714\ufe0f Mini komplekts \u0101das nomierin\u0101\u0161anai un atjauno\u0161anai<br data-start=\"2739\" data-end=\"2742\" \/>\u2714\ufe0f Mazina kairin\u0101jumu un aps\u0101rtumu<br data-start=\"2776\" data-end=\"2779\" \/>\u2714\ufe0f Stiprina \u0101das aizsargbarjeru un dzi\u013ci mitrina<br data-start=\"2827\" data-end=\"2830\" \/>\u2714\ufe0f Piem\u0113rots jut\u012bgai un reakt\u012bvai \u0101dai<br data-start=\"2868\" data-end=\"2871\" \/>\u2714\ufe0f \u0112rts form\u0101ts ce\u013co\u0161anai un test\u0113\u0161anai pirms pilna izm\u0113ra produktu ieg\u0101des<\/p>\n","protected":false},"featured_media":63319,"template":"","meta":[],"pwb-brand":[1179],"product_brand":[],"product_cat":[764,755,753],"product_tag":[],"giftcard-category":[],"class_list":{"0":"post-55633","1":"product","2":"type-product","3":"status-publish","4":"has-post-thumbnail","6":"pwb-brand-is-clinical-lv","7":"product_cat-davanu-ideja","8":"product_cat-komplekts","9":"product_cat-travel-size-lv","11":"first","12":"instock","13":"taxable","14":"shipping-taxable","15":"purchasable","16":"product-type-simple"},"acf":[],"brands":[{"id":1179,"name":"IS CLINICAL","slug":"is-clinical-lv"}],"_links":{"self":[{"href":"https:\/\/skinstudio.ee\/lv\/wp-json\/wp\/v2\/product\/55633","targetHints":{"allow":["GET"]}}],"collection":[{"href":"https:\/\/skinstudio.ee\/lv\/wp-json\/wp\/v2\/product"}],"about":[{"href":"https:\/\/skinstudio.ee\/lv\/wp-json\/wp\/v2\/types\/product"}],"version-history":[{"count":0,"href":"https:\/\/skinstudio.ee\/lv\/wp-json\/wp\/v2\/product\/55633\/revisions"}],"wp:featuredmedia":[{"embeddable":true,"href":"https:\/\/skinstudio.ee\/lv\/wp-json\/wp\/v2\/media\/63319"}],"wp:attachment":[{"href":"https:\/\/skinstudio.ee\/lv\/wp-json\/wp\/v2\/media?parent=55633"}],"wp:term":[{"taxonomy":"pwb-brand","embeddable":true,"href":"https:\/\/skinstudio.ee\/lv\/wp-json\/wp\/v2\/pwb-brand?post=55633"},{"taxonomy":"product_brand","embeddable":true,"href":"https:\/\/skinstudio.ee\/lv\/wp-json\/wp\/v2\/product_brand?post=55633"},{"taxonomy":"product_cat","embeddable":true,"href":"https:\/\/skinstudio.ee\/lv\/wp-json\/wp\/v2\/product_cat?post=55633"},{"taxonomy":"product_tag","embeddable":true,"href":"https:\/\/skinstudio.ee\/lv\/wp-json\/wp\/v2\/product_tag?post=55633"},{"taxonomy":"giftcard-category","embeddable":true,"href":"https:\/\/skinstudio.ee\/lv\/wp-json\/wp\/v2\/giftcard-category?post=55633"}],"curies":[{"name":"wp","href":"https:\/\/api.w.org\/{rel}","templated":true}]}}