{"id":55640,"date":"2023-05-24T17:56:35","date_gmt":"2023-05-24T17:56:35","guid":{"rendered":"https:\/\/skinstudio.ee\/?post_type=product&#038;p=55640"},"modified":"2026-03-19T11:46:46","modified_gmt":"2026-03-19T11:46:46","slug":"extreme-protect-spf-30","status":"publish","type":"product","link":"https:\/\/skinstudio.ee\/lv\/catalog\/is-clinical-lv\/extreme-protect-spf-30\/","title":{"rendered":"Extreme Protect SPF 30"},"content":{"rendered":"<p data-start=\"81\" data-end=\"398\"><strong data-start=\"81\" data-end=\"122\">Extreme Protect SPF 30 no iS Clinical<\/strong> &#8211; ir daudzfunkcion\u0101ls saules aizsargkr\u0113ms, kas nodro\u0161ina uzticamu aizsardz\u012bbu pret UVA\/UVB starojumu un vienlaikus sniedz izteiktu \u0101das kop\u0161anas efektu. Formula ir izstr\u0101d\u0101ta, lai uztur\u0113tu \u0101das vesel\u012bbu, nodro\u0161in\u0101tu mitrin\u0101\u0161anu un aizsarg\u0101tu pret priek\u0161laic\u012bgu noveco\u0161anos.<\/p>\n<p data-start=\"400\" data-end=\"637\">Kr\u0113ms ne tikai aizsarg\u0101 \u0101du no saules iedarb\u012bbas, bet ar\u012b akt\u012bvi uzlabo t\u0101s st\u0101vokli: pal\u012bdz izl\u012bdzin\u0101t tekst\u016bru, padarot \u0101du maig\u0101ku, glud\u0101ku un kopt\u0101ku. Viegl\u0101 tekst\u016bra \u0113rti kl\u0101jas, nep\u0101rslogo \u0101du un ir piem\u0113rota ikdienas lieto\u0161anai.<\/p>\n<p data-start=\"639\" data-end=\"897\">Formula satur patent\u0113to Extremozymes\u00ae tehnolo\u0123iju un antioksidantu kompleksu, kas pal\u012bdz aizsarg\u0101t \u0101du no oksidat\u012bv\u0101 stresa, veicina t\u0101s atjauno\u0161anos un pal\u012bdz saglab\u0101t elast\u012bbu. \u0100da izskat\u0101s vesel\u012bg\u0101ka, mitrin\u0101t\u0101ka un lab\u0101k aizsarg\u0101ta visas dienas garum\u0101.<\/p>\n<p data-start=\"899\" data-end=\"933\"><strong data-start=\"899\" data-end=\"931\">Akt\u012bvo sast\u0101vda\u013cu iedarb\u012bba:<\/strong><\/p>\n<ul data-start=\"934\" data-end=\"1238\">\n<li data-section-id=\"1x8ud3\" data-start=\"934\" data-end=\"1006\">\n<p data-start=\"936\" data-end=\"1006\"><strong data-start=\"936\" data-end=\"953\">Extremozymes\u00ae<\/strong>: pal\u012bdz aizsarg\u0101t \u0101du no apk\u0101rt\u0113j\u0101s vides ietekmes<\/p>\n<\/li>\n<li data-section-id=\"i9t09m\" data-start=\"1007\" data-end=\"1082\">\n<p data-start=\"1009\" data-end=\"1082\"><strong data-start=\"1009\" data-end=\"1023\">Zinc Oxide<\/strong>: nodro\u0161ina fizisku aizsardz\u012bbu pret UVA un UVB starojumu<\/p>\n<\/li>\n<li data-section-id=\"kqkqgj\" data-start=\"1083\" data-end=\"1158\">\n<p data-start=\"1085\" data-end=\"1158\"><strong data-start=\"1085\" data-end=\"1106\">Centella Asiatica<\/strong>: nodro\u0161ina antioksidantu un atjaunojo\u0161u iedarb\u012bbu<\/p>\n<\/li>\n<li data-section-id=\"ofovgo\" data-start=\"1159\" data-end=\"1238\">\n<p data-start=\"1161\" data-end=\"1238\"><strong data-start=\"1161\" data-end=\"1183\">Olive Leaf Extract<\/strong>: m\u012bkstina \u0101du un aizsarg\u0101 no br\u012bvo radik\u0101\u013cu ietekmes<\/p>\n<\/li>\n<\/ul>\n<p data-start=\"1240\" data-end=\"1379\"><strong data-start=\"1240\" data-end=\"1280\">Kam piem\u0113rots Extreme Protect SPF 30<\/strong>: visiem \u0101das tipiem, tostarp jut\u012bgai \u0101dai, ikdienas aizsardz\u012bbai un fotonoveco\u0161an\u0101s profilaksei.<\/p>\n<p data-start=\"1381\" data-end=\"1401\"><strong data-start=\"1381\" data-end=\"1399\">Tilpums: 100 g<\/strong><\/p>\n","protected":false},"excerpt":{"rendered":"<p data-start=\"1445\" data-end=\"1466\">Saules aizsargkr\u0113ms<\/p>\n<h2 data-start=\"1468\" data-end=\"1517\"><strong data-start=\"1468\" data-end=\"1517\">\u012apa\u0161\u012bbas iS Clinical &#8211; Extreme Protect SPF 30<\/strong><\/h2>\n<p data-start=\"1519\" data-end=\"1763\">\u2714\ufe0f Nodro\u0161ina pla\u0161a spektra SPF 30 aizsardz\u012bbu<br data-start=\"1564\" data-end=\"1567\" \/>\u2714\ufe0f Mitrina un pal\u012bdz nov\u0113rst fotonoveco\u0161anos<br data-start=\"1611\" data-end=\"1614\" \/>\u2714\ufe0f Aizsarg\u0101 no br\u012bvajiem radik\u0101\u013ciem un apk\u0101rt\u0113j\u0101s vides ietekmes<br data-start=\"1678\" data-end=\"1681\" \/>\u2714\ufe0f Uzlabo \u0101das elast\u012bbu un visp\u0101r\u0113jo st\u0101vokli<br data-start=\"1726\" data-end=\"1729\" \/>\u2714\ufe0f Piem\u0113rots ikdienas lieto\u0161anai<\/p>\n","protected":false},"featured_media":63259,"template":"","meta":[],"pwb-brand":[1179],"product_brand":[],"product_cat":[731],"product_tag":[],"giftcard-category":[],"class_list":{"0":"post-55640","1":"product","2":"type-product","3":"status-publish","4":"has-post-thumbnail","6":"pwb-brand-is-clinical-lv","7":"product_cat-spf-aizsardziba","9":"first","10":"instock","11":"taxable","12":"shipping-taxable","13":"purchasable","14":"product-type-simple"},"acf":[],"brands":[{"id":1179,"name":"IS CLINICAL","slug":"is-clinical-lv"}],"_links":{"self":[{"href":"https:\/\/skinstudio.ee\/lv\/wp-json\/wp\/v2\/product\/55640","targetHints":{"allow":["GET"]}}],"collection":[{"href":"https:\/\/skinstudio.ee\/lv\/wp-json\/wp\/v2\/product"}],"about":[{"href":"https:\/\/skinstudio.ee\/lv\/wp-json\/wp\/v2\/types\/product"}],"version-history":[{"count":1,"href":"https:\/\/skinstudio.ee\/lv\/wp-json\/wp\/v2\/product\/55640\/revisions"}],"predecessor-version":[{"id":86896,"href":"https:\/\/skinstudio.ee\/lv\/wp-json\/wp\/v2\/product\/55640\/revisions\/86896"}],"wp:featuredmedia":[{"embeddable":true,"href":"https:\/\/skinstudio.ee\/lv\/wp-json\/wp\/v2\/media\/63259"}],"wp:attachment":[{"href":"https:\/\/skinstudio.ee\/lv\/wp-json\/wp\/v2\/media?parent=55640"}],"wp:term":[{"taxonomy":"pwb-brand","embeddable":true,"href":"https:\/\/skinstudio.ee\/lv\/wp-json\/wp\/v2\/pwb-brand?post=55640"},{"taxonomy":"product_brand","embeddable":true,"href":"https:\/\/skinstudio.ee\/lv\/wp-json\/wp\/v2\/product_brand?post=55640"},{"taxonomy":"product_cat","embeddable":true,"href":"https:\/\/skinstudio.ee\/lv\/wp-json\/wp\/v2\/product_cat?post=55640"},{"taxonomy":"product_tag","embeddable":true,"href":"https:\/\/skinstudio.ee\/lv\/wp-json\/wp\/v2\/product_tag?post=55640"},{"taxonomy":"giftcard-category","embeddable":true,"href":"https:\/\/skinstudio.ee\/lv\/wp-json\/wp\/v2\/giftcard-category?post=55640"}],"curies":[{"name":"wp","href":"https:\/\/api.w.org\/{rel}","templated":true}]}}