{"id":55646,"date":"2023-05-24T17:56:34","date_gmt":"2023-05-24T17:56:34","guid":{"rendered":"https:\/\/skinstudio.ee\/?post_type=product&#038;p=55646"},"modified":"2026-03-19T12:23:09","modified_gmt":"2026-03-19T12:23:09","slug":"hydra-intensive-cooling-masque","status":"publish","type":"product","link":"https:\/\/skinstudio.ee\/lv\/catalog\/is-clinical-lv\/hydra-intensive-cooling-masque\/","title":{"rendered":"Hydra-Intensive Cooling Masque"},"content":{"rendered":"<p data-start=\"3192\" data-end=\"3478\"><strong data-start=\"3192\" data-end=\"3241\">Hydra-Intensive Cooling Masque no iS Clinical<\/strong> ir atsvaidzino\u0161a mitrino\u0161a maska ar izteiktu atv\u0113sino\u0161u efektu, kas pal\u012bdz atjaunot \u0101das komfortu un uzlabot t\u0101s kop\u0113jo st\u0101vokli. Formula apvieno augu antioksidantus un hialuronsk\u0101bi, nodro\u0161inot intens\u012bvu mitrin\u0101\u0161anu un svaiguma saj\u016btu.<\/p>\n<p data-start=\"3480\" data-end=\"3652\">Maska pal\u012bdz \u0101tri nomierin\u0101t \u0101du, samazin\u0101t diskomfortu un atjaunot t\u0101s maigumu un elast\u012bbu. T\u0101 atbalsta mitruma l\u012bdzsvaru, mazina sausumu un padara \u0101du glud\u0101ku un kopt\u0101ku.<\/p>\n<p data-start=\"3654\" data-end=\"3863\">Produkts ir ide\u0101li piem\u0113rots \u0101das atjauno\u0161anai p\u0113c \u0101r\u0113jo faktoru ietekmes, pal\u012bdzot tai izskat\u012bties svaig\u0101kai, vienm\u0113r\u012bg\u0101kai un starojo\u0161\u0101kai. P\u0113c lieto\u0161anas \u0101da ir mitrin\u0101ta, nomierin\u0101ta un vizu\u0101li vesel\u012bg\u0101ka.<\/p>\n<p data-start=\"3865\" data-end=\"3897\"><strong data-start=\"3865\" data-end=\"3897\">Akt\u012bvo komponentu iedarb\u012bba:<\/strong><\/p>\n<ul data-start=\"3899\" data-end=\"4176\">\n<li data-section-id=\"1i1x93i\" data-start=\"3899\" data-end=\"3966\">\n<p data-start=\"3901\" data-end=\"3966\"><strong data-start=\"3901\" data-end=\"3918\">Hialuronsk\u0101be<\/strong>: intens\u012bvi mitrina un pal\u012bdz saglab\u0101t mitrumu<\/p>\n<\/li>\n<li data-section-id=\"szgb5n\" data-start=\"3967\" data-end=\"4031\">\n<p data-start=\"3969\" data-end=\"4031\"><strong data-start=\"3969\" data-end=\"3990\">Aloe Leaf Extract<\/strong>: nomierina \u0101du un samazina kairin\u0101jumu<\/p>\n<\/li>\n<li data-section-id=\"1ie6cl8\" data-start=\"4032\" data-end=\"4098\">\n<p data-start=\"4034\" data-end=\"4098\"><strong data-start=\"4034\" data-end=\"4056\">Japanese Green Tea<\/strong>: antioksidanta un nomierino\u0161a iedarb\u012bba<\/p>\n<\/li>\n<li data-section-id=\"1n4u7bz\" data-start=\"4099\" data-end=\"4176\">\n<p data-start=\"4101\" data-end=\"4176\"><strong data-start=\"4101\" data-end=\"4117\">Resveratrols<\/strong>: atbalsta \u0101das vesel\u012bbu un aizsarg\u0101 no \u0101r\u0113jiem faktoriem<\/p>\n<\/li>\n<\/ul>\n<p data-start=\"4178\" data-end=\"4289\"><strong data-start=\"4178\" data-end=\"4227\">Kam piem\u0113rots Hydra-Intensive Cooling Masque:<\/strong> visiem \u0101das tipiem, \u012bpa\u0161i sausai, jut\u012bgai un kairin\u0101tai \u0101dai.<\/p>\n<p data-start=\"4291\" data-end=\"4309\"><strong data-start=\"4291\" data-end=\"4303\">Tilpums:<\/strong> 120 g<\/p>\n<p data-start=\"4311\" data-end=\"4384\">\n","protected":false},"excerpt":{"rendered":"<p data-start=\"4386\" data-end=\"4401\">Mitrino\u0161a maska<\/p>\n<h2 data-start=\"4403\" data-end=\"4460\"><strong data-start=\"4403\" data-end=\"4460\">\u012apa\u0161\u012bbas IS CLINICAL &#8211; Hydra-Intensive Cooling Masque<\/strong><\/h2>\n<p data-start=\"4462\" data-end=\"4643\">\u2714\ufe0f Uzreiz mitrina un atsvaidzina \u0101du<br data-start=\"4498\" data-end=\"4501\" \/>\u2714\ufe0f Atdzes\u0113 un nomierina \u0101du<br data-start=\"4528\" data-end=\"4531\" \/>\u2714\ufe0f Samazina kairin\u0101jumu un aps\u0101rtumu<br data-start=\"4567\" data-end=\"4570\" \/>\u2714\ufe0f Padara \u0101du maig\u0101ku un elast\u012bg\u0101ku<br data-start=\"4605\" data-end=\"4608\" \/>\u2714\ufe0f Pie\u0161\u0137ir \u0101dai vesel\u012bgu mirdzumu<\/p>\n","protected":false},"featured_media":63364,"template":"","meta":[],"pwb-brand":[1179],"product_brand":[],"product_cat":[725,737,749,747],"product_tag":[],"giftcard-category":[],"class_list":{"0":"post-55646","1":"product","2":"type-product","3":"status-publish","4":"has-post-thumbnail","6":"pwb-brand-is-clinical-lv","7":"product_cat-maskas","8":"product_cat-mitrinasana","9":"product_cat-novecojosa-ada","10":"product_cat-taukainai-adai","12":"first","13":"instock","14":"taxable","15":"shipping-taxable","16":"purchasable","17":"product-type-simple"},"acf":[],"brands":[{"id":1179,"name":"IS CLINICAL","slug":"is-clinical-lv"}],"_links":{"self":[{"href":"https:\/\/skinstudio.ee\/lv\/wp-json\/wp\/v2\/product\/55646","targetHints":{"allow":["GET"]}}],"collection":[{"href":"https:\/\/skinstudio.ee\/lv\/wp-json\/wp\/v2\/product"}],"about":[{"href":"https:\/\/skinstudio.ee\/lv\/wp-json\/wp\/v2\/types\/product"}],"version-history":[{"count":2,"href":"https:\/\/skinstudio.ee\/lv\/wp-json\/wp\/v2\/product\/55646\/revisions"}],"predecessor-version":[{"id":86925,"href":"https:\/\/skinstudio.ee\/lv\/wp-json\/wp\/v2\/product\/55646\/revisions\/86925"}],"wp:featuredmedia":[{"embeddable":true,"href":"https:\/\/skinstudio.ee\/lv\/wp-json\/wp\/v2\/media\/63364"}],"wp:attachment":[{"href":"https:\/\/skinstudio.ee\/lv\/wp-json\/wp\/v2\/media?parent=55646"}],"wp:term":[{"taxonomy":"pwb-brand","embeddable":true,"href":"https:\/\/skinstudio.ee\/lv\/wp-json\/wp\/v2\/pwb-brand?post=55646"},{"taxonomy":"product_brand","embeddable":true,"href":"https:\/\/skinstudio.ee\/lv\/wp-json\/wp\/v2\/product_brand?post=55646"},{"taxonomy":"product_cat","embeddable":true,"href":"https:\/\/skinstudio.ee\/lv\/wp-json\/wp\/v2\/product_cat?post=55646"},{"taxonomy":"product_tag","embeddable":true,"href":"https:\/\/skinstudio.ee\/lv\/wp-json\/wp\/v2\/product_tag?post=55646"},{"taxonomy":"giftcard-category","embeddable":true,"href":"https:\/\/skinstudio.ee\/lv\/wp-json\/wp\/v2\/giftcard-category?post=55646"}],"curies":[{"name":"wp","href":"https:\/\/api.w.org\/{rel}","templated":true}]}}