{"id":55655,"date":"2023-05-24T17:56:34","date_gmt":"2023-05-24T17:56:34","guid":{"rendered":"https:\/\/skinstudio.ee\/?post_type=product&#038;p=55655"},"modified":"2026-03-19T11:53:43","modified_gmt":"2026-03-19T11:53:43","slug":"youth-lip-elixir","status":"publish","type":"product","link":"https:\/\/skinstudio.ee\/lv\/catalog\/is-clinical-lv\/youth-lip-elixir\/","title":{"rendered":"Youth Lip Elixir"},"content":{"rendered":"<p data-start=\"85\" data-end=\"359\"><strong data-start=\"85\" data-end=\"120\">Youth Lip Elixir no iS Clinical<\/strong> &#8211; ir grezns pretnoveco\u0161an\u0101s l\u016bpu eliks\u012brs, kas nodro\u0161ina intens\u012bvu mitrin\u0101\u0161anu, izl\u012bdzino\u0161u efektu un vizu\u0101lu apjoma palielin\u0101\u0161anu. Formula ir izstr\u0101d\u0101ta, lai atjaunotu l\u016bpu \u0101du, uzlabotu t\u0101s tekst\u016bru un aizsarg\u0101tu no \u0101r\u0113jiem faktoriem.<\/p>\n<p data-start=\"361\" data-end=\"585\">L\u012bdzeklis uzreiz m\u012bkstina l\u016bpas, nov\u0113r\u0161 sausuma saj\u016btu un padara t\u0101s glud\u0101kas un kopt\u0101kas. Regul\u0101ras lieto\u0161anas gad\u012bjum\u0101 l\u016bpas izskat\u0101s piln\u012bg\u0101kas, bl\u012bv\u0101kas un vizu\u0101li jaun\u0101kas, bet to virsma k\u013c\u016bst vienm\u0113r\u012bg\u0101ka un maig\u0101ka.<\/p>\n<p data-start=\"587\" data-end=\"929\">Inovat\u012bv\u0101 formula satur pept\u012bdus, ultra-piepildo\u0161as hialuronsk\u0101bes sf\u0113ras un augu ekstraktus, kas dzi\u013ci mitrina un pal\u012bdz palielin\u0101t l\u016bpu apjomu. Papildus antioksidantu komplekss (vitam\u012bni C, E un B5), \u0161\u012b sviests un kakao sviests pal\u012bdz aizsarg\u0101t un atjaunot l\u016bpu \u0101du. Extremozymes tehnolo\u0123ija pal\u012bdz aizsarg\u0101t no apk\u0101rt\u0113j\u0101s vides ietekmes.<\/p>\n<p data-start=\"931\" data-end=\"965\"><strong data-start=\"931\" data-end=\"963\">Akt\u012bvo sast\u0101vda\u013cu iedarb\u012bba:<\/strong><\/p>\n<ul data-start=\"966\" data-end=\"1259\">\n<li data-section-id=\"1b3bqd7\" data-start=\"966\" data-end=\"1042\">\n<p data-start=\"968\" data-end=\"1042\"><strong data-start=\"968\" data-end=\"984\">Extremozymes<\/strong>: pal\u012bdz aizsarg\u0101t l\u016bpu \u0101du no apk\u0101rt\u0113j\u0101s vides ietekmes<\/p>\n<\/li>\n<li data-section-id=\"1ozx8wx\" data-start=\"1043\" data-end=\"1116\">\n<p data-start=\"1045\" data-end=\"1116\"><strong data-start=\"1045\" data-end=\"1064\">Hyaluronic Acid<\/strong>: nodro\u0161ina intens\u012bvu mitrin\u0101\u0161anu un apjoma efektu<\/p>\n<\/li>\n<li data-section-id=\"a6w3ka\" data-start=\"1117\" data-end=\"1196\">\n<p data-start=\"1119\" data-end=\"1196\"><strong data-start=\"1119\" data-end=\"1132\">Vitamin C<\/strong>: pal\u012bdz aizsarg\u0101t no \u0101r\u0113jiem faktoriem un uzlabo l\u016bpu izskatu<\/p>\n<\/li>\n<li data-section-id=\"1q4h2hn\" data-start=\"1197\" data-end=\"1259\">\n<p data-start=\"1199\" data-end=\"1259\"><strong data-start=\"1199\" data-end=\"1212\">Vitamin E<\/strong>: baro un nodro\u0161ina antioksidantu aizsardz\u012bbu<\/p>\n<\/li>\n<\/ul>\n<p data-start=\"1261\" data-end=\"1375\"><strong data-start=\"1261\" data-end=\"1295\">Kam piem\u0113rots Youth Lip Elixir<\/strong>: visiem l\u016bpu tipiem, \u012bpa\u0161i sausuma, dehidrat\u0101cijas un apjoma zuduma gad\u012bjum\u0101.<\/p>\n<p data-start=\"1377\" data-end=\"1397\"><strong data-start=\"1377\" data-end=\"1395\">Tilpums: 3,5 g<\/strong><\/p>\n","protected":false},"excerpt":{"rendered":"<p data-start=\"1459\" data-end=\"1490\">Pretnoveco\u0161an\u0101s l\u016bpu eliks\u012brs<\/p>\n<h2 data-start=\"1492\" data-end=\"1535\"><strong data-start=\"1492\" data-end=\"1535\">\u012apa\u0161\u012bbas iS Clinical &#8211; Youth Lip Elixir<\/strong><\/h2>\n<p data-start=\"1537\" data-end=\"1747\">\u2714\ufe0f Intens\u012bvi mitrina un m\u012bkstina l\u016bpas<br data-start=\"1575\" data-end=\"1578\" \/>\u2714\ufe0f Izl\u012bdzina smalk\u0101s l\u012bnijas un palielina apjomu<br data-start=\"1626\" data-end=\"1629\" \/>\u2714\ufe0f Aizsarg\u0101 no sausuma un \u0101r\u0113jiem faktoriem<br data-start=\"1672\" data-end=\"1675\" \/>\u2714\ufe0f Baro un pal\u012bdz atjaunot l\u016bpu \u0101du<br data-start=\"1710\" data-end=\"1713\" \/>\u2714\ufe0f Padara l\u016bpas gludas un koptas<\/p>\n","protected":false},"featured_media":55656,"template":"","meta":[],"pwb-brand":[1179],"product_brand":[],"product_cat":[759,737,749,739],"product_tag":[],"giftcard-category":[],"class_list":{"0":"post-55655","1":"product","2":"type-product","3":"status-publish","4":"has-post-thumbnail","6":"pwb-brand-is-clinical-lv","7":"product_cat-lupu-kopsana","8":"product_cat-mitrinasana","9":"product_cat-novecojosa-ada","10":"product_cat-sausai-adai","12":"first","13":"instock","14":"taxable","15":"shipping-taxable","16":"purchasable","17":"product-type-simple"},"acf":[],"brands":[{"id":1179,"name":"IS CLINICAL","slug":"is-clinical-lv"}],"_links":{"self":[{"href":"https:\/\/skinstudio.ee\/lv\/wp-json\/wp\/v2\/product\/55655","targetHints":{"allow":["GET"]}}],"collection":[{"href":"https:\/\/skinstudio.ee\/lv\/wp-json\/wp\/v2\/product"}],"about":[{"href":"https:\/\/skinstudio.ee\/lv\/wp-json\/wp\/v2\/types\/product"}],"version-history":[{"count":1,"href":"https:\/\/skinstudio.ee\/lv\/wp-json\/wp\/v2\/product\/55655\/revisions"}],"predecessor-version":[{"id":86907,"href":"https:\/\/skinstudio.ee\/lv\/wp-json\/wp\/v2\/product\/55655\/revisions\/86907"}],"wp:featuredmedia":[{"embeddable":true,"href":"https:\/\/skinstudio.ee\/lv\/wp-json\/wp\/v2\/media\/55656"}],"wp:attachment":[{"href":"https:\/\/skinstudio.ee\/lv\/wp-json\/wp\/v2\/media?parent=55655"}],"wp:term":[{"taxonomy":"pwb-brand","embeddable":true,"href":"https:\/\/skinstudio.ee\/lv\/wp-json\/wp\/v2\/pwb-brand?post=55655"},{"taxonomy":"product_brand","embeddable":true,"href":"https:\/\/skinstudio.ee\/lv\/wp-json\/wp\/v2\/product_brand?post=55655"},{"taxonomy":"product_cat","embeddable":true,"href":"https:\/\/skinstudio.ee\/lv\/wp-json\/wp\/v2\/product_cat?post=55655"},{"taxonomy":"product_tag","embeddable":true,"href":"https:\/\/skinstudio.ee\/lv\/wp-json\/wp\/v2\/product_tag?post=55655"},{"taxonomy":"giftcard-category","embeddable":true,"href":"https:\/\/skinstudio.ee\/lv\/wp-json\/wp\/v2\/giftcard-category?post=55655"}],"curies":[{"name":"wp","href":"https:\/\/api.w.org\/{rel}","templated":true}]}}