{"id":55661,"date":"2023-05-24T17:56:34","date_gmt":"2023-05-24T17:56:34","guid":{"rendered":"https:\/\/skinstudio.ee\/?post_type=product&#038;p=55661"},"modified":"2026-03-19T12:27:14","modified_gmt":"2026-03-19T12:27:14","slug":"body-complex","status":"publish","type":"product","link":"https:\/\/skinstudio.ee\/lv\/catalog\/is-clinical\/body-complex\/","title":{"rendered":"Body Complex"},"content":{"rendered":"<p data-start=\"99\" data-end=\"359\"><strong data-start=\"99\" data-end=\"130\">Body Complex no iS Clinical<\/strong> ir mitrino\u0161s \u0137erme\u0146a kr\u0113ms ar atjaunojo\u0161u iedarb\u012bbu, kas pal\u012bdz uzlabot \u0101das st\u0101vokli un saglab\u0101t t\u0101s komfortu. Formula apvieno mitrino\u0161as sast\u0101vda\u013cas un antioksidantus, kas pal\u012bdz uztur\u0113t \u0101das maigumu, gludumu un koptu izskatu.<\/p>\n<p data-start=\"361\" data-end=\"547\">Kr\u0113ms pal\u012bdz samazin\u0101t sausumu, padara \u0101du maig\u0101ku un elast\u012bg\u0101ku, k\u0101 ar\u012b veicina vienm\u0113r\u012bg\u0101ku \u0101das tekst\u016bru. Regul\u0101ri lietojot, \u0101da izskat\u0101s glud\u0101ka, l\u012bdzsvarot\u0101ka un vizu\u0101li vesel\u012bg\u0101ka.<\/p>\n<p data-start=\"549\" data-end=\"722\">Produkts \u0101tri ies\u016bcas, neatst\u0101j taukainu sp\u012bdumu un lip\u012bguma saj\u016btu, nodro\u0161inot komfortu visas dienas garum\u0101. Piem\u0113rots ikdienas lieto\u0161anai, ar\u012b jut\u012bgai un \u013coti sausai \u0101dai.<\/p>\n<p data-start=\"724\" data-end=\"756\"><strong data-start=\"724\" data-end=\"756\">Akt\u012bvo komponentu iedarb\u012bba:<\/strong><\/p>\n<ul data-start=\"758\" data-end=\"1027\">\n<li data-section-id=\"1i1x93i\" data-start=\"758\" data-end=\"825\">\n<p data-start=\"760\" data-end=\"825\"><strong data-start=\"760\" data-end=\"777\">Hialuronsk\u0101be<\/strong>: intens\u012bvi mitrina un pal\u012bdz saglab\u0101t mitrumu<\/p>\n<\/li>\n<li data-section-id=\"6n7mtn\" data-start=\"826\" data-end=\"895\">\n<p data-start=\"828\" data-end=\"895\"><strong data-start=\"828\" data-end=\"849\">Aloe Leaf Extract<\/strong>: nomierina \u0101du un atbalsta t\u0101s atjauno\u0161anos<\/p>\n<\/li>\n<li data-section-id=\"qvs6nr\" data-start=\"896\" data-end=\"964\">\n<p data-start=\"898\" data-end=\"964\"><strong data-start=\"898\" data-end=\"919\">Mixed Fruit Acids<\/strong>: maigi eksfoli\u0113 un izl\u012bdzina \u0101das tekst\u016bru<\/p>\n<\/li>\n<li data-section-id=\"1ye9jzv\" data-start=\"965\" data-end=\"1027\">\n<p data-start=\"967\" data-end=\"1027\"><strong data-start=\"967\" data-end=\"988\">White Willow Bark<\/strong>: att\u012bra un veicina \u0101das atjauno\u0161anos<\/p>\n<\/li>\n<\/ul>\n<p data-start=\"1029\" data-end=\"1121\"><strong data-start=\"1029\" data-end=\"1060\">Kam piem\u0113rots Body Complex:<\/strong> visiem \u0101das tipiem, tostarp sausai, jut\u012bgai un boj\u0101tai \u0101dai.<\/p>\n<p data-start=\"1123\" data-end=\"1141\"><strong data-start=\"1123\" data-end=\"1135\">Tilpums:<\/strong> 180 g<\/p>\n","protected":false},"excerpt":{"rendered":"<p data-start=\"1286\" data-end=\"1299\">\u0136erme\u0146a kr\u0113ms<\/p>\n<h2 data-start=\"1301\" data-end=\"1340\"><strong data-start=\"1301\" data-end=\"1340\">\u012apa\u0161\u012bbas IS CLINICAL &#8211; Body Complex<\/strong><\/h2>\n<p data-start=\"1342\" data-end=\"1532\">\u2714\ufe0f Uzreiz mitrina un m\u012bkstina \u0101du<br data-start=\"1375\" data-end=\"1378\" \/>\u2714\ufe0f Padara \u0101du glud\u0101ku un elast\u012bg\u0101ku<br data-start=\"1413\" data-end=\"1416\" \/>\u2714\ufe0f Atbalsta aizsardz\u012bbu pret \u0101r\u0113jiem faktoriem<br data-start=\"1462\" data-end=\"1465\" \/>\u2714\ufe0f Nomierina un mazina diskomfortu<br data-start=\"1499\" data-end=\"1502\" \/>\u2714\ufe0f \u0100tri ies\u016bcas bez lip\u012bguma<\/p>\n","protected":false},"featured_media":55662,"template":"","meta":[],"pwb-brand":[1179],"product_brand":[],"product_cat":[757,737],"product_tag":[],"giftcard-category":[],"class_list":{"0":"post-55661","1":"product","2":"type-product","3":"status-publish","4":"has-post-thumbnail","6":"pwb-brand-is-clinical","7":"product_cat-kermena-kopsana","8":"product_cat-mitrinasana","10":"first","11":"instock","12":"taxable","13":"shipping-taxable","14":"purchasable","15":"product-type-simple"},"acf":[],"brands":[{"id":1179,"name":"IS CLINICAL","slug":"is-clinical"}],"_links":{"self":[{"href":"https:\/\/skinstudio.ee\/lv\/wp-json\/wp\/v2\/product\/55661","targetHints":{"allow":["GET"]}}],"collection":[{"href":"https:\/\/skinstudio.ee\/lv\/wp-json\/wp\/v2\/product"}],"about":[{"href":"https:\/\/skinstudio.ee\/lv\/wp-json\/wp\/v2\/types\/product"}],"version-history":[{"count":1,"href":"https:\/\/skinstudio.ee\/lv\/wp-json\/wp\/v2\/product\/55661\/revisions"}],"predecessor-version":[{"id":86930,"href":"https:\/\/skinstudio.ee\/lv\/wp-json\/wp\/v2\/product\/55661\/revisions\/86930"}],"wp:featuredmedia":[{"embeddable":true,"href":"https:\/\/skinstudio.ee\/lv\/wp-json\/wp\/v2\/media\/55662"}],"wp:attachment":[{"href":"https:\/\/skinstudio.ee\/lv\/wp-json\/wp\/v2\/media?parent=55661"}],"wp:term":[{"taxonomy":"pwb-brand","embeddable":true,"href":"https:\/\/skinstudio.ee\/lv\/wp-json\/wp\/v2\/pwb-brand?post=55661"},{"taxonomy":"product_brand","embeddable":true,"href":"https:\/\/skinstudio.ee\/lv\/wp-json\/wp\/v2\/product_brand?post=55661"},{"taxonomy":"product_cat","embeddable":true,"href":"https:\/\/skinstudio.ee\/lv\/wp-json\/wp\/v2\/product_cat?post=55661"},{"taxonomy":"product_tag","embeddable":true,"href":"https:\/\/skinstudio.ee\/lv\/wp-json\/wp\/v2\/product_tag?post=55661"},{"taxonomy":"giftcard-category","embeddable":true,"href":"https:\/\/skinstudio.ee\/lv\/wp-json\/wp\/v2\/giftcard-category?post=55661"}],"curies":[{"name":"wp","href":"https:\/\/api.w.org\/{rel}","templated":true}]}}