{"id":55667,"date":"2023-05-24T17:56:34","date_gmt":"2023-05-24T17:56:34","guid":{"rendered":"https:\/\/skinstudio.ee\/?post_type=product&#038;p=55667"},"modified":"2026-03-19T11:50:20","modified_gmt":"2026-03-19T11:50:20","slug":"youth-complex","status":"publish","type":"product","link":"https:\/\/skinstudio.ee\/lv\/catalog\/is-clinical-lv\/youth-complex\/","title":{"rendered":"Youth Complex"},"content":{"rendered":"<p data-start=\"87\" data-end=\"372\"><strong data-start=\"87\" data-end=\"119\">Youth Complex no iS Clinical<\/strong> &#8211; ir atjaunojo\u0161s sejas kr\u0113ms, kas paredz\u0113ts grumbu izl\u012bdzin\u0101\u0161anai, \u0101das tekst\u016bras uzlabo\u0161anai un elast\u012bbas atjauno\u0161anai. Formula darbojas vair\u0101kos virzienos vienlaikus, nodro\u0161inot gan t\u016bl\u012bt\u0113ju vizu\u0101lo efektu, gan kumulat\u012bvu pretnoveco\u0161an\u0101s rezult\u0101tu.<\/p>\n<p data-start=\"374\" data-end=\"627\">Kr\u0113ms pal\u012bdz \u0101tri aizpild\u012bt grumbas un izl\u012bdzin\u0101t \u0101das reljefu, padarot to vienm\u0113r\u012bg\u0101ku un kopt\u0101ku jau p\u0113c pirmaj\u0101m lieto\u0161anas reiz\u0113m. Regul\u0101ras lieto\u0161anas gad\u012bjum\u0101 l\u012bdzeklis veicina \u0101das atjauno\u0161anos, uzlabo tekst\u016bru un padara \u0101das toni vienm\u0113r\u012bg\u0101ku.<\/p>\n<p data-start=\"629\" data-end=\"840\">Formula nodro\u0161ina kontrol\u0113tu eksfoli\u0101ciju, stimul\u0113 kolag\u0113na un elast\u012bna veido\u0161anos, k\u0101 ar\u012b uztur optim\u0101lu mitruma l\u012bmeni. \u0100da k\u013c\u016bst bl\u012bv\u0101ka, elast\u012bg\u0101ka un vizu\u0101li jaun\u0101ka, ieg\u016bstot svaigu un starojo\u0161u izskatu.<\/p>\n<p data-start=\"842\" data-end=\"876\"><strong data-start=\"842\" data-end=\"874\">Akt\u012bvo sast\u0101vda\u013cu iedarb\u012bba:<\/strong><\/p>\n<ul data-start=\"877\" data-end=\"1213\">\n<li data-section-id=\"1o8gm8f\" data-start=\"877\" data-end=\"970\">\n<p data-start=\"879\" data-end=\"970\"><strong data-start=\"879\" data-end=\"917\">Tripeptide-1 (Copper Tripeptide-1)<\/strong>: pal\u012bdz samazin\u0101t grumbas un uzlabot \u0101das elast\u012bbu<\/p>\n<\/li>\n<li data-section-id=\"tfmryx\" data-start=\"971\" data-end=\"1058\">\n<p data-start=\"973\" data-end=\"1058\"><strong data-start=\"973\" data-end=\"992\">Hyaluronic Acid<\/strong>: nodro\u0161ina intens\u012bvu mitrin\u0101\u0161anu un pal\u012bdz saglab\u0101t mitrumu \u0101d\u0101<\/p>\n<\/li>\n<li data-section-id=\"7mcqu3\" data-start=\"1059\" data-end=\"1148\">\n<p data-start=\"1061\" data-end=\"1148\"><strong data-start=\"1061\" data-end=\"1082\">Mixed Fruit Acids<\/strong>: nodro\u0161ina maigu atjauno\u0161anu un pal\u012bdz izl\u012bdzin\u0101t \u0101das tekst\u016bru<\/p>\n<\/li>\n<li data-section-id=\"dhntxg\" data-start=\"1149\" data-end=\"1213\">\n<p data-start=\"1151\" data-end=\"1213\"><strong data-start=\"1151\" data-end=\"1172\">White Willow Bark<\/strong>: pal\u012bdz eksfoli\u0113t \u0101du un att\u012br\u012bt poras<\/p>\n<\/li>\n<\/ul>\n<p data-start=\"1215\" data-end=\"1335\"><strong data-start=\"1215\" data-end=\"1246\">Kam piem\u0113rots Youth Complex<\/strong>: visiem \u0101das tipiem, tostarp nobriedu\u0161ai \u0101dai un \u0101dai ar redzam\u0101m noveco\u0161an\u0101s paz\u012bm\u0113m.<\/p>\n<p data-start=\"1337\" data-end=\"1356\"><strong data-start=\"1337\" data-end=\"1354\">Tilpums: 30 g<\/strong><\/p>\n","protected":false},"excerpt":{"rendered":"<p data-start=\"1450\" data-end=\"1475\">Atjaunojo\u0161s sejas kr\u0113ms<\/p>\n<h2 data-start=\"1477\" data-end=\"1517\"><strong data-start=\"1477\" data-end=\"1517\">\u012apa\u0161\u012bbas iS Clinical &#8211; Youth Complex<\/strong><\/h2>\n<p data-start=\"1519\" data-end=\"1734\">\u2714\ufe0f Uzreiz izl\u012bdzina \u0101du un samazina grumbas<br data-start=\"1562\" data-end=\"1565\" \/>\u2714\ufe0f Stimul\u0113 kolag\u0113na un elast\u012bna veido\u0161anos<br data-start=\"1607\" data-end=\"1610\" \/>\u2714\ufe0f Dzi\u013ci mitrina un uzlabo \u0101das tekst\u016bru<br data-start=\"1650\" data-end=\"1653\" \/>\u2714\ufe0f Nodro\u0161ina izteiktu pretnoveco\u0161an\u0101s efektu<br data-start=\"1697\" data-end=\"1700\" \/>\u2714\ufe0f Padara \u0101du glud\u0101ku un kopt\u0101ku<\/p>\n","protected":false},"featured_media":55669,"template":"","meta":[],"pwb-brand":[1179],"product_brand":[],"product_cat":[745,737,749,751,739],"product_tag":[],"giftcard-category":[],"class_list":{"0":"post-55667","1":"product","2":"type-product","3":"status-publish","4":"has-post-thumbnail","6":"pwb-brand-is-clinical-lv","7":"product_cat-jutigai-adai","8":"product_cat-mitrinasana","9":"product_cat-novecojosa-ada","10":"product_cat-pigmentacija-lv","11":"product_cat-sausai-adai","13":"first","14":"instock","15":"taxable","16":"shipping-taxable","17":"purchasable","18":"product-type-simple"},"acf":[],"brands":[{"id":1179,"name":"IS CLINICAL","slug":"is-clinical-lv"}],"_links":{"self":[{"href":"https:\/\/skinstudio.ee\/lv\/wp-json\/wp\/v2\/product\/55667","targetHints":{"allow":["GET"]}}],"collection":[{"href":"https:\/\/skinstudio.ee\/lv\/wp-json\/wp\/v2\/product"}],"about":[{"href":"https:\/\/skinstudio.ee\/lv\/wp-json\/wp\/v2\/types\/product"}],"version-history":[{"count":1,"href":"https:\/\/skinstudio.ee\/lv\/wp-json\/wp\/v2\/product\/55667\/revisions"}],"predecessor-version":[{"id":86901,"href":"https:\/\/skinstudio.ee\/lv\/wp-json\/wp\/v2\/product\/55667\/revisions\/86901"}],"wp:featuredmedia":[{"embeddable":true,"href":"https:\/\/skinstudio.ee\/lv\/wp-json\/wp\/v2\/media\/55669"}],"wp:attachment":[{"href":"https:\/\/skinstudio.ee\/lv\/wp-json\/wp\/v2\/media?parent=55667"}],"wp:term":[{"taxonomy":"pwb-brand","embeddable":true,"href":"https:\/\/skinstudio.ee\/lv\/wp-json\/wp\/v2\/pwb-brand?post=55667"},{"taxonomy":"product_brand","embeddable":true,"href":"https:\/\/skinstudio.ee\/lv\/wp-json\/wp\/v2\/product_brand?post=55667"},{"taxonomy":"product_cat","embeddable":true,"href":"https:\/\/skinstudio.ee\/lv\/wp-json\/wp\/v2\/product_cat?post=55667"},{"taxonomy":"product_tag","embeddable":true,"href":"https:\/\/skinstudio.ee\/lv\/wp-json\/wp\/v2\/product_tag?post=55667"},{"taxonomy":"giftcard-category","embeddable":true,"href":"https:\/\/skinstudio.ee\/lv\/wp-json\/wp\/v2\/giftcard-category?post=55667"}],"curies":[{"name":"wp","href":"https:\/\/api.w.org\/{rel}","templated":true}]}}